{"id":26838,"date":"2020-03-07T01:13:26","date_gmt":"2020-03-07T01:13:26","guid":{"rendered":"https:\/\/www.tatanka.nl\/?post_type=product&#038;p=26838"},"modified":"2025-05-20T09:57:17","modified_gmt":"2025-05-20T08:57:17","slug":"paisley-weed-card-grinder","status":"publish","type":"product","link":"https:\/\/www.tatanka.nl\/es\/paisley-weed-card-grinder\/","title":{"rendered":"Paisley Weed \u2013 Card Grinder"},"content":{"rendered":"","protected":false},"excerpt":{"rendered":"<p>Paisley, Escocia, patr\u00f3n de dise\u00f1o o tolerancia Smoking Paisley Weed es un s\u00edmbolo de libertad. Moler su material de fumar sobre la marcha con esta tarjeta de Paisley Weed amoladora.<\/p>","protected":false},"featured_media":26849,"template":"","meta":[],"product_brand":[],"product_cat":[503,297,489,488],"product_tag":[],"class_list":{"0":"post-26838","1":"product","2":"type-product","3":"status-publish","4":"has-post-thumbnail","6":"product_cat-card-grinders","7":"product_cat-all-products","8":"product_cat-grinders","9":"product_cat-headshop","10":"product_shipping_class-creditcard-on","12":"first","13":"instock","14":"taxable","15":"shipping-taxable","16":"purchasable","17":"product-type-simple"},"_links":{"self":[{"href":"https:\/\/www.tatanka.nl\/es\/wp-json\/wp\/v2\/product\/26838","targetHints":{"allow":["GET"]}}],"collection":[{"href":"https:\/\/www.tatanka.nl\/es\/wp-json\/wp\/v2\/product"}],"about":[{"href":"https:\/\/www.tatanka.nl\/es\/wp-json\/wp\/v2\/types\/product"}],"wp:featuredmedia":[{"embeddable":true,"href":"https:\/\/www.tatanka.nl\/es\/wp-json\/wp\/v2\/media\/26849"}],"wp:attachment":[{"href":"https:\/\/www.tatanka.nl\/es\/wp-json\/wp\/v2\/media?parent=26838"}],"wp:term":[{"taxonomy":"product_brand","embeddable":true,"href":"https:\/\/www.tatanka.nl\/es\/wp-json\/wp\/v2\/product_brand?post=26838"},{"taxonomy":"product_cat","embeddable":true,"href":"https:\/\/www.tatanka.nl\/es\/wp-json\/wp\/v2\/product_cat?post=26838"},{"taxonomy":"product_tag","embeddable":true,"href":"https:\/\/www.tatanka.nl\/es\/wp-json\/wp\/v2\/product_tag?post=26838"}],"curies":[{"name":"wp","href":"https:\/\/api.w.org\/{rel}","templated":true}]}}