{"id":31652,"date":"2017-10-09T13:49:20","date_gmt":"2017-10-09T11:49:20","guid":{"rendered":"https:\/\/www.tatanka.nl\/?post_type=product&#038;p=31652"},"modified":"2025-12-28T00:48:37","modified_gmt":"2025-12-27T23:48:37","slug":"hawaiian-copelandia-magic-mushroom-grow-kit","status":"publish","type":"product","link":"https:\/\/www.tatanka.nl\/es\/hawaiian-copelandia-magic-mushroom-grow-kit\/","title":{"rendered":"Hawaiian Kit de cultivo de setas m\u00e1gicas Copelandia"},"content":{"rendered":"<h2>\u00bfQu\u00e9 son los Hawaiian Magic Mushrooms?<\/h2>\n<p>La Hawaiian Magic Mushrooms, conocida cient\u00edficamente como Copelandia Cyanescens, es una variedad rara y potente apreciada por sus intensos efectos visuales y su experiencia duradera. A pesar de su peque\u00f1o tama\u00f1o, estas setas son muy potentes, lo que las convierte en las favoritas de los cultivadores experimentados. El kit de cultivo Hawaiian Magic Mushroom simplifica el proceso de cultivo, ya que contiene todo lo necesario para cultivar setas de alta calidad en casa, incluido un kit de cultivo, una bolsa de cultivo filtrada, bandejas de tierra y un clip. Con los cuidados adecuados, como mantener la temperatura y la humedad \u00f3ptimas, los usuarios pueden cosechar hasta 100 gramos de setas a trav\u00e9s de m\u00faltiples brotes. Estos hongos son delicados y requieren una manipulaci\u00f3n cuidadosa y un entorno limpio para desarrollarse. Sus propiedades \u00fanicas y su exigente proceso de cultivo las convierten en una tarea gratificante para los cultivadores dedicados. Tanto si eres un cultivador experimentado como un principiante aventurero, el kit de cultivo de setas m\u00e1gicas Hawaiian te ofrece una oportunidad apasionante de explorar las maravillas de la naturaleza y producir un rendimiento notable de estas extraordinarias setas con unos requisitos de dosificaci\u00f3n m\u00ednimos.<\/p>\n<h2>Historia del Hawaiian Magic Mushrooms<\/h2>\n<p>La historia de la Hawaiian Magic Mushrooms est\u00e1 impregnada de misticismo y tiene su origen en los paisajes tropicales de Hawai. Conocidas como Copelandia Cyanescens, estas setas han sido veneradas durante siglos por las culturas ind\u00edgenas por sus propiedades espirituales y psicoactivas. A diferencia de las variedades Cubensis m\u00e1s comunes, las Hawaiian Magic Mushrooms son m\u00e1s dif\u00edciles de cultivar, lo que les ha valido la reputaci\u00f3n de ser el \"santo grial\" de las setas m\u00e1gicas. Su peque\u00f1a estatura oculta su potencia, con efectos v\u00edvidos y prolongados. Hist\u00f3ricamente, estas setas se utilizaban en pr\u00e1cticas ceremoniales para inducir estados alterados de conciencia, fomentando la introspecci\u00f3n profunda y la conexi\u00f3n con la naturaleza. El moderno Hawaiian Magic Mushroom Growkit pone esta antigua tradici\u00f3n en manos de los cultivadores caseros, combinando compuestos naturales consagrados con una tecnolog\u00eda f\u00e1cil de usar. Los avances en micolog\u00eda han hecho posible cultivar estos escurridizos hongos en casa, aunque su sensibilidad exige precisi\u00f3n y cuidado. Hoy en d\u00eda, siguen siendo un s\u00edmbolo de la maravilla natural, ofreciendo un puente entre las pr\u00e1cticas antiguas y la exploraci\u00f3n contempor\u00e1nea, cautivando a aquellos que buscan desbloquear sus profundos efectos a trav\u00e9s de un cultivo cuidadoso.<\/p>\n<h2>C\u00f3mo utilizar el Hawaiian Magic Mushrooms<\/h2>\n<p>Cultivar Hawaiian Magic Mushrooms con el kit de cultivo es un proceso sencillo pero meticuloso que recompensa la atenci\u00f3n a los detalles. Empieza por lavarte bien las manos para garantizar un entorno est\u00e9ril. Abre el kit, esparce uniformemente la tierra suministrada y roc\u00eda la capa superior hasta que est\u00e9 muy h\u00fameda. Coloca el kit dentro de la bolsa de cultivo filtrada, roc\u00eda el interior de la bolsa y suj\u00e9tala con el clip, asegur\u00e1ndote de que haya suficiente ox\u00edgeno. El mantenimiento diario es fundamental: vaporiza el kit para mantenerlo h\u00famedo y renueva el ox\u00edgeno apretando la bolsa. Transcurridos entre 6 y 11 d\u00edas, se formar\u00e1n setas; en este momento, saque el kit de la bolsa, humedezca s\u00f3lo el interior de la bolsa y devuelva el kit. Recoja las setas 36 horas despu\u00e9s de que aparezcan las esporas negras, normalmente 5-7 d\u00edas despu\u00e9s de que comience el crecimiento, rompi\u00e9ndolas suavemente por la base. Para iniciar un nuevo brote, repita el proceso desde el paso de la nebulizaci\u00f3n. La sensibilidad del Hawaiian Magic Mushroom Growkit requiere humedad constante y aire fresco, lo que lo distingue de otros kits de cultivo. Con paciencia, puedes conseguir m\u00faltiples cosechas, liberando todo el potencial de estas extraordinarias setas.<\/p>\n<h2>Ingredientes del Hawaiian Magic Mushrooms<\/h2>\n<p>El Hawaiian Magic Mushroom Growkit est\u00e1 dise\u00f1ado para la simplicidad, que contiene todos los componentes esenciales para cultivar Copelandia Cyanescens. El kit incluye un kit de cultivo ya preparado con un sustrato optimizado para el crecimiento de las setas, dos bandejas de tierra para favorecer el desarrollo, una bolsa de cultivo filtrada para mantener los niveles de humedad y ox\u00edgeno, y un clip para sujetar la bolsa. Las setas contienen psilocibina, un compuesto natural que se convierte en psilocina en el organismo, responsable de sus efectos alucin\u00f3genos. Estos compuestos interact\u00faan con los receptores de serotonina del cerebro, influyendo en el estado de \u00e1nimo, la percepci\u00f3n y la cognici\u00f3n. El growkit s\u00f3lo requiere agua y un cuidadoso mantenimiento para prosperar, sin necesidad de ingredientes adicionales. El sustrato est\u00e1 formulado para proporcionar los nutrientes y el entorno ideales para la delicada Hawaiian Magic Mushrooms, que es m\u00e1s sensible que otras variedades. Este dise\u00f1o todo en uno elimina la necesidad de equipos complejos, lo que hace que el cultivo sea accesible a la vez que se hace hincapi\u00e9 en la limpieza y la precisi\u00f3n. Mediante el control de la temperatura, la humedad y el ox\u00edgeno, los cultivadores pueden maximizar los rendimientos, produciendo setas potentes conocidas por sus fuertes efectos visuales y requisitos m\u00ednimos de dosificaci\u00f3n, todo ello a partir de los componentes cuidadosamente seleccionados del kit de cultivo de setas Hawaiian Magic.<\/p>\n<p><strong>Advertencia Informaci\u00f3n de seguridad<\/strong><\/p>\n<p>Hawaiian Magic Mushrooms contienen psilocibina y psilocina, alucin\u00f3genos naturales que pueden inducir estados alterados de conciencia y alucinaciones v\u00edvidas. Estas sustancias afectan al sistema de serotonina del cerebro, influyendo en las emociones, el sue\u00f1o y la percepci\u00f3n. Debido a sus propiedades psicoactivas, manip\u00falelas y cons\u00famalas siempre con precauci\u00f3n. Guarde las setas y el kit de cultivo fuera del alcance de los ni\u00f1os para evitar su ingesti\u00f3n accidental. Mantenga un entorno limpio al manipular el kit para evitar la contaminaci\u00f3n, y refrigere el growkit para preservar su vida \u00fatil de 6 semanas. Fuera de la refrigeraci\u00f3n, su viabilidad es limitada, as\u00ed que planifique en consecuencia para garantizar el \u00e9xito del cultivo.<\/p>","protected":false},"excerpt":{"rendered":"<p>Este kit de cultivo todo en uno contiene todo lo que necesitas para cultivar tus propias setas Hawaiian Copelandia Cyanescens. S\u00f3lo tienes que a\u00f1adir agua y seguir las instrucciones, \u00a1y las setas brotar\u00e1n! El kit de cultivo todo en uno contiene el kit de cultivo, una bolsa de cultivo con filtros de aire y dos clips.<\/p>","protected":false},"featured_media":31654,"template":"","meta":[],"product_brand":[],"product_cat":[539,297,595,513,515,476,593],"product_tag":[662],"class_list":{"0":"post-31652","1":"product","2":"type-product","3":"status-publish","4":"has-post-thumbnail","6":"product_cat-magic-mushroom-grow-kits","7":"product_cat-all-products","8":"product_cat-mcsmart","9":"product_cat-party","10":"product_cat-shroomshop","11":"product_cat-smartshop","12":"product_cat-strongest-magic-mushroom-grow-kits","13":"product_tag-shrdeal","14":"product_shipping_class-creditcard-off","16":"first","17":"instock","18":"taxable","19":"shipping-taxable","20":"purchasable","21":"product-type-variable","22":"has-default-attributes"},"_links":{"self":[{"href":"https:\/\/www.tatanka.nl\/es\/wp-json\/wp\/v2\/product\/31652","targetHints":{"allow":["GET"]}}],"collection":[{"href":"https:\/\/www.tatanka.nl\/es\/wp-json\/wp\/v2\/product"}],"about":[{"href":"https:\/\/www.tatanka.nl\/es\/wp-json\/wp\/v2\/types\/product"}],"wp:featuredmedia":[{"embeddable":true,"href":"https:\/\/www.tatanka.nl\/es\/wp-json\/wp\/v2\/media\/31654"}],"wp:attachment":[{"href":"https:\/\/www.tatanka.nl\/es\/wp-json\/wp\/v2\/media?parent=31652"}],"wp:term":[{"taxonomy":"product_brand","embeddable":true,"href":"https:\/\/www.tatanka.nl\/es\/wp-json\/wp\/v2\/product_brand?post=31652"},{"taxonomy":"product_cat","embeddable":true,"href":"https:\/\/www.tatanka.nl\/es\/wp-json\/wp\/v2\/product_cat?post=31652"},{"taxonomy":"product_tag","embeddable":true,"href":"https:\/\/www.tatanka.nl\/es\/wp-json\/wp\/v2\/product_tag?post=31652"}],"curies":[{"name":"wp","href":"https:\/\/api.w.org\/{rel}","templated":true}]}}