{"id":32635,"date":"2022-09-13T15:43:37","date_gmt":"2022-09-13T13:43:37","guid":{"rendered":"https:\/\/www.tatanka.nl\/?post_type=product&#038;p=32635"},"modified":"2025-10-31T10:01:25","modified_gmt":"2025-10-31T09:01:25","slug":"reishi-extract-capsules","status":"publish","type":"product","link":"https:\/\/www.tatanka.nl\/es\/reishi-extract-capsules\/","title":{"rendered":"Reishi extract Capsules"},"content":{"rendered":"<h2 data-pm-slice=\"1 1 []\">\u00bfQu\u00e9 es el hongo Reishi?<\/h2>\n<p>El hongo Reishi (Ganoderma Lucidum) es una seta de color marr\u00f3n rojizo que crece en troncos de \u00e1rboles en descomposici\u00f3n, principalmente robles y hayas. Este hongo ha sido un alimento b\u00e1sico en la medicina tradicional china durante m\u00e1s de 2000 a\u00f1os, donde se conoce como Lingzhi, que significa \"hongo de la inmortalidad\". El Reishi es muy apreciado por sus posibles beneficios para la salud y sus propiedades adapt\u00f3genas, que ayudan al organismo a hacer frente al estr\u00e9s. A diferencia de las setas comunes, el Reishi tiene una textura dura y le\u00f1osa, por lo que no es apto para el consumo directo. En cambio, suele procesarse en extractos, polvos o c\u00e1psulas para aprovechar sus compuestos beneficiosos, como polisac\u00e1ridos y betaglucanos.<\/p>\n<h2>Historia del Reishi<\/h2>\n<p>El hongo reishi tiene una rica historia que se remonta a miles de a\u00f1os. Los antiguos textos chinos se refieren a \u00e9l como s\u00edmbolo de longevidad, potencia espiritual y salud. Los emperadores y las familias nobles apreciaban el hongo por su capacidad para aumentar la vitalidad y promover la longevidad. En la medicina tradicional china, el hongo Reishi se utilizaba para favorecer el bienestar general, fortalecer el sistema inmunol\u00f3gico y equilibrar la energ\u00eda corporal, tambi\u00e9n conocida como Qi. A lo largo de los siglos, su popularidad se extendi\u00f3 a otras partes de Asia, como Jap\u00f3n y Corea, donde se convirti\u00f3 en una parte fundamental de la fitoterapia. Hoy en d\u00eda, la ciencia moderna sigue explorando los beneficios potenciales del Reishi, convirti\u00e9ndolo en un suplemento popular en todo el mundo.<\/p>\n<h2>C\u00f3mo utilizar el hongo reishi<\/h2>\n<p>El hongo Reishi est\u00e1 disponible en diversas formas, como polvos, t\u00e9s y c\u00e1psulas. Nuestras c\u00e1psulas de Reishi est\u00e1n dise\u00f1adas para un consumo f\u00e1cil y una absorci\u00f3n \u00f3ptima. La dosis recomendada es de dos c\u00e1psulas al d\u00eda, tomadas con las comidas y agua. El uso constante es clave para experimentar todos sus beneficios. La mejor forma de incorporar el hongo Reishi a una rutina diaria de bienestar, junto con una dieta equilibrada y un estilo de vida saludable. Algunos usuarios afirman sentir sus efectos en pocas semanas, mientras que otros pueden necesitar m\u00e1s tiempo para notar las mejoras. El hongo reishi se utiliza habitualmente para reforzar el sistema inmunitario, reducir el estr\u00e9s y promover la relajaci\u00f3n. Como con cualquier suplemento, es esencial seguir la dosis recomendada y consultar a un profesional de la salud si se padecen enfermedades subyacentes.<\/p>\n<h2>Ingredientes del Reishi Capsules<\/h2>\n<p>Cada c\u00e1psula apta para veganos contiene 400 mg de extracto org\u00e1nico de Reishi (Ganoderma Lucidum) derivado de cuerpos fruct\u00edferos 100%. Este extracto de espectro completo se obtiene mediante la extracci\u00f3n de agua y etanol para maximizar sus compuestos beneficiosos. El extracto contiene 30% polisac\u00e1ridos y betaglucanos, conocidos por sus propiedades de apoyo inmunol\u00f3gico. Adem\u00e1s, la f\u00f3rmula incluye vitamina C y zinc, que contribuyen a la salud del sistema inmunitario y del metabolismo energ\u00e9tico. Otros ingredientes son el citrato de magnesio y el di\u00f3xido de silicio, que contribuyen a la absorci\u00f3n y estabilidad del suplemento. Nuestras c\u00e1psulas de Reishi cumplen las normas de calidad m\u00e1s estrictas y no contienen aditivos artificiales, por lo que son aptas para veganos y personas preocupadas por su salud.<\/p>\n<p><strong>Advertencia:<\/strong><br \/>\nReishi por McMyco es un suplemento diet\u00e9tico y debe utilizarse en consecuencia. No exceda la dosis diaria recomendada. Mantenga el producto fuera del alcance de los ni\u00f1os. Consulte a su m\u00e9dico antes de utilizarlo, especialmente si est\u00e1 embarazada, en per\u00edodo de lactancia o padece alguna enfermedad.<\/p>","protected":false},"excerpt":{"rendered":"<p data-pm-slice=\"1 1 []\">Descubra el poder del Reishi, tambi\u00e9n conocido como el hongo de la inmortalidad. Este potente suplemento, enriquecido con vitamina C y zinc, refuerza su sistema inmunitario y favorece el bienestar general. Un impulso natural para su metabolismo energ\u00e9tico y vitalidad.<\/p>","protected":false},"featured_media":134872,"template":"","meta":[],"product_brand":[],"product_cat":[596,297,512,475,481,521,523,533,515,476,487,486],"product_tag":[662],"class_list":{"0":"post-32635","1":"product","2":"type-product","3":"status-publish","4":"has-post-thumbnail","6":"product_cat-mcmyco","7":"product_cat-all-products","8":"product_cat-extracts","9":"product_cat-healthshop","10":"product_cat-healthshop-top-10","11":"product_cat-medicinal-mushrooms","12":"product_cat-medicinal-mushrooms-supplements","13":"product_cat-recovery","14":"product_cat-shroomshop","15":"product_cat-smartshop","16":"product_cat-sport","17":"product_cat-superfoods","18":"product_tag-shrdeal","19":"product_shipping_class-creditcard-on","21":"first","22":"instock","23":"taxable","24":"shipping-taxable","25":"purchasable","26":"product-type-variable","27":"has-default-attributes"},"_links":{"self":[{"href":"https:\/\/www.tatanka.nl\/es\/wp-json\/wp\/v2\/product\/32635","targetHints":{"allow":["GET"]}}],"collection":[{"href":"https:\/\/www.tatanka.nl\/es\/wp-json\/wp\/v2\/product"}],"about":[{"href":"https:\/\/www.tatanka.nl\/es\/wp-json\/wp\/v2\/types\/product"}],"wp:featuredmedia":[{"embeddable":true,"href":"https:\/\/www.tatanka.nl\/es\/wp-json\/wp\/v2\/media\/134872"}],"wp:attachment":[{"href":"https:\/\/www.tatanka.nl\/es\/wp-json\/wp\/v2\/media?parent=32635"}],"wp:term":[{"taxonomy":"product_brand","embeddable":true,"href":"https:\/\/www.tatanka.nl\/es\/wp-json\/wp\/v2\/product_brand?post=32635"},{"taxonomy":"product_cat","embeddable":true,"href":"https:\/\/www.tatanka.nl\/es\/wp-json\/wp\/v2\/product_cat?post=32635"},{"taxonomy":"product_tag","embeddable":true,"href":"https:\/\/www.tatanka.nl\/es\/wp-json\/wp\/v2\/product_tag?post=32635"}],"curies":[{"name":"wp","href":"https:\/\/api.w.org\/{rel}","templated":true}]}}