{"id":32638,"date":"2022-09-13T15:50:16","date_gmt":"2022-09-13T13:50:16","guid":{"rendered":"https:\/\/www.tatanka.nl\/?post_type=product&#038;p=32638"},"modified":"2025-10-31T10:01:04","modified_gmt":"2025-10-31T09:01:04","slug":"chaga-extract-capsules","status":"publish","type":"product","link":"https:\/\/www.tatanka.nl\/es\/chaga-extract-capsules\/","title":{"rendered":"Chaga extract Capsules"},"content":{"rendered":"<h2 data-pm-slice=\"1 1 []\">\u00bfQu\u00e9 es el Chaga?<\/h2>\n<p>El chaga (Inonotus obliquus) es un hongo medicinal que crece en climas fr\u00edos del hemisferio norte. Crece principalmente en los abedules y se presenta en forma de un crecimiento negro parecido al carb\u00f3n vegetal. A pesar de su exterior rugoso, el interior revela un rico tono anaranjado. Debido a sus notables propiedades, en Rusia se suele llamar al Chaga \"el oro negro\".<\/p>\n<p>Este hongo \u00fanico se ha valorado tradicionalmente por sus cualidades beneficiosas para la salud. El chaga est\u00e1 repleto de compuestos beneficiosos, como polisac\u00e1ridos, betulina, \u00e1cido betul\u00ednico y esteroles. Nuestras c\u00e1psulas de Chaga contienen un extracto de espectro completo de alta calidad derivado del cuerpo fruct\u00edfero del hongo para garantizar una eficacia \u00f3ptima.<\/p>\n<h2>Historia del Chaga<\/h2>\n<p>El uso de Chaga se remonta a siglos atr\u00e1s, sobre todo en la medicina popular siberiana y rusa. Los ind\u00edgenas de Siberia preparaban t\u00e9 de Chaga para mejorar la resistencia y la salud en general. En la medicina tradicional china, se utilizaba como adapt\u00f3geno para ayudar al organismo a controlar el estr\u00e9s y la fatiga.<\/p>\n<p>La investigaci\u00f3n moderna ha descubierto los componentes bioactivos del Chaga, reforzando su papel en el bienestar hol\u00edstico. Este hongo sigue siendo un popular remedio natural para quienes buscan apoyo inmunol\u00f3gico y propiedades antioxidantes. Con una alta concentraci\u00f3n de polisac\u00e1ridos, betulina y \u00e1cido betul\u00ednico, el Chaga est\u00e1 considerado como uno de los hongos funcionales m\u00e1s potentes de la naturaleza.<\/p>\n<h2>C\u00f3mo utilizar Chaga<\/h2>\n<p>Incorporar Chaga a su rutina diaria es sencillo y eficaz. Cada c\u00e1psula contiene 400 mg de extracto de Chaga org\u00e1nico de primera calidad, enriquecido con Vitamina C y Zinc para beneficios adicionales.<\/p>\n<p>La dosis recomendada es de dos c\u00e1psulas al d\u00eda, tomadas con las comidas y agua. Para obtener los mejores resultados, la clave es la constancia. El chaga tambi\u00e9n puede combinarse con otros hongos medicinales para un enfoque m\u00e1s completo del bienestar. Estas c\u00e1psulas son aptas para veganos, f\u00e1ciles de tomar y adecuadas para el uso diario.<\/p>\n<h2>Ingredientes de Chaga Capsules<\/h2>\n<p>Cada c\u00e1psula vegana est\u00e1 formulada con 400 mg de extracto org\u00e1nico de Chaga, procedente exclusivamente del cuerpo fruct\u00edfero (esclerocios) del hongo. El extracto de espectro completo se obtiene mediante una combinaci\u00f3n de extracci\u00f3n de agua y etanol para maximizar la biodisponibilidad de sus compuestos beneficiosos.<\/p>\n<p>La f\u00f3rmula est\u00e1 enriquecida adem\u00e1s con Vitamina C y Zinc, ambos conocidos por sus propiedades de refuerzo inmunitario. La vitamina C desempe\u00f1a un papel crucial en el metabolismo energ\u00e9tico, mientras que el zinc contribuye a la salud del sistema inmunitario y a la vitalidad general. Los ingredientes adicionales incluyen citrato de magnesio y di\u00f3xido de silicio para la estabilidad de la c\u00e1psula.<\/p>\n<p><strong>Advertencia:<\/strong> Chaga por McMyco es un suplemento diet\u00e9tico y debe utilizarse en consecuencia. Mantener fuera del alcance de los ni\u00f1os. Consulte a un profesional de la salud antes de tomar este producto si est\u00e1 embarazada, en per\u00edodo de lactancia o padece alguna enfermedad subyacente. No exceda la dosis diaria recomendada.<\/p>","protected":false},"excerpt":{"rendered":"<p data-pm-slice=\"1 1 []\">Experimente el poder de la naturaleza con Chaga, un potente hongo conocido por sus propiedades de refuerzo inmunol\u00f3gico. Enriquecidas con vitamina C y zinc, estas c\u00e1psulas aptas para veganos contribuyen al bienestar y la vitalidad general.<\/p>","protected":false},"featured_media":134869,"template":"","meta":[],"product_brand":[],"product_cat":[596,297,512,475,521,523,533,515,476,487,486],"product_tag":[662],"class_list":{"0":"post-32638","1":"product","2":"type-product","3":"status-publish","4":"has-post-thumbnail","6":"product_cat-mcmyco","7":"product_cat-all-products","8":"product_cat-extracts","9":"product_cat-healthshop","10":"product_cat-medicinal-mushrooms","11":"product_cat-medicinal-mushrooms-supplements","12":"product_cat-recovery","13":"product_cat-shroomshop","14":"product_cat-smartshop","15":"product_cat-sport","16":"product_cat-superfoods","17":"product_tag-shrdeal","18":"product_shipping_class-creditcard-on","20":"first","21":"instock","22":"taxable","23":"shipping-taxable","24":"purchasable","25":"product-type-variable","26":"has-default-attributes"},"_links":{"self":[{"href":"https:\/\/www.tatanka.nl\/es\/wp-json\/wp\/v2\/product\/32638","targetHints":{"allow":["GET"]}}],"collection":[{"href":"https:\/\/www.tatanka.nl\/es\/wp-json\/wp\/v2\/product"}],"about":[{"href":"https:\/\/www.tatanka.nl\/es\/wp-json\/wp\/v2\/types\/product"}],"wp:featuredmedia":[{"embeddable":true,"href":"https:\/\/www.tatanka.nl\/es\/wp-json\/wp\/v2\/media\/134869"}],"wp:attachment":[{"href":"https:\/\/www.tatanka.nl\/es\/wp-json\/wp\/v2\/media?parent=32638"}],"wp:term":[{"taxonomy":"product_brand","embeddable":true,"href":"https:\/\/www.tatanka.nl\/es\/wp-json\/wp\/v2\/product_brand?post=32638"},{"taxonomy":"product_cat","embeddable":true,"href":"https:\/\/www.tatanka.nl\/es\/wp-json\/wp\/v2\/product_cat?post=32638"},{"taxonomy":"product_tag","embeddable":true,"href":"https:\/\/www.tatanka.nl\/es\/wp-json\/wp\/v2\/product_tag?post=32638"}],"curies":[{"name":"wp","href":"https:\/\/api.w.org\/{rel}","templated":true}]}}