{"id":32640,"date":"2022-09-13T15:50:18","date_gmt":"2022-09-13T13:50:18","guid":{"rendered":"https:\/\/www.tatanka.nl\/?post_type=product&#038;p=32640"},"modified":"2026-01-20T14:50:28","modified_gmt":"2026-01-20T13:50:28","slug":"lions-mane-extract-capsules","status":"publish","type":"product","link":"https:\/\/www.tatanka.nl\/es\/lions-mane-extract-capsules\/","title":{"rendered":"Lion\u2019s Mane extract Capsules"},"content":{"rendered":"<h2 data-pm-slice=\"1 1 []\">\u00bfQu\u00e9 es Lion\u2019s Mane?<\/h2>\n<p>El Lion\u2019s Mane (Hericium Erinaceus) es un hongo caracter\u00edstico con un aspecto blanco y desgre\u00f1ado que recuerda a la melena de un le\u00f3n. Este fascinante hongo tambi\u00e9n se conoce como Sacerdote de la Monta\u00f1a Japonesa, Cabeza de Mono o Pruikzwam en holand\u00e9s. En la medicina tradicional china, se le conoce como Hou Tou Gu y ha sido valorado durante siglos por sus potenciales propiedades para potenciar el cerebro.<\/p>\n<p>Al hongo Lion\u2019s Mane se le suele llamar \"Nutriente natural para las neuronas\" por sus beneficios para la funci\u00f3n cognitiva. Se utiliza com\u00fanmente para apoyar la claridad mental y el enfoque, por lo que es popular entre los que practican la microdosificaci\u00f3n. Nuestras c\u00e1psulas de Lion\u2019s Mane contienen un potente extracto de espectro completo, derivado del cuerpo fruct\u00edfero del hongo, asegurando la m\u00e1s alta calidad y eficacia.<\/p>\n<h2>Historia del Lion\u2019s Mane<\/h2>\n<p>El uso del Lion\u2019s Mane se remonta a miles de a\u00f1os, sobre todo en la medicina tradicional asi\u00e1tica. Los antiguos monjes chinos y japoneses consum\u00edan t\u00e9 de Lion\u2019s Mane para mejorar la concentraci\u00f3n durante la meditaci\u00f3n y para mejorar su salud general. Este hongo tambi\u00e9n era apreciado por los emperadores por sus posibles beneficios cognitivos.<\/p>\n<p>La ciencia moderna ha empezado a explorar las propiedades del Lion\u2019s Mane, descubriendo su rica composici\u00f3n de compuestos bioactivos, incluidos polisac\u00e1ridos y betaglucanos. Hoy en d\u00eda, el Lion\u2019s Mane se utiliza ampliamente en la industria del bienestar, sobre todo entre las personas que buscan formas naturales de mejorar la funci\u00f3n cognitiva y el bienestar mental.<\/p>\n<h2>C\u00f3mo utilizar Lion\u2019s Mane<\/h2>\n<p>Incorporar Lion\u2019s Mane a su rutina diaria es sencillo y eficaz. Cada c\u00e1psula contiene 400 mg de extracto de Lion\u2019s Mane org\u00e1nico de alta calidad, combinado con Vitamina C y Zinc para beneficios adicionales.<\/p>\n<p>La dosis recomendada es de dos c\u00e1psulas al d\u00eda, tomadas con las comidas y agua. La constancia es la clave, por lo que un uso regular puede proporcionar los mejores resultados. El Lion\u2019s Mane tambi\u00e9n puede combinarse con otros hongos medicinales para un enfoque m\u00e1s completo del bienestar. Estas c\u00e1psulas son aptas para veganos y f\u00e1ciles de tragar, lo que las convierte en un excelente complemento para cualquier estilo de vida.<\/p>\n<h2>Ingredientes de Lion\u2019s Mane Capsules<\/h2>\n<p>Cada c\u00e1psula vegana est\u00e1 formulada con 400 mg de extracto org\u00e1nico de Lion\u2019s Mane, derivado exclusivamente del cuerpo fruct\u00edfero del hongo. Para garantizar una absorci\u00f3n y eficacia \u00f3ptimas, el extracto se obtiene mediante una combinaci\u00f3n de extracci\u00f3n de agua y etanol, preservando sus compuestos beneficiosos.<\/p>\n<p>La f\u00f3rmula est\u00e1 reforzada con Vitamina C y Zinc. La vitamina C contribuye a la funci\u00f3n cognitiva normal, mientras que el zinc favorece la claridad mental y la concentraci\u00f3n. Los ingredientes adicionales incluyen citrato de magnesio y di\u00f3xido de silicio para mantener la estabilidad y calidad de la c\u00e1psula.<\/p>\n<p><strong>Advertencia:<\/strong> Lion\u2019s Mane por McMyco es un suplemento diet\u00e9tico y debe utilizarse en consecuencia. No superar la dosis diaria recomendada. Mantener fuera del alcance de los ni\u00f1os. Consulte a un profesional de la salud antes de usar si est\u00e1 embarazada, amamantando o tiene condiciones de salud subyacentes.<\/p>","protected":false},"excerpt":{"rendered":"<p data-pm-slice=\"1 1 []\">Descubra el poder de la naturaleza con Lion\u2019s Mane, un hongo extraordinario conocido por su aspecto \u00fanico y sus potenciales beneficios cognitivos. Enriquecidas con vitamina C y zinc, estas c\u00e1psulas aptas para veganos favorecen la memoria, la concentraci\u00f3n y la claridad mental en general.<\/p>","protected":false},"featured_media":134865,"template":"","meta":[],"product_brand":[],"product_cat":[596,297,512,475,481,521,523,533,515,476,514,487,486],"product_tag":[723],"class_list":{"0":"post-32640","1":"product","2":"type-product","3":"status-publish","4":"has-post-thumbnail","6":"product_cat-mcmyco","7":"product_cat-all-products","8":"product_cat-extracts","9":"product_cat-healthshop","10":"product_cat-healthshop-top-10","11":"product_cat-medicinal-mushrooms","12":"product_cat-medicinal-mushrooms-supplements","13":"product_cat-recovery","14":"product_cat-shroomshop","15":"product_cat-smartshop","16":"product_cat-smartshop-top-10","17":"product_cat-sport","18":"product_cat-superfoods","19":"product_tag-triple-deal","20":"product_shipping_class-creditcard-on","22":"first","23":"instock","24":"taxable","25":"shipping-taxable","26":"purchasable","27":"product-type-variable","28":"has-default-attributes"},"_links":{"self":[{"href":"https:\/\/www.tatanka.nl\/es\/wp-json\/wp\/v2\/product\/32640","targetHints":{"allow":["GET"]}}],"collection":[{"href":"https:\/\/www.tatanka.nl\/es\/wp-json\/wp\/v2\/product"}],"about":[{"href":"https:\/\/www.tatanka.nl\/es\/wp-json\/wp\/v2\/types\/product"}],"wp:featuredmedia":[{"embeddable":true,"href":"https:\/\/www.tatanka.nl\/es\/wp-json\/wp\/v2\/media\/134865"}],"wp:attachment":[{"href":"https:\/\/www.tatanka.nl\/es\/wp-json\/wp\/v2\/media?parent=32640"}],"wp:term":[{"taxonomy":"product_brand","embeddable":true,"href":"https:\/\/www.tatanka.nl\/es\/wp-json\/wp\/v2\/product_brand?post=32640"},{"taxonomy":"product_cat","embeddable":true,"href":"https:\/\/www.tatanka.nl\/es\/wp-json\/wp\/v2\/product_cat?post=32640"},{"taxonomy":"product_tag","embeddable":true,"href":"https:\/\/www.tatanka.nl\/es\/wp-json\/wp\/v2\/product_tag?post=32640"}],"curies":[{"name":"wp","href":"https:\/\/api.w.org\/{rel}","templated":true}]}}