{"id":32699,"date":"2021-08-04T12:34:51","date_gmt":"2021-08-04T10:34:51","guid":{"rendered":"https:\/\/www.tatanka.nl\/?post_type=product&#038;p=32699"},"modified":"2025-05-20T09:21:42","modified_gmt":"2025-05-20T08:21:42","slug":"hempcare-sleep-10-cbd-oil-30ml","status":"publish","type":"product","link":"https:\/\/www.tatanka.nl\/es\/hempcare-sleep-10-cbd-oil-30ml\/","title":{"rendered":"HempCare Sleep 10% CBD y 10% CBG Aceite 30ml"},"content":{"rendered":"<h2 data-start=\"0\" data-end=\"30\">\u00bfQu\u00e9 es HempCare CBD Sleep?<\/h2>\n<p data-start=\"32\" data-end=\"705\">HempCare CBD Sleep es un aceite de CBD de espectro completo mejorado con una mezcla cuidadosamente seleccionada de terpenos dise\u00f1ados para favorecer un mejor sue\u00f1o. Contiene compuestos naturales de la planta del c\u00e1\u00f1amo, como el cannabidiol (CBD) y el cannabigerol (CBG), conocidos por sus efectos relajantes y calmantes. El producto act\u00faa interactuando con el sistema endocannabinoide del cuerpo para restablecer el equilibrio y promover un ciclo de sue\u00f1o saludable. A diferencia de otros somn\u00edferos, HempCare CBD Sleep ofrece una soluci\u00f3n suave y no adictiva para mejorar el sue\u00f1o. Si tiene problemas para conciliar el sue\u00f1o, permanecer dormido o despertarse sinti\u00e9ndose descansado, este producto puede ayudarle a conseguir un sue\u00f1o m\u00e1s profundo y reparador.<\/p>\n<h2 data-start=\"707\" data-end=\"739\">Historia de HempCare CBD Sleep<\/h2>\n<p data-start=\"741\" data-end=\"1620\">HempCare CBD Sleep tiene su origen en la creciente popularidad del cannabidiol (CBD) como suplemento para el bienestar. El CBD, derivado de la planta del c\u00e1\u00f1amo, es conocido desde hace tiempo por su potencial terap\u00e9utico. En los \u00faltimos a\u00f1os, el CBD ha ganado reconocimiento por su capacidad para promover la relajaci\u00f3n y mejorar el sue\u00f1o. Con nuevas investigaciones, el descubrimiento del CBG (Cannabigerol) ampli\u00f3 los beneficios del CBD, especialmente para favorecer un sue\u00f1o m\u00e1s profundo. El producto CBD Sleep de HempCare combina estos dos potentes cannabinoides junto con otros terpenos para crear una soluci\u00f3n eficaz para quienes tienen dificultades para dormir. Este suplemento natural forma parte de una tendencia creciente a utilizar alternativas hol\u00edsticas, basadas en plantas, a los medicamentos y ayudas tradicionales para dormir. HempCare se ha forjado una reputaci\u00f3n por fabricar productos de c\u00e1\u00f1amo de alta calidad y espectro completo utilizando pr\u00e1cticas sostenibles que satisfacen una amplia gama de necesidades de salud.<\/p>\n<h2 data-start=\"1622\" data-end=\"1654\">C\u00f3mo utilizar HempCare CBD Sleep<\/h2>\n<p data-start=\"1656\" data-end=\"2322\">Utilizar HempCare CBD Sleep es sencillo y eficaz. Agite bien el frasco antes de usarlo y coloque de 1 a 5 gotas del aceite bajo la lengua dos veces al d\u00eda. El aceite est\u00e1 formulado para ser de acci\u00f3n r\u00e1pida, lo que permite una r\u00e1pida absorci\u00f3n en el torrente sangu\u00edneo para obtener los m\u00e1ximos beneficios. Para obtener resultados \u00f3ptimos, tome las gotas de forma constante a lo largo del tiempo. Algunos usuarios pueden experimentar efectos calmantes en pocos d\u00edas, mientras que otros pueden tardar m\u00e1s en notar los beneficios. Dado que la dosis ideal var\u00eda de una persona a otra, se recomienda empezar con una dosis m\u00e1s baja y ajustarla seg\u00fan sea necesario. Cada frasco contiene un m\u00ednimo de 600 gotas, que pueden durar bastante tiempo seg\u00fan la dosis diaria.<\/p>\n<h2 data-start=\"2324\" data-end=\"2360\">Ingredientes de HempCare CBD Sleep<\/h2>\n<p data-start=\"2362\" data-end=\"3218\">HempCare CBD Sleep contiene una mezcla de ingredientes naturales que trabajan juntos para promover un mejor sue\u00f1o. Los ingredientes clave incluyen aceite de semilla de c\u00e1\u00f1amo, extracto de c\u00e1\u00f1amo, cannabidiol (CBD) y cannabigerol (CBG), conocidos por sus efectos calmantes sobre el cuerpo y la mente. Adem\u00e1s, el aceite est\u00e1 enriquecido con terpenos como mirceno, beta-cariofileno, limoneno, linalol, alfa-pineno, humuleno y terpinoleno. Estos terpenos no s\u00f3lo contribuyen al perfil arom\u00e1tico del producto, sino que tambi\u00e9n potencian sus efectos terap\u00e9uticos. Por ejemplo, el mirceno es conocido por sus propiedades sedantes, mientras que el limoneno puede ayudar a reducir el estr\u00e9s. Juntos, estos ingredientes act\u00faan sin\u00e9rgicamente para favorecer la relajaci\u00f3n, reducir la ansiedad y promover un sue\u00f1o m\u00e1s profundo y reparador. HempCare asegura que s\u00f3lo se utilizan ingredientes de la m\u00e1s alta calidad para garantizar su pureza y potencia.<\/p>\n<p><strong>Advertencia<\/strong><\/p>\n<p data-start=\"3232\" data-end=\"3581\">No superar la dosis m\u00e1xima recomendada de 32 gotas al d\u00eda. Este producto no debe utilizarse durante el embarazo o la lactancia. Consulte a su m\u00e9dico o farmac\u00e9utico antes de utilizar este producto si est\u00e1 tomando medicamentos. Este suplemento no debe utilizarse como sustituto de una dieta variada. Conservar en lugar fresco y oscuro, fuera del alcance de los ni\u00f1os.<\/p>\n<p data-start=\"3583\" data-end=\"3772\" data-is-last-node=\"\">Siguiendo la dosis adecuada y utilizando HempCare CBD Sleep de forma constante, los usuarios pueden experimentar mejoras notables en la calidad de su sue\u00f1o, despert\u00e1ndose sinti\u00e9ndose m\u00e1s renovados y restaurados.<\/p>","protected":false},"excerpt":{"rendered":"<p>Muchas personas que tienen problemas para conciliar el sue\u00f1o utilizan el cannabidiol (CBD), un producto natural puro y de espectro completo, que contiene todas las sustancias importantes de la planta del c\u00e1\u00f1amo.<br \/>\nLos estudios demuestran que el CBD puede ser eficaz para aliviar el dolor y la ansiedad, dos cosas que nos quitan el sue\u00f1o. Pero sigue siendo dif\u00edcil encontrar el CBD adecuado. Muchas empresas y organizaciones ofrecen productos de CBD y elegir una marca puede resultar abrumador. \u00a1No busque m\u00e1s!<\/p>","protected":false},"featured_media":126606,"template":"","meta":[],"product_brand":[],"product_cat":[601,297,485,371,483],"product_tag":[],"class_list":{"0":"post-32699","1":"product","2":"type-product","3":"status-publish","4":"has-post-thumbnail","6":"product_cat-hempcare","7":"product_cat-all-products","8":"product_cat-cbd-oils","9":"product_cat-cbd-top-10","10":"product_cat-cbdshop","12":"first","13":"instock","14":"taxable","15":"shipping-taxable","16":"purchasable","17":"product-type-variable"},"_links":{"self":[{"href":"https:\/\/www.tatanka.nl\/es\/wp-json\/wp\/v2\/product\/32699","targetHints":{"allow":["GET"]}}],"collection":[{"href":"https:\/\/www.tatanka.nl\/es\/wp-json\/wp\/v2\/product"}],"about":[{"href":"https:\/\/www.tatanka.nl\/es\/wp-json\/wp\/v2\/types\/product"}],"wp:featuredmedia":[{"embeddable":true,"href":"https:\/\/www.tatanka.nl\/es\/wp-json\/wp\/v2\/media\/126606"}],"wp:attachment":[{"href":"https:\/\/www.tatanka.nl\/es\/wp-json\/wp\/v2\/media?parent=32699"}],"wp:term":[{"taxonomy":"product_brand","embeddable":true,"href":"https:\/\/www.tatanka.nl\/es\/wp-json\/wp\/v2\/product_brand?post=32699"},{"taxonomy":"product_cat","embeddable":true,"href":"https:\/\/www.tatanka.nl\/es\/wp-json\/wp\/v2\/product_cat?post=32699"},{"taxonomy":"product_tag","embeddable":true,"href":"https:\/\/www.tatanka.nl\/es\/wp-json\/wp\/v2\/product_tag?post=32699"}],"curies":[{"name":"wp","href":"https:\/\/api.w.org\/{rel}","templated":true}]}}