{"id":32755,"date":"2021-08-05T14:30:04","date_gmt":"2021-08-05T12:30:04","guid":{"rendered":"https:\/\/www.tatanka.nl\/?post_type=product&#038;p=32755"},"modified":"2025-05-20T09:21:37","modified_gmt":"2025-05-20T08:21:37","slug":"hempcare-sport-10-cbd-oil-30ml","status":"publish","type":"product","link":"https:\/\/www.tatanka.nl\/es\/hempcare-sport-10-cbd-oil-30ml\/","title":{"rendered":"HempCare Sport 10% Aceite de CBD 30ml"},"content":{"rendered":"<h2 data-start=\"0\" data-end=\"30\">\u00bfQu\u00e9 es Hempcare CBD Sport?<\/h2>\n<p data-start=\"32\" data-end=\"315\">Hempcare CBD Sport es un producto 100% natural de CBD de espectro completo dise\u00f1ado espec\u00edficamente para atletas que buscan un apoyo \u00f3ptimo para el rendimiento y la recuperaci\u00f3n. Este producto contiene todos los compuestos esenciales de la planta de c\u00e1\u00f1amo, incluyendo cannabidiol (CBD), terpenos, vitaminas y prote\u00ednas.<\/p>\n<p data-start=\"317\" data-end=\"766\">Lo que diferencia al Hempcare CBD Sport es su mezcla \u00fanica de terpenos espec\u00edficos que aportan beneficios adicionales al organismo. Los terpenos son compuestos naturales que se encuentran en las plantas y que contribuyen al aroma, color y sabor, y tienen propiedades bioactivas. Las investigaciones han demostrado que estos terpenos, combinados con el CBD, ayudan a acelerar la recuperaci\u00f3n muscular, reducir la inflamaci\u00f3n y mejorar la calidad del sue\u00f1o. Hempcare CBD Sport es una valiosa herramienta para atletas de todos los niveles.<\/p>\n<h2 data-start=\"768\" data-end=\"800\">Historia del Hempcare CBD Sport<\/h2>\n<p data-start=\"802\" data-end=\"1085\">El CBD se ha utilizado durante siglos por sus beneficios medicinales y terap\u00e9uticos. La planta del c\u00e1\u00f1amo, de la que se deriva el CBD, es uno de los cultivos m\u00e1s antiguos del mundo. En las \u00faltimas d\u00e9cadas, los estudios cient\u00edficos han respaldado cada vez m\u00e1s los efectos positivos del CBD para los deportistas.<\/p>\n<p data-start=\"1087\" data-end=\"1518\">En colaboraci\u00f3n con atletas e investigadores, Hempcare ha desarrollado una f\u00f3rmula especial que satisface las necesidades espec\u00edficas de los entusiastas del deporte. Al incorporar terpenos seleccionados, Hempcare CBD Sport sirve no s\u00f3lo como una herramienta eficaz para la recuperaci\u00f3n muscular y el alivio del dolor, sino tambi\u00e9n como un producto que ayuda a la relajaci\u00f3n y la concentraci\u00f3n mental. Este innovador suplemento se ha ganado el reconocimiento de la industria del deporte por su eficacia.<\/p>\n<h2 data-start=\"1520\" data-end=\"1552\">C\u00f3mo utilizar Hempcare CBD Sport<\/h2>\n<p data-start=\"1554\" data-end=\"1833\">Para obtener resultados \u00f3ptimos, se recomienda tomar Hempcare CBD Sport dos veces al d\u00eda. Agitar bien el frasco antes de usar y colocar de 1 a 5 gotas bajo la lengua. Deje que el aceite se absorba durante unos segundos antes de tragarlo para garantizar una absorci\u00f3n r\u00e1pida y eficaz de los compuestos activos.<\/p>\n<p data-start=\"1835\" data-end=\"2190\">Cada frasco contiene al menos 600 gotas, lo que permite un uso prolongado. La dosis exacta puede variar en funci\u00f3n de las necesidades individuales, la intensidad del entrenamiento y los efectos deseados. Se recomienda empezar con una dosis baja e ir aument\u00e1ndola gradualmente hasta conseguir el resultado deseado. Si tiene alguna duda sobre la dosis o el uso, se aconseja consultar a un especialista.<\/p>\n<h2 data-start=\"2192\" data-end=\"2228\">Ingredientes de Hempcare CBD Sport<\/h2>\n<p data-start=\"2230\" data-end=\"2366\">Hempcare CBD Sport contiene \u00fanicamente ingredientes naturales y cuidadosamente seleccionados para garantizar la m\u00e1xima eficacia. Los componentes clave incluyen:<\/p>\n<ul data-start=\"2368\" data-end=\"2974\">\n<li data-start=\"2368\" data-end=\"2458\"><strong data-start=\"2370\" data-end=\"2387\">Aceite de semillas de c\u00e1\u00f1amo<\/strong> - Una rica fuente de \u00e1cidos grasos esenciales que mejora la absorci\u00f3n del CBD.<\/li>\n<li data-start=\"2459\" data-end=\"2550\"><strong data-start=\"2461\" data-end=\"2483\">Extracto de c\u00e1\u00f1amo (CBD)<\/strong> - Favorece la recuperaci\u00f3n muscular, reduce el dolor y favorece la relajaci\u00f3n.<\/li>\n<li data-start=\"2551\" data-end=\"2611\"><strong data-start=\"2553\" data-end=\"2564\">Mirceno<\/strong> - Un terpeno con propiedades antiinflamatorias.<\/li>\n<li data-start=\"2612\" data-end=\"2689\"><strong data-start=\"2614\" data-end=\"2636\">Beta-Cariofileno<\/strong> - Ayuda a aliviar el dolor y refuerza el sistema inmunitario.<\/li>\n<li data-start=\"2690\" data-end=\"2778\"><strong data-start=\"2692\" data-end=\"2706\">Eucaliptol<\/strong> - Ofrece un efecto refrescante y favorece una funci\u00f3n respiratoria saludable.<\/li>\n<li data-start=\"2779\" data-end=\"2842\"><strong data-start=\"2781\" data-end=\"2793\">Linalool<\/strong> - Conocido por sus propiedades calmantes y relajantes.<\/li>\n<li data-start=\"2843\" data-end=\"2896\"><strong data-start=\"2845\" data-end=\"2857\">A-Pineno<\/strong> - Mejora la concentraci\u00f3n mental y el estado de alerta.<\/li>\n<li data-start=\"2897\" data-end=\"2974\"><strong data-start=\"2899\" data-end=\"2911\">Humuleno<\/strong> - Contribuye a equilibrar la respuesta inflamatoria del organismo.<\/li>\n<\/ul>\n<p data-start=\"2976\" data-end=\"3134\">Esta potente combinaci\u00f3n de CBD y terpenos hace de Hempcare CBD Sport un excelente suplemento para atletas que buscan optimizar tanto su rendimiento como su recuperaci\u00f3n.<\/p>\n<p data-start=\"3136\" data-end=\"3146\"><strong>Advertencia<\/strong><\/p>\n<p data-start=\"3148\" data-end=\"3487\" data-is-last-node=\"\">No superar la dosis m\u00e1xima recomendada de 32 gotas al d\u00eda. Este producto no es adecuado para mujeres embarazadas o en per\u00edodo de lactancia. Consulte a su m\u00e9dico o farmac\u00e9utico si est\u00e1 tomando medicamentos. Este complemento alimenticio no sustituye a una dieta variada. Conserve el producto en un lugar oscuro, a temperatura ambiente y fuera del alcance de los ni\u00f1os.<\/p>","protected":false},"excerpt":{"rendered":"<p>Atletas y personas activas de distintos niveles utilizan el CBD para mejorar su rendimiento. Al mismo tiempo, cada vez m\u00e1s atletas descubren que el CBD les ayuda de muchas maneras. El CBD reduce el dolor y la inflamaci\u00f3n, el CBD mejora el sue\u00f1o y la concentraci\u00f3n, y el CBD restablece el equilibrio en el cuerpo. Por eso hempcare ha desarrollado un producto de CBD enriquecido especialmente para atletas: CBD Sport. Este CBD de espectro completo se complementa con terpenos espec\u00edficos del entorno del CBD para que el CBD Sport de hempcare funcione de forma \u00f3ptima para los atletas.<\/p>","protected":false},"featured_media":126612,"template":"","meta":[],"product_brand":[],"product_cat":[601,297,485,371,483,487],"product_tag":[],"class_list":{"0":"post-32755","1":"product","2":"type-product","3":"status-publish","4":"has-post-thumbnail","6":"product_cat-hempcare","7":"product_cat-all-products","8":"product_cat-cbd-oils","9":"product_cat-cbd-top-10","10":"product_cat-cbdshop","11":"product_cat-sport","13":"first","14":"instock","15":"taxable","16":"shipping-taxable","17":"purchasable","18":"product-type-variable"},"_links":{"self":[{"href":"https:\/\/www.tatanka.nl\/es\/wp-json\/wp\/v2\/product\/32755","targetHints":{"allow":["GET"]}}],"collection":[{"href":"https:\/\/www.tatanka.nl\/es\/wp-json\/wp\/v2\/product"}],"about":[{"href":"https:\/\/www.tatanka.nl\/es\/wp-json\/wp\/v2\/types\/product"}],"wp:featuredmedia":[{"embeddable":true,"href":"https:\/\/www.tatanka.nl\/es\/wp-json\/wp\/v2\/media\/126612"}],"wp:attachment":[{"href":"https:\/\/www.tatanka.nl\/es\/wp-json\/wp\/v2\/media?parent=32755"}],"wp:term":[{"taxonomy":"product_brand","embeddable":true,"href":"https:\/\/www.tatanka.nl\/es\/wp-json\/wp\/v2\/product_brand?post=32755"},{"taxonomy":"product_cat","embeddable":true,"href":"https:\/\/www.tatanka.nl\/es\/wp-json\/wp\/v2\/product_cat?post=32755"},{"taxonomy":"product_tag","embeddable":true,"href":"https:\/\/www.tatanka.nl\/es\/wp-json\/wp\/v2\/product_tag?post=32755"}],"curies":[{"name":"wp","href":"https:\/\/api.w.org\/{rel}","templated":true}]}}