{"id":36399,"date":"2025-01-30T17:36:05","date_gmt":"2025-01-30T16:36:05","guid":{"rendered":"https:\/\/www.tatanka.nl\/?post_type=product&#038;p=36399"},"modified":"2025-11-28T12:48:33","modified_gmt":"2025-11-28T11:48:33","slug":"auto-ak-49","status":"publish","type":"product","link":"https:\/\/www.tatanka.nl\/es\/auto-ak-49\/","title":{"rendered":"Auto AK-49 - Semillas Vision"},"content":{"rendered":"<h2>Auto AK-49 Semillas de Cannabis de Vision Seeds<\/h2>\n<p>Auto AK-49 semillas de cannabis son simples de cultivar, h\u00famedo, y f\u00e1cil para los principiantes.<\/p>\n<p>AK-49 Auto Cannabis Seeds de Vision Seeds es la nueva peque\u00f1a belleza autofloreciente que ofrece una acci\u00f3n contundente con poco esfuerzo por tu parte. Cruce perfecto de dos hembras de dos razas poderosas - AK-49 y Lowryder - esto probablemente ser\u00e1 una de sus semillas favoritas, ya que no s\u00f3lo le da todo lo que busca en una planta (miembros fuertes y robustos, donde los cogollos tupidos golpean el suelo), sino que tambi\u00e9n ofrece fuertes aromas skunky junto con algunos matices frescos. Todo combinado da como resultado peque\u00f1as versiones de una de las cepas m\u00e1s conocidas mundialmente: \u00a1la AK-49!<\/p>","protected":false},"excerpt":{"rendered":"<p>Este cruce perfecto de AK-49 y Lowryder dio como resultado una versi\u00f3n estable, f\u00e1cil de cultivar y diminuta de la mundialmente famosa y potente AK-49 que todo el mundo conoce y adora. Los cogollos son bastante compactos y densos, con muchos tricomas. El aroma es fuerte pero lo suficientemente skunky como para mantener su dulce frescura.<\/p>","protected":false},"featured_media":36427,"template":"","meta":[],"product_brand":[],"product_cat":[546,297,547,548,638],"product_tag":[],"class_list":{"0":"post-36399","1":"product","2":"type-product","3":"status-publish","4":"has-post-thumbnail","6":"product_cat-seedshop","7":"product_cat-all-products","8":"product_cat-autoflowering-seeds","9":"product_cat-high-thc-seeds","10":"product_cat-vision-seeds","11":"product_shipping_class-creditcard-on","13":"first","14":"instock","15":"taxable","16":"shipping-taxable","17":"purchasable","18":"product-type-variable","19":"has-default-attributes"},"_links":{"self":[{"href":"https:\/\/www.tatanka.nl\/es\/wp-json\/wp\/v2\/product\/36399","targetHints":{"allow":["GET"]}}],"collection":[{"href":"https:\/\/www.tatanka.nl\/es\/wp-json\/wp\/v2\/product"}],"about":[{"href":"https:\/\/www.tatanka.nl\/es\/wp-json\/wp\/v2\/types\/product"}],"wp:featuredmedia":[{"embeddable":true,"href":"https:\/\/www.tatanka.nl\/es\/wp-json\/wp\/v2\/media\/36427"}],"wp:attachment":[{"href":"https:\/\/www.tatanka.nl\/es\/wp-json\/wp\/v2\/media?parent=36399"}],"wp:term":[{"taxonomy":"product_brand","embeddable":true,"href":"https:\/\/www.tatanka.nl\/es\/wp-json\/wp\/v2\/product_brand?post=36399"},{"taxonomy":"product_cat","embeddable":true,"href":"https:\/\/www.tatanka.nl\/es\/wp-json\/wp\/v2\/product_cat?post=36399"},{"taxonomy":"product_tag","embeddable":true,"href":"https:\/\/www.tatanka.nl\/es\/wp-json\/wp\/v2\/product_tag?post=36399"}],"curies":[{"name":"wp","href":"https:\/\/api.w.org\/{rel}","templated":true}]}}