{"id":36402,"date":"2025-01-30T17:36:06","date_gmt":"2025-01-30T16:36:06","guid":{"rendered":"https:\/\/www.tatanka.nl\/?post_type=product&#038;p=36402"},"modified":"2025-05-16T14:43:14","modified_gmt":"2025-05-16T13:43:14","slug":"auto-delhi-cheese","status":"publish","type":"product","link":"https:\/\/www.tatanka.nl\/es\/auto-delhi-cheese\/","title":{"rendered":"Auto Delhi Cheese - Semillas Vision"},"content":{"rendered":"<h2><span data-sheets-value=\"{&quot;1&quot;:2,&quot;2&quot;:&quot;Auto Delhi Cheese&quot;}\" data-sheets-userformat=\"{&quot;2&quot;:14915,&quot;3&quot;:{&quot;1&quot;:0},&quot;4&quot;:{&quot;1&quot;:2,&quot;2&quot;:11982760},&quot;9&quot;:0,&quot;12&quot;:0,&quot;14&quot;:{&quot;1&quot;:2,&quot;2&quot;:0},&quot;15&quot;:&quot;Calibri&quot;,&quot;16&quot;:12}\">Auto Delhi Cheese<\/span> Semillas de cannabis de Vision Seeds<\/h2>\n<p>Gen\u00e9tica de queso de alta calidad para todos los amantes de las caladas. La Delhi Cheese Auto de Vision Seeds es perfecta para los inhaladores m\u00e1s suaves. Esta planta normalmente atrae una menor producci\u00f3n de THC que otras cepas auto en esta lista, pero no te preocupes - todav\u00eda hay un mont\u00f3n de cosas buenas para disfrutar con esta diosa de la gen\u00e9tica divina.<\/p>\n<p>S\u00f3lo pasar\u00e1n 10 semanas antes de que te entregue tu lote cuidadosamente seleccionado, as\u00ed que ten paciencia y prep\u00e1rate para una experiencia hinchada. El olor durante el crecimiento y la fumada es bastante intenso, as\u00ed que prep\u00e1rate.<\/p>","protected":false},"excerpt":{"rendered":"<p>Delhi Cheese Auto es la delicia perfecta para los amantes de las caladas suaves. Los fumetas m\u00e1s puristas la encontrar\u00e1n muy refinada y potente - \u00a1aqu\u00ed no se desperdicia ni un trocito de queso! \u00bfQuieres ese sabor que s\u00f3lo puedes obtener de las cepas seleccionadas a mano de la m\u00e1s alta calidad? Delhi Cheese Auto es para ti.<\/p>","protected":false},"featured_media":36431,"template":"","meta":[],"product_brand":[],"product_cat":[546,297,547,638],"product_tag":[],"class_list":{"0":"post-36402","1":"product","2":"type-product","3":"status-publish","4":"has-post-thumbnail","6":"product_cat-seedshop","7":"product_cat-all-products","8":"product_cat-autoflowering-seeds","9":"product_cat-vision-seeds","10":"product_shipping_class-creditcard-on","12":"first","13":"instock","14":"taxable","15":"shipping-taxable","16":"purchasable","17":"product-type-variable","18":"has-default-attributes"},"_links":{"self":[{"href":"https:\/\/www.tatanka.nl\/es\/wp-json\/wp\/v2\/product\/36402","targetHints":{"allow":["GET"]}}],"collection":[{"href":"https:\/\/www.tatanka.nl\/es\/wp-json\/wp\/v2\/product"}],"about":[{"href":"https:\/\/www.tatanka.nl\/es\/wp-json\/wp\/v2\/types\/product"}],"wp:featuredmedia":[{"embeddable":true,"href":"https:\/\/www.tatanka.nl\/es\/wp-json\/wp\/v2\/media\/36431"}],"wp:attachment":[{"href":"https:\/\/www.tatanka.nl\/es\/wp-json\/wp\/v2\/media?parent=36402"}],"wp:term":[{"taxonomy":"product_brand","embeddable":true,"href":"https:\/\/www.tatanka.nl\/es\/wp-json\/wp\/v2\/product_brand?post=36402"},{"taxonomy":"product_cat","embeddable":true,"href":"https:\/\/www.tatanka.nl\/es\/wp-json\/wp\/v2\/product_cat?post=36402"},{"taxonomy":"product_tag","embeddable":true,"href":"https:\/\/www.tatanka.nl\/es\/wp-json\/wp\/v2\/product_tag?post=36402"}],"curies":[{"name":"wp","href":"https:\/\/api.w.org\/{rel}","templated":true}]}}