{"id":36403,"date":"2025-01-30T17:36:06","date_gmt":"2025-01-30T16:36:06","guid":{"rendered":"https:\/\/www.tatanka.nl\/?post_type=product&#038;p=36403"},"modified":"2025-05-16T14:43:21","modified_gmt":"2025-05-16T13:43:21","slug":"auto-doctor-jamaica","status":"publish","type":"product","link":"https:\/\/www.tatanka.nl\/es\/auto-doctor-jamaica\/","title":{"rendered":"Auto Doctor Jamaica - Semillas Vision"},"content":{"rendered":"<h2><span data-sheets-value=\"{&quot;1&quot;:2,&quot;2&quot;:&quot;Auto Doctor Jamaica&quot;}\" data-sheets-userformat=\"{&quot;2&quot;:14915,&quot;3&quot;:{&quot;1&quot;:0},&quot;4&quot;:{&quot;1&quot;:2,&quot;2&quot;:11982760},&quot;9&quot;:0,&quot;12&quot;:0,&quot;14&quot;:{&quot;1&quot;:2,&quot;2&quot;:0},&quot;15&quot;:&quot;Calibri&quot;,&quot;16&quot;:12}\">Auto Doctor Jamaica<\/span> Semillas de cannabis de Vision Seeds<\/h2>\n<p>\u00bfQuieres empezar el a\u00f1o con buen pie? Estas semillas de cannabis son todo lo que estabas buscando. Imagina ese c\u00e1lido y soleado d\u00eda californiano en el que tu planta en su infancia prosperar\u00e1 y crecer\u00e1 gracias a la experiencia de los criadores de la vieja escuela que nos precedieron. Quer\u00edan una variedad que cualquiera pudiera cultivar con facilidad, que pasara de semilla a flor en menos de dos meses. Es f\u00e1cil ver por qu\u00e9 estas semillas de marihuana se han hecho tan populares tras su descubrimiento: las enormes cantidades de THC la convierten en una excelente opci\u00f3n para iniciarse en la medicina o el ocio.<\/p>\n<p>\u00bfPero lo m\u00e1s importante? Incluso si usted nunca ha cultivado marihuana antes, Vision tuvo esta chica criador de resistir sobre cualquier cosa. \u00a1Una gran elecci\u00f3n para una cepa!<\/p>","protected":false},"excerpt":{"rendered":"<p>Si est\u00e1s buscando una variedad de alta calidad y f\u00e1cil de cultivar, \u00a1has encontrado la tuya con las semillas de cannabis Auto Doctor Jamaica! Esta hermosa planta desprende un aroma a naranja y lim\u00f3n, mientras que da poderosas sensaciones de euforia. Es una gran cepa de arranque que es perfecto para las personas que no quieren sentirse triste o deprimido.<\/p>","protected":false},"featured_media":36432,"template":"","meta":[],"product_brand":[],"product_cat":[546,297,547,548,638],"product_tag":[],"class_list":{"0":"post-36403","1":"product","2":"type-product","3":"status-publish","4":"has-post-thumbnail","6":"product_cat-seedshop","7":"product_cat-all-products","8":"product_cat-autoflowering-seeds","9":"product_cat-high-thc-seeds","10":"product_cat-vision-seeds","11":"product_shipping_class-creditcard-on","13":"first","14":"instock","15":"taxable","16":"shipping-taxable","17":"purchasable","18":"product-type-variable","19":"has-default-attributes"},"_links":{"self":[{"href":"https:\/\/www.tatanka.nl\/es\/wp-json\/wp\/v2\/product\/36403","targetHints":{"allow":["GET"]}}],"collection":[{"href":"https:\/\/www.tatanka.nl\/es\/wp-json\/wp\/v2\/product"}],"about":[{"href":"https:\/\/www.tatanka.nl\/es\/wp-json\/wp\/v2\/types\/product"}],"wp:featuredmedia":[{"embeddable":true,"href":"https:\/\/www.tatanka.nl\/es\/wp-json\/wp\/v2\/media\/36432"}],"wp:attachment":[{"href":"https:\/\/www.tatanka.nl\/es\/wp-json\/wp\/v2\/media?parent=36403"}],"wp:term":[{"taxonomy":"product_brand","embeddable":true,"href":"https:\/\/www.tatanka.nl\/es\/wp-json\/wp\/v2\/product_brand?post=36403"},{"taxonomy":"product_cat","embeddable":true,"href":"https:\/\/www.tatanka.nl\/es\/wp-json\/wp\/v2\/product_cat?post=36403"},{"taxonomy":"product_tag","embeddable":true,"href":"https:\/\/www.tatanka.nl\/es\/wp-json\/wp\/v2\/product_tag?post=36403"}],"curies":[{"name":"wp","href":"https:\/\/api.w.org\/{rel}","templated":true}]}}