{"id":36404,"date":"2025-01-30T17:36:06","date_gmt":"2025-01-30T16:36:06","guid":{"rendered":"https:\/\/www.tatanka.nl\/?post_type=product&#038;p=36404"},"modified":"2025-05-16T14:43:56","modified_gmt":"2025-05-16T13:43:56","slug":"auto-la-blanca-gold","status":"publish","type":"product","link":"https:\/\/www.tatanka.nl\/es\/auto-la-blanca-gold\/","title":{"rendered":"Auto La Blanca Gold - Semillas Vision"},"content":{"rendered":"<h2><span data-sheets-value=\"{&quot;1&quot;:2,&quot;2&quot;:&quot;Auto La Blanca Gold&quot;}\" data-sheets-userformat=\"{&quot;2&quot;:14915,&quot;3&quot;:{&quot;1&quot;:0},&quot;4&quot;:{&quot;1&quot;:2,&quot;2&quot;:13228792},&quot;9&quot;:0,&quot;12&quot;:0,&quot;14&quot;:{&quot;1&quot;:2,&quot;2&quot;:0},&quot;15&quot;:&quot;Calibri&quot;,&quot;16&quot;:12}\">Auto La Blanca Gold <\/span>Semillas de cannabis de Vision Seeds<\/h2>\n<p>A todos nos ha pasado: le das una calada y quieres hacerte un ovillo. Si te encuentras luchando con los efectos menos que ideales del cannabis, puede que sea hora de darle una oportunidad a La Blanca Gold Auto Cannabis Seeds de Vision Seeds (40% Sativa).<\/p>\n<p>100% feminizada con una gen\u00e9tica incre\u00edble que produce peque\u00f1as flores seguras para el uso personal, esta cepa crecer\u00e1 peque\u00f1as plantas discretas que el humo no se interpondr\u00e1 en el camino de su d\u00eda productivo. Con genes cl\u00e1sicos de Skunk y notas dulces \u01a1f c\u00edtricos y lavanda, esta flor es perfecta para fumar durante el d\u00eda. \u00a1Una dama realmente especial!<\/p>","protected":false},"excerpt":{"rendered":"<p>La Blanca Gold puede ser una opci\u00f3n interesante para los fumetas a los que les gusta ser productivos despu\u00e9s de fumar su porro o simplemente les gustar\u00eda cultivar plantas m\u00e1s peque\u00f1as para uso completamente personal. No necesitas una planta con alto THC para disfrutar de la vida de un consumidor de cannabis cotidiano. \u00a1Es una belleza!<\/p>","protected":false},"featured_media":36433,"template":"","meta":[],"product_brand":[],"product_cat":[546,297,547,638],"product_tag":[],"class_list":{"0":"post-36404","1":"product","2":"type-product","3":"status-publish","4":"has-post-thumbnail","6":"product_cat-seedshop","7":"product_cat-all-products","8":"product_cat-autoflowering-seeds","9":"product_cat-vision-seeds","10":"product_shipping_class-creditcard-on","12":"first","13":"instock","14":"taxable","15":"shipping-taxable","16":"purchasable","17":"product-type-variable","18":"has-default-attributes"},"_links":{"self":[{"href":"https:\/\/www.tatanka.nl\/es\/wp-json\/wp\/v2\/product\/36404","targetHints":{"allow":["GET"]}}],"collection":[{"href":"https:\/\/www.tatanka.nl\/es\/wp-json\/wp\/v2\/product"}],"about":[{"href":"https:\/\/www.tatanka.nl\/es\/wp-json\/wp\/v2\/types\/product"}],"wp:featuredmedia":[{"embeddable":true,"href":"https:\/\/www.tatanka.nl\/es\/wp-json\/wp\/v2\/media\/36433"}],"wp:attachment":[{"href":"https:\/\/www.tatanka.nl\/es\/wp-json\/wp\/v2\/media?parent=36404"}],"wp:term":[{"taxonomy":"product_brand","embeddable":true,"href":"https:\/\/www.tatanka.nl\/es\/wp-json\/wp\/v2\/product_brand?post=36404"},{"taxonomy":"product_cat","embeddable":true,"href":"https:\/\/www.tatanka.nl\/es\/wp-json\/wp\/v2\/product_cat?post=36404"},{"taxonomy":"product_tag","embeddable":true,"href":"https:\/\/www.tatanka.nl\/es\/wp-json\/wp\/v2\/product_tag?post=36404"}],"curies":[{"name":"wp","href":"https:\/\/api.w.org\/{rel}","templated":true}]}}