{"id":36405,"date":"2025-01-30T17:36:06","date_gmt":"2025-01-30T16:36:06","guid":{"rendered":"https:\/\/www.tatanka.nl\/?post_type=product&#038;p=36405"},"modified":"2025-05-16T14:43:56","modified_gmt":"2025-05-16T13:43:56","slug":"auto-lowryder","status":"publish","type":"product","link":"https:\/\/www.tatanka.nl\/es\/auto-lowryder\/","title":{"rendered":"Auto Lowryder - Semillas Vision"},"content":{"rendered":"<h2>Semillas de Cannabis Auto Lowryder de Vision Seeds<\/h2>\n<p>Las Semillas de Cannabis Auto Lowryder son la reina autofloreciente m\u00e1s peque\u00f1a y discreta que crecer\u00e1 completamente desapercibida - perfecta para principiantes. Estas sigilosas semillas de cannabis producen flores medianas con un nivel de THC de 14%; dise\u00f1adas para ser r\u00e1pidas y f\u00e1ciles de cultivar sin importar tu experiencia o donde vivas (ya que puede soportar climas m\u00e1s fr\u00edos).<\/p>\n<p>Una de las variedades de crecimiento m\u00e1s r\u00e1pido de semilla a flor, la rusticidad de esta chica compensa su peque\u00f1a estatura produciendo un producto de calidad en mucho menos tiempo que otras autos. Con generaciones de cr\u00eda selectiva, produce un sabor de calidad superior a la media que ha llegado a trav\u00e9s del \u00e1rbol geneal\u00f3gico desde el '92. Le dar\u00e1 lo justo sin olvidarse del sabor.<\/p>","protected":false},"excerpt":{"rendered":"<p>\u00bfLa OG de las autoflorecientes? Las Semillas de Cannabis Auto Lowryder son la variedad perfecta para principiantes que quieren cultivar de forma sigilosa. Estas semillas autoflorecientes producen peque\u00f1os cogollos de alta calidad con niveles moderados de THC. Con solo 14% de THC esta gen\u00e9tica es perfecta para aquellos interesados en cultivar una planta sencilla pero con gran sabor y producci\u00f3n de resina. Deja de preocuparte de que los vecinos vean tus plantas de marihuana: \u00a1cultiva estas auto-maravillas!<\/p>","protected":false},"featured_media":36434,"template":"","meta":[],"product_brand":[],"product_cat":[546,297,547,638],"product_tag":[],"class_list":{"0":"post-36405","1":"product","2":"type-product","3":"status-publish","4":"has-post-thumbnail","6":"product_cat-seedshop","7":"product_cat-all-products","8":"product_cat-autoflowering-seeds","9":"product_cat-vision-seeds","10":"product_shipping_class-creditcard-on","12":"first","13":"instock","14":"taxable","15":"shipping-taxable","16":"purchasable","17":"product-type-variable","18":"has-default-attributes"},"_links":{"self":[{"href":"https:\/\/www.tatanka.nl\/es\/wp-json\/wp\/v2\/product\/36405","targetHints":{"allow":["GET"]}}],"collection":[{"href":"https:\/\/www.tatanka.nl\/es\/wp-json\/wp\/v2\/product"}],"about":[{"href":"https:\/\/www.tatanka.nl\/es\/wp-json\/wp\/v2\/types\/product"}],"wp:featuredmedia":[{"embeddable":true,"href":"https:\/\/www.tatanka.nl\/es\/wp-json\/wp\/v2\/media\/36434"}],"wp:attachment":[{"href":"https:\/\/www.tatanka.nl\/es\/wp-json\/wp\/v2\/media?parent=36405"}],"wp:term":[{"taxonomy":"product_brand","embeddable":true,"href":"https:\/\/www.tatanka.nl\/es\/wp-json\/wp\/v2\/product_brand?post=36405"},{"taxonomy":"product_cat","embeddable":true,"href":"https:\/\/www.tatanka.nl\/es\/wp-json\/wp\/v2\/product_cat?post=36405"},{"taxonomy":"product_tag","embeddable":true,"href":"https:\/\/www.tatanka.nl\/es\/wp-json\/wp\/v2\/product_tag?post=36405"}],"curies":[{"name":"wp","href":"https:\/\/api.w.org\/{rel}","templated":true}]}}