{"id":36406,"date":"2025-01-30T17:36:06","date_gmt":"2025-01-30T16:36:06","guid":{"rendered":"https:\/\/www.tatanka.nl\/?post_type=product&#038;p=36406"},"modified":"2025-05-16T14:44:02","modified_gmt":"2025-05-16T13:44:02","slug":"auto-northern-lights","status":"publish","type":"product","link":"https:\/\/www.tatanka.nl\/es\/auto-northern-lights\/","title":{"rendered":"Auto Northern Lights - Semillas Vision"},"content":{"rendered":"<h2>Auto Northern Lights Semillas de Cannabis de Vision Seeds<\/h2>\n<p>Las semillas de cannabis Auto Northern Lights son exactamente lo que necesitas para el momento perfecto. Prep\u00e1rate para cabalgar porque esta Auto es para encenderse. Ella es tu mejor amiga - proporcionando cualidades de crecimiento resistentes que hacen que el cultivo sea muy f\u00e1cil y de alta calidad impresionante, cogollos potentes.<\/p>\n<p>Si est\u00e1s buscando una variedad impresionante para cultivar pero no est\u00e1s seguro de por d\u00f3nde empezar, estos beb\u00e9s cann\u00e1bicos te ayudar\u00e1n a guiarte para que no cometas errores por el camino.<\/p>\n<p>Con un nivel de cuidados realmente bajo, tambi\u00e9n es satisfactoriamente indulgente con los errores de novato causados por los cultivadores novatos, por lo que incluso los profesionales experimentados la adoran. \u00bfLista para iniciar una conversaci\u00f3n? Estas semillas ofrecen unas caladas que la gente desear\u00e1.<\/p>","protected":false},"excerpt":{"rendered":"<p>Las semillas de cannabis Northern Lights Auto suelen tardar entre 8 y 10 semanas en florecer, pero puedes darle al interruptor antes si tus plantas est\u00e1n sanas y robustas. Sube las luces cuando la luz del d\u00eda brille menos, observa c\u00f3mo crecen esos cogollos repletos de flores y espera a que lleguen esas explosiones de sabor incre\u00edble de la Northern Lights. Repleta de un subid\u00f3n s\u00faper fuerte que te dejar\u00e1 creativo y sin ganas de hacer nada m\u00e1s que pensar a lo grande - \u00a1hazte con unos cuantos paquetes de estas imparables flores antes de que se acaben!<\/p>","protected":false},"featured_media":36435,"template":"","meta":[],"product_brand":[],"product_cat":[546,297,547,548,638],"product_tag":[],"class_list":{"0":"post-36406","1":"product","2":"type-product","3":"status-publish","4":"has-post-thumbnail","6":"product_cat-seedshop","7":"product_cat-all-products","8":"product_cat-autoflowering-seeds","9":"product_cat-high-thc-seeds","10":"product_cat-vision-seeds","11":"product_shipping_class-creditcard-on","13":"first","14":"instock","15":"taxable","16":"shipping-taxable","17":"purchasable","18":"product-type-variable","19":"has-default-attributes"},"_links":{"self":[{"href":"https:\/\/www.tatanka.nl\/es\/wp-json\/wp\/v2\/product\/36406","targetHints":{"allow":["GET"]}}],"collection":[{"href":"https:\/\/www.tatanka.nl\/es\/wp-json\/wp\/v2\/product"}],"about":[{"href":"https:\/\/www.tatanka.nl\/es\/wp-json\/wp\/v2\/types\/product"}],"wp:featuredmedia":[{"embeddable":true,"href":"https:\/\/www.tatanka.nl\/es\/wp-json\/wp\/v2\/media\/36435"}],"wp:attachment":[{"href":"https:\/\/www.tatanka.nl\/es\/wp-json\/wp\/v2\/media?parent=36406"}],"wp:term":[{"taxonomy":"product_brand","embeddable":true,"href":"https:\/\/www.tatanka.nl\/es\/wp-json\/wp\/v2\/product_brand?post=36406"},{"taxonomy":"product_cat","embeddable":true,"href":"https:\/\/www.tatanka.nl\/es\/wp-json\/wp\/v2\/product_cat?post=36406"},{"taxonomy":"product_tag","embeddable":true,"href":"https:\/\/www.tatanka.nl\/es\/wp-json\/wp\/v2\/product_tag?post=36406"}],"curies":[{"name":"wp","href":"https:\/\/api.w.org\/{rel}","templated":true}]}}