{"id":36408,"date":"2025-01-30T17:36:06","date_gmt":"2025-01-30T16:36:06","guid":{"rendered":"https:\/\/www.tatanka.nl\/?post_type=product&#038;p=36408"},"modified":"2025-05-16T14:44:17","modified_gmt":"2025-05-16T13:44:17","slug":"auto-vision-caramello","status":"publish","type":"product","link":"https:\/\/www.tatanka.nl\/es\/auto-vision-caramello\/","title":{"rendered":"Auto Vision Caramello - Semillas Vision"},"content":{"rendered":"<h2><span data-sheets-value=\"{&quot;1&quot;:2,&quot;2&quot;:&quot;Auto Vision Caramello&quot;}\" data-sheets-userformat=\"{&quot;2&quot;:14915,&quot;3&quot;:{&quot;1&quot;:0},&quot;4&quot;:{&quot;1&quot;:2,&quot;2&quot;:16777215},&quot;9&quot;:0,&quot;12&quot;:0,&quot;14&quot;:{&quot;1&quot;:2,&quot;2&quot;:0},&quot;15&quot;:&quot;Calibri&quot;,&quot;16&quot;:12}\">Auto Vision Caramello<\/span> Semillas de cannabis de Vision Seeds<\/h2>\n<p>Las semillas de cannabis Auto Vision Caramello son una gran elecci\u00f3n para todos los fumadores de cannabis descarados y ultra dulces del mundo. Estas semillas tienen niveles m\u00e1s altos de CBD, lo que hace que las caladas sean m\u00e1s relajantes a pesar de que seguir\u00e1n siendo espesas con resina.<\/p>\n<p>Prep\u00e1rate para alucinar cuando pruebes este sabor rico en terpenos que te har\u00e1 la boca agua. Tiene un buen nivel de CBD, lo que hace que el subid\u00f3n sea agradable y relajante. \u00bfEs realmente la reina del caramelo que estabas buscando? Por supuesto.<\/p>","protected":false},"excerpt":{"rendered":"<p>Vision's Caramello Auto es una variedad feminizada que tambi\u00e9n tiene un alto CBD. Disfruta de un agradable sabor a caramelo con esta incre\u00edble semilla de cannabis h\u00edbrida. Las flores dulces y fuertes son perfectas para las personas que quieren disfrutar de caramelos apestosos con un aura de calma. Espera una calada muy equilibrada, \u00a1mi querido amigo fumeta!<\/p>","protected":false},"featured_media":36437,"template":"","meta":[],"product_brand":[],"product_cat":[546,297,547,548,638],"product_tag":[],"class_list":{"0":"post-36408","1":"product","2":"type-product","3":"status-publish","4":"has-post-thumbnail","6":"product_cat-seedshop","7":"product_cat-all-products","8":"product_cat-autoflowering-seeds","9":"product_cat-high-thc-seeds","10":"product_cat-vision-seeds","11":"product_shipping_class-creditcard-on","13":"first","14":"instock","15":"taxable","16":"shipping-taxable","17":"purchasable","18":"product-type-variable","19":"has-default-attributes"},"_links":{"self":[{"href":"https:\/\/www.tatanka.nl\/es\/wp-json\/wp\/v2\/product\/36408","targetHints":{"allow":["GET"]}}],"collection":[{"href":"https:\/\/www.tatanka.nl\/es\/wp-json\/wp\/v2\/product"}],"about":[{"href":"https:\/\/www.tatanka.nl\/es\/wp-json\/wp\/v2\/types\/product"}],"wp:featuredmedia":[{"embeddable":true,"href":"https:\/\/www.tatanka.nl\/es\/wp-json\/wp\/v2\/media\/36437"}],"wp:attachment":[{"href":"https:\/\/www.tatanka.nl\/es\/wp-json\/wp\/v2\/media?parent=36408"}],"wp:term":[{"taxonomy":"product_brand","embeddable":true,"href":"https:\/\/www.tatanka.nl\/es\/wp-json\/wp\/v2\/product_brand?post=36408"},{"taxonomy":"product_cat","embeddable":true,"href":"https:\/\/www.tatanka.nl\/es\/wp-json\/wp\/v2\/product_cat?post=36408"},{"taxonomy":"product_tag","embeddable":true,"href":"https:\/\/www.tatanka.nl\/es\/wp-json\/wp\/v2\/product_tag?post=36408"}],"curies":[{"name":"wp","href":"https:\/\/api.w.org\/{rel}","templated":true}]}}