{"id":36411,"date":"2025-01-30T17:36:07","date_gmt":"2025-01-30T16:36:07","guid":{"rendered":"https:\/\/www.tatanka.nl\/?post_type=product&#038;p=36411"},"modified":"2025-05-16T14:42:58","modified_gmt":"2025-05-16T13:42:58","slug":"auto-vision-gorilla","status":"publish","type":"product","link":"https:\/\/www.tatanka.nl\/es\/auto-vision-gorilla\/","title":{"rendered":"Auto Vision Gorilla - Semillas Vision"},"content":{"rendered":"<h2><span data-sheets-value=\"{&quot;1&quot;:2,&quot;2&quot;:&quot;Auto Vision Gorilla&quot;}\" data-sheets-userformat=\"{&quot;2&quot;:14915,&quot;3&quot;:{&quot;1&quot;:0},&quot;4&quot;:{&quot;1&quot;:2,&quot;2&quot;:16043212},&quot;9&quot;:0,&quot;12&quot;:0,&quot;14&quot;:{&quot;1&quot;:2,&quot;2&quot;:0},&quot;15&quot;:&quot;Calibri&quot;,&quot;16&quot;:12}\">Auto Vision Gorila<\/span> Semillas de cannabis de Vision Seeds<\/h2>\n<p>Esta chica est\u00e1 siendo la reina autofloreciente m\u00e1s elegida por la mayor\u00eda de los principiantes debido a su conjunto \u00fanico de rasgos - Vision Gorilla Auto posee un sabor c\u00edtrico, con fuertes notas de madera de pino, y sabor agridulce.<\/p>\n<p>Las semillas de cannabis Vision Gorilla Auto son perfectas para usted, si usted est\u00e1 buscando para crecer sus propias plantas de cannabis autoflorecientes que tienen un tiempo de floraci\u00f3n r\u00e1pido y altos niveles de THC. Y s\u00ed, esta cepa es resistente a las plagas \/ enfermedades, lo que lo hace a\u00fan mejor porque nadie tiene la energ\u00eda para lidiar con eso. Con un gran sabor a c\u00edtricos y toques de pino, \u00a1esta chica es perfecta para ti!<\/p>","protected":false},"excerpt":{"rendered":"<p>Vision Gorilla Auto de Vision Seeds es una de las variedades autoflorecientes m\u00e1s populares debido a sus altos niveles de THC, su f\u00e1cil cultivo en climas m\u00e1s fr\u00edos y los sabores contempor\u00e1neos que ofrece. Criada de forma natural para su uso en interior por la empresa holandesa Vision Seeds, esta variedad es ideal para cultivadores novatos que quieran iniciarse en el cultivo de plantas de marihuana autoflorecientes.<\/p>","protected":false},"featured_media":36440,"template":"","meta":[],"product_brand":[],"product_cat":[546,297,547,548,638],"product_tag":[],"class_list":{"0":"post-36411","1":"product","2":"type-product","3":"status-publish","4":"has-post-thumbnail","6":"product_cat-seedshop","7":"product_cat-all-products","8":"product_cat-autoflowering-seeds","9":"product_cat-high-thc-seeds","10":"product_cat-vision-seeds","11":"product_shipping_class-creditcard-on","13":"first","14":"instock","15":"taxable","16":"shipping-taxable","17":"purchasable","18":"product-type-variable","19":"has-default-attributes"},"_links":{"self":[{"href":"https:\/\/www.tatanka.nl\/es\/wp-json\/wp\/v2\/product\/36411","targetHints":{"allow":["GET"]}}],"collection":[{"href":"https:\/\/www.tatanka.nl\/es\/wp-json\/wp\/v2\/product"}],"about":[{"href":"https:\/\/www.tatanka.nl\/es\/wp-json\/wp\/v2\/types\/product"}],"wp:featuredmedia":[{"embeddable":true,"href":"https:\/\/www.tatanka.nl\/es\/wp-json\/wp\/v2\/media\/36440"}],"wp:attachment":[{"href":"https:\/\/www.tatanka.nl\/es\/wp-json\/wp\/v2\/media?parent=36411"}],"wp:term":[{"taxonomy":"product_brand","embeddable":true,"href":"https:\/\/www.tatanka.nl\/es\/wp-json\/wp\/v2\/product_brand?post=36411"},{"taxonomy":"product_cat","embeddable":true,"href":"https:\/\/www.tatanka.nl\/es\/wp-json\/wp\/v2\/product_cat?post=36411"},{"taxonomy":"product_tag","embeddable":true,"href":"https:\/\/www.tatanka.nl\/es\/wp-json\/wp\/v2\/product_tag?post=36411"}],"curies":[{"name":"wp","href":"https:\/\/api.w.org\/{rel}","templated":true}]}}