{"id":36413,"date":"2025-01-30T17:36:07","date_gmt":"2025-01-30T16:36:07","guid":{"rendered":"https:\/\/www.tatanka.nl\/?post_type=product&#038;p=36413"},"modified":"2025-05-16T14:43:05","modified_gmt":"2025-05-16T13:43:05","slug":"auto-vision-jack","status":"publish","type":"product","link":"https:\/\/www.tatanka.nl\/es\/auto-vision-jack\/","title":{"rendered":"Auto Vision Jack - Semillas Vision"},"content":{"rendered":"<h2><span data-sheets-value=\"{&quot;1&quot;:2,&quot;2&quot;:&quot;Auto Vision Jack&quot;}\" data-sheets-userformat=\"{&quot;2&quot;:14915,&quot;3&quot;:{&quot;1&quot;:0},&quot;4&quot;:{&quot;1&quot;:2,&quot;2&quot;:13689059},&quot;9&quot;:0,&quot;12&quot;:0,&quot;14&quot;:{&quot;1&quot;:2,&quot;2&quot;:0},&quot;15&quot;:&quot;Calibri&quot;,&quot;16&quot;:12}\">Auto Vision Jack <\/span>Semillas de cannabis de Vision Seeds<\/h2>\n<p>Vision Seeds Vision Jack Auto tiene el mismo sabor skunk y la misma sensaci\u00f3n que su hermana mayor, pero esta cepa fue criado espec\u00edficamente para crecer en interiores o al aire libre, no importa lo que - que significa que si usted est\u00e1 buscando una sola planta autofloreciente, usted absolutamente no puede ir mal con Vision Seeds Vision Jack Auto.<\/p>\n<p>Las semillas de cannabis Auto Vision Jack son un h\u00edbrido de cannabis Sativa y Ruderalis. Con un fuerte sabor a skunk y potentes notas almizcladas, \u00a1estar\u00e1s encantado de tenerla en tu alijo! Los cogollos huelen ligeramente picantes y te dejar\u00e1n sinti\u00e9ndote animado con pensamientos claros y niveles de energ\u00eda mejorados despu\u00e9s de s\u00f3lo un par de caladas. Esto es autofloreciente en su m\u00e1xima expresi\u00f3n: floraci\u00f3n r\u00e1pida para una experiencia de cultivo m\u00e1s f\u00e1cil combinada con toda la potencia de la Ruderalis cl\u00e1sica que tanto nos gusta.<\/p>","protected":false},"excerpt":{"rendered":"<p>\u00a1Prep\u00e1rate para experimentar el mejor sabor de la famosa cepa Sativa Jack Herer! En pocas palabras, este es uno de esos sabores que no podr\u00e1s olvidar despu\u00e9s de probarlo. Los aromas \u00fanicos a especias y almizcle provienen de su gen\u00e9tica Ruderalis y hacen que sea \"compleja como ninguna otra\". Un sabor tan complejo viene acompa\u00f1ado de unos efectos igualmente complejos y agradables.<\/p>","protected":false},"featured_media":36441,"template":"","meta":[],"product_brand":[],"product_cat":[546,297,547,548,638],"product_tag":[],"class_list":{"0":"post-36413","1":"product","2":"type-product","3":"status-publish","4":"has-post-thumbnail","6":"product_cat-seedshop","7":"product_cat-all-products","8":"product_cat-autoflowering-seeds","9":"product_cat-high-thc-seeds","10":"product_cat-vision-seeds","11":"product_shipping_class-creditcard-on","13":"first","14":"instock","15":"taxable","16":"shipping-taxable","17":"purchasable","18":"product-type-variable","19":"has-default-attributes"},"_links":{"self":[{"href":"https:\/\/www.tatanka.nl\/es\/wp-json\/wp\/v2\/product\/36413","targetHints":{"allow":["GET"]}}],"collection":[{"href":"https:\/\/www.tatanka.nl\/es\/wp-json\/wp\/v2\/product"}],"about":[{"href":"https:\/\/www.tatanka.nl\/es\/wp-json\/wp\/v2\/types\/product"}],"wp:featuredmedia":[{"embeddable":true,"href":"https:\/\/www.tatanka.nl\/es\/wp-json\/wp\/v2\/media\/36441"}],"wp:attachment":[{"href":"https:\/\/www.tatanka.nl\/es\/wp-json\/wp\/v2\/media?parent=36413"}],"wp:term":[{"taxonomy":"product_brand","embeddable":true,"href":"https:\/\/www.tatanka.nl\/es\/wp-json\/wp\/v2\/product_brand?post=36413"},{"taxonomy":"product_cat","embeddable":true,"href":"https:\/\/www.tatanka.nl\/es\/wp-json\/wp\/v2\/product_cat?post=36413"},{"taxonomy":"product_tag","embeddable":true,"href":"https:\/\/www.tatanka.nl\/es\/wp-json\/wp\/v2\/product_tag?post=36413"}],"curies":[{"name":"wp","href":"https:\/\/api.w.org\/{rel}","templated":true}]}}