{"id":36414,"date":"2025-01-30T17:36:07","date_gmt":"2025-01-30T16:36:07","guid":{"rendered":"https:\/\/www.tatanka.nl\/?post_type=product&#038;p=36414"},"modified":"2025-05-16T14:43:09","modified_gmt":"2025-05-16T13:43:09","slug":"auto-vision-kush","status":"publish","type":"product","link":"https:\/\/www.tatanka.nl\/es\/auto-vision-kush\/","title":{"rendered":"Auto Vision Kush - Semillas Vision"},"content":{"rendered":"<h2><span data-sheets-value=\"{&quot;1&quot;:2,&quot;2&quot;:&quot;Auto Vision Kush&quot;}\" data-sheets-userformat=\"{&quot;2&quot;:14915,&quot;3&quot;:{&quot;1&quot;:0},&quot;4&quot;:{&quot;1&quot;:2,&quot;2&quot;:16773836},&quot;9&quot;:0,&quot;12&quot;:0,&quot;14&quot;:{&quot;1&quot;:2,&quot;2&quot;:0},&quot;15&quot;:&quot;Calibri&quot;,&quot;16&quot;:12}\">Auto Vision Kush<\/span> Semillas de cannabis de Vision Seeds<\/h2>\n<p>Conoce a la reina de los grandes rendimientos, Vision Kush Auto Semillas de Cannabis. Aunque se trata de una planta autofloreciente, \u00a1terminar\u00e1 de florecer en menos de 12 semanas! Una vez que tengas en tus manos una de estas plantas de 200 cm no volver\u00e1s a cultivar otra cosa. Adem\u00e1s, su contenido de THC es de 19%.<\/p>\n<p>Tiene una fuerte dominancia Indica que la hace perfecta para aliviar el dolor y conciliar el sue\u00f1o si se fuma durante el d\u00eda o para relajarse antes de acostarse si se fuma tarde por la noche.<\/p>\n<p>Estas semillas de marihuana locas son conocidas por sus grandes rendimientos que puedes cultivar tanto en interior como en exterior. Si quieres obtener la variedad autofloreciente Kush m\u00e1s potente con un THC medio de 19%, \u00a1entonces deber\u00edas plantar estas semillas de cannabis ahora!<\/p>\n<p>Estas semillas de marihuana te dar\u00e1n mejores resultados porque es m\u00e1s fuerte y el subid\u00f3n dura m\u00e1s que otras variedades de hierba est\u00e1ndar. Consigue ayuda para aliviar el dolor, el insomnio, la depresi\u00f3n, la falta de apetito, entre otros, cultivando por ti mismo este cannabis de r\u00e1pido crecimiento.<\/p>","protected":false},"excerpt":{"rendered":"<p>Si est\u00e1s buscando una variedad que te proporcione una experiencia de crecimiento incre\u00edble, Vision Kush Auto es lo que necesitas. Esta autofloreciente autom\u00e1tica produce grandes cosechas y, si se cultiva en exterior, \u00a1puede alcanzar los 200 cm de altura! Tu cosecha ser\u00e1 significativamente mayor que si eliges otras variedades. Ah, y es super alta en THC. Incre\u00edble, \u00bfverdad?<\/p>","protected":false},"featured_media":36442,"template":"","meta":[],"product_brand":[],"product_cat":[546,297,547,548,638],"product_tag":[],"class_list":{"0":"post-36414","1":"product","2":"type-product","3":"status-publish","4":"has-post-thumbnail","6":"product_cat-seedshop","7":"product_cat-all-products","8":"product_cat-autoflowering-seeds","9":"product_cat-high-thc-seeds","10":"product_cat-vision-seeds","11":"product_shipping_class-creditcard-on","13":"first","14":"instock","15":"taxable","16":"shipping-taxable","17":"purchasable","18":"product-type-variable","19":"has-default-attributes"},"_links":{"self":[{"href":"https:\/\/www.tatanka.nl\/es\/wp-json\/wp\/v2\/product\/36414","targetHints":{"allow":["GET"]}}],"collection":[{"href":"https:\/\/www.tatanka.nl\/es\/wp-json\/wp\/v2\/product"}],"about":[{"href":"https:\/\/www.tatanka.nl\/es\/wp-json\/wp\/v2\/types\/product"}],"wp:featuredmedia":[{"embeddable":true,"href":"https:\/\/www.tatanka.nl\/es\/wp-json\/wp\/v2\/media\/36442"}],"wp:attachment":[{"href":"https:\/\/www.tatanka.nl\/es\/wp-json\/wp\/v2\/media?parent=36414"}],"wp:term":[{"taxonomy":"product_brand","embeddable":true,"href":"https:\/\/www.tatanka.nl\/es\/wp-json\/wp\/v2\/product_brand?post=36414"},{"taxonomy":"product_cat","embeddable":true,"href":"https:\/\/www.tatanka.nl\/es\/wp-json\/wp\/v2\/product_cat?post=36414"},{"taxonomy":"product_tag","embeddable":true,"href":"https:\/\/www.tatanka.nl\/es\/wp-json\/wp\/v2\/product_tag?post=36414"}],"curies":[{"name":"wp","href":"https:\/\/api.w.org\/{rel}","templated":true}]}}