{"id":36415,"date":"2025-01-30T17:36:08","date_gmt":"2025-01-30T16:36:08","guid":{"rendered":"https:\/\/www.tatanka.nl\/?post_type=product&#038;p=36415"},"modified":"2026-02-06T00:48:30","modified_gmt":"2026-02-05T23:48:30","slug":"auto-white-widow","status":"publish","type":"product","link":"https:\/\/www.tatanka.nl\/es\/auto-white-widow\/","title":{"rendered":"Auto White Widow - Semillas Vision"},"content":{"rendered":"<h2><span data-sheets-value=\"{&quot;1&quot;:2,&quot;2&quot;:&quot;Auto White Widow&quot;}\" data-sheets-userformat=\"{&quot;2&quot;:14915,&quot;3&quot;:{&quot;1&quot;:0},&quot;4&quot;:{&quot;1&quot;:2,&quot;2&quot;:13624051},&quot;9&quot;:0,&quot;12&quot;:0,&quot;14&quot;:{&quot;1&quot;:2,&quot;2&quot;:0},&quot;15&quot;:&quot;Calibri&quot;,&quot;16&quot;:12}\">Auto White Widow<\/span> Semillas de cannabis de Vision Seeds<\/h2>\n<p>Despu\u00e9s de 12 semanas tendr\u00e1s hermosos cogollos maduros para recoger en tu invernadero de marihuana que son lo suficientemente fuertes como para sobrevivir incluso a las condiciones clim\u00e1ticas m\u00e1s duras. \u00a1No esperes m\u00e1s, se\u00f1oras y se\u00f1ores! \u00a1No esperen m\u00e1s!<\/p>\n<p>\u00a1Las semillas de cannabis White Widow Auto son tu nuevo mejor amigo! Estas semillas de cannabis discretas y de crecimiento r\u00e1pido son perfectas para cultivadores en climas m\u00e1s duros. Sus fuertes efectos relajantes las hacen ideales para aliviar la ansiedad, mientras que su r\u00e1pido tiempo de crecimiento hace que la cosecha sea corta y al grano. \u00a1Empieza a cultivarlas hoy mismo!<\/p>\n<p>Esta accesible elecci\u00f3n calmar\u00e1 cualquier frenes\u00ed a la vez que le har\u00e1 sentirse tranquilo con sus efectos calmantes sobre la inflamaci\u00f3n, el dolor y el insomnio. Ideal para el d\u00eda a d\u00eda.<\/p>","protected":false},"excerpt":{"rendered":"<p>La White Widow es la favorita de muchos. Ya sea para combatir el aburrimiento, la ansiedad o la depresi\u00f3n, esta cepa lo consigue sin pasarse durante el d\u00eda. \u00bfY lo mejor? Crece r\u00e1pido. Variedad de cannabis cl\u00e1sica para fumadores de cannabis cl\u00e1sicos. \u00a1Ya sabes lo que es!<\/p>","protected":false},"featured_media":36443,"template":"","meta":[],"product_brand":[],"product_cat":[546,297,547,638],"product_tag":[],"class_list":{"0":"post-36415","1":"product","2":"type-product","3":"status-publish","4":"has-post-thumbnail","6":"product_cat-seedshop","7":"product_cat-all-products","8":"product_cat-autoflowering-seeds","9":"product_cat-vision-seeds","10":"product_shipping_class-creditcard-on","12":"first","13":"instock","14":"taxable","15":"shipping-taxable","16":"purchasable","17":"product-type-variable","18":"has-default-attributes"},"_links":{"self":[{"href":"https:\/\/www.tatanka.nl\/es\/wp-json\/wp\/v2\/product\/36415","targetHints":{"allow":["GET"]}}],"collection":[{"href":"https:\/\/www.tatanka.nl\/es\/wp-json\/wp\/v2\/product"}],"about":[{"href":"https:\/\/www.tatanka.nl\/es\/wp-json\/wp\/v2\/types\/product"}],"wp:featuredmedia":[{"embeddable":true,"href":"https:\/\/www.tatanka.nl\/es\/wp-json\/wp\/v2\/media\/36443"}],"wp:attachment":[{"href":"https:\/\/www.tatanka.nl\/es\/wp-json\/wp\/v2\/media?parent=36415"}],"wp:term":[{"taxonomy":"product_brand","embeddable":true,"href":"https:\/\/www.tatanka.nl\/es\/wp-json\/wp\/v2\/product_brand?post=36415"},{"taxonomy":"product_cat","embeddable":true,"href":"https:\/\/www.tatanka.nl\/es\/wp-json\/wp\/v2\/product_cat?post=36415"},{"taxonomy":"product_tag","embeddable":true,"href":"https:\/\/www.tatanka.nl\/es\/wp-json\/wp\/v2\/product_tag?post=36415"}],"curies":[{"name":"wp","href":"https:\/\/api.w.org\/{rel}","templated":true}]}}