{"id":36416,"date":"2025-01-30T17:36:08","date_gmt":"2025-01-30T16:36:08","guid":{"rendered":"https:\/\/www.tatanka.nl\/?post_type=product&#038;p=36416"},"modified":"2025-05-16T14:41:01","modified_gmt":"2025-05-16T13:41:01","slug":"ak-49","status":"publish","type":"product","link":"https:\/\/www.tatanka.nl\/es\/ak-49\/","title":{"rendered":"AK-49 - Semillas Vision"},"content":{"rendered":"<h2><span data-sheets-value=\"{&quot;1&quot;:2,&quot;2&quot;:&quot;AK-49&quot;}\" data-sheets-userformat=\"{&quot;2&quot;:14915,&quot;3&quot;:{&quot;1&quot;:0},&quot;4&quot;:{&quot;1&quot;:2,&quot;2&quot;:16773836},&quot;9&quot;:0,&quot;12&quot;:0,&quot;14&quot;:{&quot;1&quot;:2,&quot;2&quot;:0},&quot;15&quot;:&quot;docs-Calibri&quot;,&quot;16&quot;:12}\">AK-49<\/span> Semillas de cannabis de Vision Seeds<\/h2>\n<p>No es de extra\u00f1ar que este viejo favorito se haya utilizado para aliviar el dolor cr\u00f3nico, el insomnio, los dolores de cabeza y para combatir los s\u00edntomas del s\u00edndrome premenstrual: es una dama realmente fuerte. Es una famosa dama que es amada por muchos...<\/p>\n<p>Las semillas de cannabis Original AK-49 de Vision seeds son las herramientas perfectas para cultivar una hierba soberbia. Esta cepa potente, resinosa y compacta se ha popularizado en la d\u00e9cada de 1990 por sus fuertes efectos y alto nivel de THC. Si quieres una \u00edndica de alta calidad con una fumada inesperadamente suave, \u00a1estas semillas de cannabis de AK-47 - hermana de AK-49 es exactamente lo que necesitas!<\/p>\n<p>\u00a1Anota estas semillas para obtener tu propia cosecha incre\u00edble!<\/p>","protected":false},"excerpt":{"rendered":"<p>Siempre se puede contar con AK-49 Semillas de Cannabis de alta calidad y euf\u00f3rico zumbido. AK-49 es una cepa potente y f\u00e1cil de fumar. Esta cepa hermana de la AK-47 ofrece cogollos de tama\u00f1o perfecto repletos de resina que se cultivan mejor en condiciones de alta humedad, \u00a1la AK-49 funciona r\u00e1pido y no decepciona!<\/p>","protected":false},"featured_media":36444,"template":"","meta":[],"product_brand":[],"product_cat":[546,297,549,548,638],"product_tag":[],"class_list":{"0":"post-36416","1":"product","2":"type-product","3":"status-publish","4":"has-post-thumbnail","6":"product_cat-seedshop","7":"product_cat-all-products","8":"product_cat-feminized-seeds","9":"product_cat-high-thc-seeds","10":"product_cat-vision-seeds","11":"product_shipping_class-creditcard-on","13":"first","14":"instock","15":"taxable","16":"shipping-taxable","17":"purchasable","18":"product-type-variable","19":"has-default-attributes"},"_links":{"self":[{"href":"https:\/\/www.tatanka.nl\/es\/wp-json\/wp\/v2\/product\/36416","targetHints":{"allow":["GET"]}}],"collection":[{"href":"https:\/\/www.tatanka.nl\/es\/wp-json\/wp\/v2\/product"}],"about":[{"href":"https:\/\/www.tatanka.nl\/es\/wp-json\/wp\/v2\/types\/product"}],"wp:featuredmedia":[{"embeddable":true,"href":"https:\/\/www.tatanka.nl\/es\/wp-json\/wp\/v2\/media\/36444"}],"wp:attachment":[{"href":"https:\/\/www.tatanka.nl\/es\/wp-json\/wp\/v2\/media?parent=36416"}],"wp:term":[{"taxonomy":"product_brand","embeddable":true,"href":"https:\/\/www.tatanka.nl\/es\/wp-json\/wp\/v2\/product_brand?post=36416"},{"taxonomy":"product_cat","embeddable":true,"href":"https:\/\/www.tatanka.nl\/es\/wp-json\/wp\/v2\/product_cat?post=36416"},{"taxonomy":"product_tag","embeddable":true,"href":"https:\/\/www.tatanka.nl\/es\/wp-json\/wp\/v2\/product_tag?post=36416"}],"curies":[{"name":"wp","href":"https:\/\/api.w.org\/{rel}","templated":true}]}}