{"id":36417,"date":"2025-01-30T17:36:08","date_gmt":"2025-01-30T16:36:08","guid":{"rendered":"https:\/\/www.tatanka.nl\/?post_type=product&#038;p=36417"},"modified":"2025-05-16T14:42:11","modified_gmt":"2025-05-16T13:42:11","slug":"amnesia","status":"publish","type":"product","link":"https:\/\/www.tatanka.nl\/es\/amnesia\/","title":{"rendered":"Amnesia - Semillas Vision"},"content":{"rendered":"<h2><span data-sheets-value=\"{&quot;1&quot;:2,&quot;2&quot;:&quot;Amnesia&quot;}\" data-sheets-userformat=\"{&quot;2&quot;:6723,&quot;3&quot;:{&quot;1&quot;:0},&quot;4&quot;:{&quot;1&quot;:2,&quot;2&quot;:16573901},&quot;9&quot;:0,&quot;12&quot;:0,&quot;14&quot;:{&quot;1&quot;:2,&quot;2&quot;:0},&quot;15&quot;:&quot;Arial&quot;}\">Amnesia <\/span>Semillas de cannabis de Vision Seeds<\/h2>\n<p>Estas semillas de cannabis son tu billete a un subid\u00f3n que literalmente te invadir\u00e1 de felicidad y euforia. La Amnesia de Vision Seeds es una mezcla perfecta de motivaci\u00f3n creativa y sativa dominante. Esta dama llevar\u00e1 tu creatividad al l\u00edmite con su hierba energizante que vigoriza todo, desde tus pensamientos hasta tus m\u00fasculos, dej\u00e1ndote inspiraci\u00f3n creativa de sobra.<\/p>\n<p>Su olor es bastante sutil, pero es s\u00f3lo en el momento en que se enciende cuando los fumadores se encuentran con una calada floral y brumosa. Los efectos pueden notarse entre 5 y 15 minutos despu\u00e9s de fumarla y la gente dice sentir una sensaci\u00f3n de felicidad mezclada con un aumento de los efectos cerebrales.<\/p>","protected":false},"excerpt":{"rendered":"<p>Cultivar cannabis en interior es emocionante, pero hay muchas cosas que aprender antes de convertirte en un experto para cultivar por ti mismo. Las semillas de cannabis Amnesia son la introducci\u00f3n perfecta para principiantes a este nuevo mundo del cultivo con una variedad Sativa de floraci\u00f3n r\u00e1pida que engancha enseguida.<\/p>","protected":false},"featured_media":36445,"template":"","meta":[],"product_brand":[],"product_cat":[546,297,549,638],"product_tag":[],"class_list":{"0":"post-36417","1":"product","2":"type-product","3":"status-publish","4":"has-post-thumbnail","6":"product_cat-seedshop","7":"product_cat-all-products","8":"product_cat-feminized-seeds","9":"product_cat-vision-seeds","10":"product_shipping_class-creditcard-on","12":"first","13":"instock","14":"taxable","15":"shipping-taxable","16":"purchasable","17":"product-type-variable","18":"has-default-attributes"},"_links":{"self":[{"href":"https:\/\/www.tatanka.nl\/es\/wp-json\/wp\/v2\/product\/36417","targetHints":{"allow":["GET"]}}],"collection":[{"href":"https:\/\/www.tatanka.nl\/es\/wp-json\/wp\/v2\/product"}],"about":[{"href":"https:\/\/www.tatanka.nl\/es\/wp-json\/wp\/v2\/types\/product"}],"wp:featuredmedia":[{"embeddable":true,"href":"https:\/\/www.tatanka.nl\/es\/wp-json\/wp\/v2\/media\/36445"}],"wp:attachment":[{"href":"https:\/\/www.tatanka.nl\/es\/wp-json\/wp\/v2\/media?parent=36417"}],"wp:term":[{"taxonomy":"product_brand","embeddable":true,"href":"https:\/\/www.tatanka.nl\/es\/wp-json\/wp\/v2\/product_brand?post=36417"},{"taxonomy":"product_cat","embeddable":true,"href":"https:\/\/www.tatanka.nl\/es\/wp-json\/wp\/v2\/product_cat?post=36417"},{"taxonomy":"product_tag","embeddable":true,"href":"https:\/\/www.tatanka.nl\/es\/wp-json\/wp\/v2\/product_tag?post=36417"}],"curies":[{"name":"wp","href":"https:\/\/api.w.org\/{rel}","templated":true}]}}