{"id":36418,"date":"2025-01-30T17:36:08","date_gmt":"2025-01-30T16:36:08","guid":{"rendered":"https:\/\/www.tatanka.nl\/?post_type=product&#038;p=36418"},"modified":"2025-05-16T14:42:37","modified_gmt":"2025-05-16T13:42:37","slug":"amnesia-x-buddha-kush","status":"publish","type":"product","link":"https:\/\/www.tatanka.nl\/es\/amnesia-x-buddha-kush\/","title":{"rendered":"Amnesia x Buddha Kush - Semillas Vision"},"content":{"rendered":"<h2><span data-sheets-value=\"{&quot;1&quot;:2,&quot;2&quot;:&quot;Amnesia x Buddha Kush&quot;}\" data-sheets-userformat=\"{&quot;2&quot;:6723,&quot;3&quot;:{&quot;1&quot;:0},&quot;4&quot;:{&quot;1&quot;:2,&quot;2&quot;:15389148},&quot;9&quot;:0,&quot;12&quot;:0,&quot;14&quot;:{&quot;1&quot;:2,&quot;2&quot;:0},&quot;15&quot;:&quot;Arial&quot;}\">Amnesia x Buddha Kush<\/span> Semillas de cannabis de Vision Seeds<\/h2>\n<p>Estas semillas de cannabis son la elecci\u00f3n perfecta para los amantes de los subidones cerebrales que buscan un potente chute. Si se trata bien, espera tener cogollos enormes y densos cubiertos de resina con un color brillante. Esta dama no es nada t\u00edmida, por lo que es potente con grandes dosis de THC que te har\u00e1n escapar de la realidad. No dejes que su dominancia Sativa te disuada. Estas peque\u00f1as damas de las plantas pueden crecer a lo grande si se les da tiempo para madurar. Espera aromas terrosos que satisfar\u00e1n tus papilas gustativas y que persistir\u00e1n alg\u00fan tiempo despu\u00e9s de la degustaci\u00f3n.<\/p>\n<p>No s\u00f3lo ofrece una gran potencia, sino tambi\u00e9n cogollos enormes y densos cubiertos de brillantes gl\u00e1ndulas de resina que dejan tras de s\u00ed aromas terrosos y c\u00edtricos que vale la pena saborear y persistir en tus papilas gustativas durante alg\u00fan tiempo.<\/p>\n<p>Su potente gen\u00e9tica Sativa la hace propensa a crecer mucho, por lo que ser\u00eda mejor dejarla en interior hasta que haya florecido por completo... \u00a1Un gran cruce para probar si est\u00e1s buscando m\u00e1s plantas \u00fanicas para cultivar!<\/p>","protected":false},"excerpt":{"rendered":"<p>Esta planta de cannabis es la elecci\u00f3n perfecta para los amantes de los subidones cerebrales que buscan un golpe fuerte. Como todos sabemos, a esta chica le encanta pegar fuerte y puede ser bastante potente si se trata bien. Lo que m\u00e1s impresiona de ella es que se convertir\u00e1 en un incre\u00edble potenciador del estado de \u00e1nimo con altos niveles de THC si se cuida adecuadamente. Un cruce muy bonito que gustar\u00e1 a muchos.<\/p>","protected":false},"featured_media":36446,"template":"","meta":[],"product_brand":[],"product_cat":[546,297,549,638],"product_tag":[],"class_list":{"0":"post-36418","1":"product","2":"type-product","3":"status-publish","4":"has-post-thumbnail","6":"product_cat-seedshop","7":"product_cat-all-products","8":"product_cat-feminized-seeds","9":"product_cat-vision-seeds","10":"product_shipping_class-creditcard-on","12":"first","13":"instock","14":"taxable","15":"shipping-taxable","16":"purchasable","17":"product-type-variable","18":"has-default-attributes"},"_links":{"self":[{"href":"https:\/\/www.tatanka.nl\/es\/wp-json\/wp\/v2\/product\/36418","targetHints":{"allow":["GET"]}}],"collection":[{"href":"https:\/\/www.tatanka.nl\/es\/wp-json\/wp\/v2\/product"}],"about":[{"href":"https:\/\/www.tatanka.nl\/es\/wp-json\/wp\/v2\/types\/product"}],"wp:featuredmedia":[{"embeddable":true,"href":"https:\/\/www.tatanka.nl\/es\/wp-json\/wp\/v2\/media\/36446"}],"wp:attachment":[{"href":"https:\/\/www.tatanka.nl\/es\/wp-json\/wp\/v2\/media?parent=36418"}],"wp:term":[{"taxonomy":"product_brand","embeddable":true,"href":"https:\/\/www.tatanka.nl\/es\/wp-json\/wp\/v2\/product_brand?post=36418"},{"taxonomy":"product_cat","embeddable":true,"href":"https:\/\/www.tatanka.nl\/es\/wp-json\/wp\/v2\/product_cat?post=36418"},{"taxonomy":"product_tag","embeddable":true,"href":"https:\/\/www.tatanka.nl\/es\/wp-json\/wp\/v2\/product_tag?post=36418"}],"curies":[{"name":"wp","href":"https:\/\/api.w.org\/{rel}","templated":true}]}}