{"id":36419,"date":"2025-01-30T17:36:08","date_gmt":"2025-01-30T16:36:08","guid":{"rendered":"https:\/\/www.tatanka.nl\/?post_type=product&#038;p=36419"},"modified":"2025-05-16T14:42:43","modified_gmt":"2025-05-16T13:42:43","slug":"big-bud","status":"publish","type":"product","link":"https:\/\/www.tatanka.nl\/es\/big-bud\/","title":{"rendered":"Big Bud - Semillas Vision"},"content":{"rendered":"<h2>Semillas de Cannabis Big Bud de Vision Seeds<\/h2>\n<p>Big Bud es una variedad pesada de dominancia Indica que hace honor a su nombre. Con un tiempo de floraci\u00f3n corto, esta cereza es una delicia para el cultivador. Crece mejor en climas suaves y acogedores y es m\u00e1s popular entre los cultivadores comerciales debido a su alto rendimiento.<\/p>\n<p>Big Bud ha sido galardonada con el trofeo al segundo puesto durante tres a\u00f1os consecutivos en la prestigiosa High Times Cannabis Cup; \u00a1no est\u00e1 nada mal!<\/p>\n<p>Grandes y redondos cogollos son los que hacen que esta pesada \u00edndica sea conocida por su incre\u00edble rendimiento. Si est\u00e1s buscando satisfacer tus deseos medios permitidos en exterior, considera cultivar esta enorme dama productora de cogollos. \u00a1Es realmente incre\u00edble!<\/p>","protected":false},"excerpt":{"rendered":"<p>\u00a1Los cogollos grandes son la mejor clase de cogollos! Con solo 8-9 semanas para que crezcan, puedes tener su poderosa genetica en tu jardin. Big Bud Semillas de Cannabis son para las personas que quieren una planta s\u00f3lida loco para crecer y saber lo que est\u00e1n haciendo. \u00a1El nombre lo dice todo!<\/p>","protected":false},"featured_media":36447,"template":"","meta":[],"product_brand":[],"product_cat":[546,297,549,550,638],"product_tag":[],"class_list":{"0":"post-36419","1":"product","2":"type-product","3":"status-publish","4":"has-post-thumbnail","6":"product_cat-seedshop","7":"product_cat-all-products","8":"product_cat-feminized-seeds","9":"product_cat-seedshop-top-10","10":"product_cat-vision-seeds","11":"product_shipping_class-creditcard-on","13":"first","14":"instock","15":"taxable","16":"shipping-taxable","17":"purchasable","18":"product-type-variable","19":"has-default-attributes"},"_links":{"self":[{"href":"https:\/\/www.tatanka.nl\/es\/wp-json\/wp\/v2\/product\/36419","targetHints":{"allow":["GET"]}}],"collection":[{"href":"https:\/\/www.tatanka.nl\/es\/wp-json\/wp\/v2\/product"}],"about":[{"href":"https:\/\/www.tatanka.nl\/es\/wp-json\/wp\/v2\/types\/product"}],"wp:featuredmedia":[{"embeddable":true,"href":"https:\/\/www.tatanka.nl\/es\/wp-json\/wp\/v2\/media\/36447"}],"wp:attachment":[{"href":"https:\/\/www.tatanka.nl\/es\/wp-json\/wp\/v2\/media?parent=36419"}],"wp:term":[{"taxonomy":"product_brand","embeddable":true,"href":"https:\/\/www.tatanka.nl\/es\/wp-json\/wp\/v2\/product_brand?post=36419"},{"taxonomy":"product_cat","embeddable":true,"href":"https:\/\/www.tatanka.nl\/es\/wp-json\/wp\/v2\/product_cat?post=36419"},{"taxonomy":"product_tag","embeddable":true,"href":"https:\/\/www.tatanka.nl\/es\/wp-json\/wp\/v2\/product_tag?post=36419"}],"curies":[{"name":"wp","href":"https:\/\/api.w.org\/{rel}","templated":true}]}}