{"id":36420,"date":"2025-01-30T17:36:08","date_gmt":"2025-01-30T16:36:08","guid":{"rendered":"https:\/\/www.tatanka.nl\/?post_type=product&#038;p=36420"},"modified":"2025-06-20T00:48:32","modified_gmt":"2025-06-19T23:48:32","slug":"blue-power","status":"publish","type":"product","link":"https:\/\/www.tatanka.nl\/es\/blue-power\/","title":{"rendered":"Blue Power - Semillas Vision"},"content":{"rendered":"<h2>Semillas de Cannabis Blue Power de Vision Seeds<\/h2>\n<p>Las semillas de cannabis Blue Power son perfectas para todas tus necesidades dulces y afrutadas. Creadas mediante el cruce de Blueberry con White Widow y Skunk, estas semillas producen una potente hierba con aroma a algod\u00f3n de az\u00facar. Estos peque\u00f1os y h\u00famedos chicos har\u00e1n que te preguntes por qu\u00e9 nunca antes hab\u00edas prestado atenci\u00f3n a las variedades potentes.<\/p>\n<p>Hazte con algunas semillas de cannabis Blue Power de Vision Seeds y prep\u00e1rate para asombrarte con su incre\u00edblemente bonito e interminable sabor rematado con una explosi\u00f3n de CBD.<\/p>\n<p>Cogollos de color caramelo, \u00a1coloc\u00f3n de caramelo estrellado! Eso es lo que obtienes cuando cruzas Skunk, White Widow y Blueberry juntas para esta incre\u00edble variedad que te dar\u00e1 lo que necesitas en todo momento: energ\u00eda, euforia y felicidad envueltas en un incre\u00edble aroma a bayas. Todos los golosos tienen que probarla.<\/p>","protected":false},"excerpt":{"rendered":"<p>El cannabis Blue Power es imprescindible en tu jard\u00edn. Despu\u00e9s de oler esta potente variedad, sabr\u00e1s por qu\u00e9. Suave y afrutada con un distintivo aroma a bayas, la Blue Power es una de las flores de cannabis m\u00e1s deseadas dentro de la colecci\u00f3n de Vision Seeds. \u00a1Incre\u00edble y sabrosa reina que trae una experiencia de fumar incre\u00edble!<\/p>","protected":false},"featured_media":36448,"template":"","meta":[],"product_brand":[],"product_cat":[546,297,549,638],"product_tag":[],"class_list":{"0":"post-36420","1":"product","2":"type-product","3":"status-publish","4":"has-post-thumbnail","6":"product_cat-seedshop","7":"product_cat-all-products","8":"product_cat-feminized-seeds","9":"product_cat-vision-seeds","10":"product_shipping_class-creditcard-on","12":"first","13":"instock","14":"taxable","15":"shipping-taxable","16":"purchasable","17":"product-type-variable","18":"has-default-attributes"},"_links":{"self":[{"href":"https:\/\/www.tatanka.nl\/es\/wp-json\/wp\/v2\/product\/36420","targetHints":{"allow":["GET"]}}],"collection":[{"href":"https:\/\/www.tatanka.nl\/es\/wp-json\/wp\/v2\/product"}],"about":[{"href":"https:\/\/www.tatanka.nl\/es\/wp-json\/wp\/v2\/types\/product"}],"wp:featuredmedia":[{"embeddable":true,"href":"https:\/\/www.tatanka.nl\/es\/wp-json\/wp\/v2\/media\/36448"}],"wp:attachment":[{"href":"https:\/\/www.tatanka.nl\/es\/wp-json\/wp\/v2\/media?parent=36420"}],"wp:term":[{"taxonomy":"product_brand","embeddable":true,"href":"https:\/\/www.tatanka.nl\/es\/wp-json\/wp\/v2\/product_brand?post=36420"},{"taxonomy":"product_cat","embeddable":true,"href":"https:\/\/www.tatanka.nl\/es\/wp-json\/wp\/v2\/product_cat?post=36420"},{"taxonomy":"product_tag","embeddable":true,"href":"https:\/\/www.tatanka.nl\/es\/wp-json\/wp\/v2\/product_tag?post=36420"}],"curies":[{"name":"wp","href":"https:\/\/api.w.org\/{rel}","templated":true}]}}