{"id":36421,"date":"2025-01-30T17:36:09","date_gmt":"2025-01-30T16:36:09","guid":{"rendered":"https:\/\/www.tatanka.nl\/?post_type=product&#038;p=36421"},"modified":"2025-05-16T14:40:25","modified_gmt":"2025-05-16T13:40:25","slug":"bona-dea-cbd","status":"publish","type":"product","link":"https:\/\/www.tatanka.nl\/es\/bona-dea-cbd\/","title":{"rendered":"Bona Dea (CBD+) - Semillas Vision"},"content":{"rendered":"<h2><span data-sheets-value=\"{&quot;1&quot;:2,&quot;2&quot;:&quot;Bona Dea (CBD+)&quot;}\" data-sheets-userformat=\"{&quot;2&quot;:6723,&quot;3&quot;:{&quot;1&quot;:0},&quot;4&quot;:{&quot;1&quot;:2,&quot;2&quot;:14275305},&quot;9&quot;:0,&quot;12&quot;:0,&quot;14&quot;:{&quot;1&quot;:2,&quot;2&quot;:0},&quot;15&quot;:&quot;Arial&quot;}\">Bona Dea (CBD+)<\/span> Semillas de cannabis de Vision Seeds<\/h2>\n<p>Bona Dea es un incre\u00edble h\u00edbrido Indica que ha sido optimizado para aportar altos niveles de CBD. Perfecta para aquellos a los que les gusta la marihuana medicinal pero no quieren los fuertes efectos psicoactivos, esta cepa relajar\u00e1 tus m\u00fasculos y te permitir\u00e1 conciliar el sue\u00f1o m\u00e1s f\u00e1cilmente despu\u00e9s de un d\u00eda estresante en el trabajo o en la escuela. El equilibrio perfecto de THC y CBD significa que Bona Dea ofrece beneficios \u00f3ptimos para los humanos que buscan alivio medicinal sin perder su espacio mental. \u00bfQu\u00e9 mejor manera de relajarse que con un poco de deliciosa hierba?<\/p>\n<p>Por una vez has llegado a la jornada laboral, pero tienes muchas reuniones por delante y todav\u00eda te duele la mu\u00f1eca. Tranquil\u00edzate con las semillas de cannabis Bona Dea (CBD+) de Vision Seeds, que aportar\u00e1n paz a tus m\u00fasculos y te proporcionar\u00e1n incre\u00edbles beneficios relajantes sin dejarte fuera de combate. Ten en cuenta que a\u00fan contiene 9% de THC.<\/p>","protected":false},"excerpt":{"rendered":"<p>Estos incre\u00edbles cogollos de Cannabis Indica te dejar\u00e1n relajado, sin dolor y durmiendo como un beb\u00e9. Una hermosa cepa que es perfecta para cualquiera que sienta los efectos de las cepas de alto THC demasiado fuertes. Estar\u00e1s de suerte con el contenido equilibrado de THC y CBD de Bona Dea para asegurarte de que puedes cosechar todos los beneficios medicinales sin ninguna represi\u00f3n del pensamiento o sensaci\u00f3n f\u00edsica. Si la relajaci\u00f3n sensata te suena bien, \u00a1entonces Bona Dea es tu chica!<\/p>","protected":false},"featured_media":36449,"template":"","meta":[],"product_brand":[],"product_cat":[546,297,549,550,638],"product_tag":[],"class_list":{"0":"post-36421","1":"product","2":"type-product","3":"status-publish","4":"has-post-thumbnail","6":"product_cat-seedshop","7":"product_cat-all-products","8":"product_cat-feminized-seeds","9":"product_cat-seedshop-top-10","10":"product_cat-vision-seeds","11":"product_shipping_class-creditcard-on","13":"first","14":"instock","15":"taxable","16":"shipping-taxable","17":"purchasable","18":"product-type-variable","19":"has-default-attributes"},"_links":{"self":[{"href":"https:\/\/www.tatanka.nl\/es\/wp-json\/wp\/v2\/product\/36421","targetHints":{"allow":["GET"]}}],"collection":[{"href":"https:\/\/www.tatanka.nl\/es\/wp-json\/wp\/v2\/product"}],"about":[{"href":"https:\/\/www.tatanka.nl\/es\/wp-json\/wp\/v2\/types\/product"}],"wp:featuredmedia":[{"embeddable":true,"href":"https:\/\/www.tatanka.nl\/es\/wp-json\/wp\/v2\/media\/36449"}],"wp:attachment":[{"href":"https:\/\/www.tatanka.nl\/es\/wp-json\/wp\/v2\/media?parent=36421"}],"wp:term":[{"taxonomy":"product_brand","embeddable":true,"href":"https:\/\/www.tatanka.nl\/es\/wp-json\/wp\/v2\/product_brand?post=36421"},{"taxonomy":"product_cat","embeddable":true,"href":"https:\/\/www.tatanka.nl\/es\/wp-json\/wp\/v2\/product_cat?post=36421"},{"taxonomy":"product_tag","embeddable":true,"href":"https:\/\/www.tatanka.nl\/es\/wp-json\/wp\/v2\/product_tag?post=36421"}],"curies":[{"name":"wp","href":"https:\/\/api.w.org\/{rel}","templated":true}]}}