{"id":36423,"date":"2025-01-30T17:36:09","date_gmt":"2025-01-30T16:36:09","guid":{"rendered":"https:\/\/www.tatanka.nl\/?post_type=product&#038;p=36423"},"modified":"2025-05-16T14:40:37","modified_gmt":"2025-05-16T13:40:37","slug":"caramel-monster","status":"publish","type":"product","link":"https:\/\/www.tatanka.nl\/es\/caramel-monster\/","title":{"rendered":"Caramel Monster - Semillas Vision"},"content":{"rendered":"<h2>Semillas de Cannabis Caramel Monster de Vision Seeds<\/h2>\n<p>Los cannabinoides de las semillas de marihuana Caramel Monster son tan sedantes que hasta tus problemas desaparecer\u00e1n con una calada de este cogollo de cannabis. Con su dulce sabor a bayas con un trasfondo de caramelo duradero, esta variedad de cannabis fue creada para aquellos que disfrutan de una fumada f\u00e1cil de manejar. Con unos niveles de THC de 16-22% de media, la hierba Caramel Monster es perfecta para los cultivadores que buscan rentabilizar su inversi\u00f3n.<\/p>\n<p>Esta cepa ser\u00e1 pesada en los sabores dulces y la luz en los olores si usted sabe c\u00f3mo cuidar de ella. Ten en cuenta que no s\u00f3lo es bonita, sino que tambi\u00e9n posee todas las caracter\u00edsticas de una Indica, incluyendo cogollos densos con largos pelos anaranjados y tricomas.<\/p>","protected":false},"excerpt":{"rendered":"<p>La Caramel Monster de Vision Seeds no s\u00f3lo es la variedad de cannabis m\u00e1s dulce que jam\u00e1s hayas conocido, sino que su sabor y aroma son completamente deliciosos. Como miembro de la familia Lavender, cerca de la mitad del espectro del cultivo de cannabis, dar\u00e1 a los cultivadores una planta de altura media con un excelente nivel de THC. No puedes equivocarte al probar esta dama en particular, \u00a1ya que sus cogollos son densos y verdes con pelos y tricomas de color naranja brillante!<\/p>","protected":false},"featured_media":36451,"template":"","meta":[],"product_brand":[],"product_cat":[546,297,549,548,550,638],"product_tag":[],"class_list":{"0":"post-36423","1":"product","2":"type-product","3":"status-publish","4":"has-post-thumbnail","6":"product_cat-seedshop","7":"product_cat-all-products","8":"product_cat-feminized-seeds","9":"product_cat-high-thc-seeds","10":"product_cat-seedshop-top-10","11":"product_cat-vision-seeds","12":"product_shipping_class-creditcard-on","14":"first","15":"instock","16":"taxable","17":"shipping-taxable","18":"purchasable","19":"product-type-variable","20":"has-default-attributes"},"_links":{"self":[{"href":"https:\/\/www.tatanka.nl\/es\/wp-json\/wp\/v2\/product\/36423","targetHints":{"allow":["GET"]}}],"collection":[{"href":"https:\/\/www.tatanka.nl\/es\/wp-json\/wp\/v2\/product"}],"about":[{"href":"https:\/\/www.tatanka.nl\/es\/wp-json\/wp\/v2\/types\/product"}],"wp:featuredmedia":[{"embeddable":true,"href":"https:\/\/www.tatanka.nl\/es\/wp-json\/wp\/v2\/media\/36451"}],"wp:attachment":[{"href":"https:\/\/www.tatanka.nl\/es\/wp-json\/wp\/v2\/media?parent=36423"}],"wp:term":[{"taxonomy":"product_brand","embeddable":true,"href":"https:\/\/www.tatanka.nl\/es\/wp-json\/wp\/v2\/product_brand?post=36423"},{"taxonomy":"product_cat","embeddable":true,"href":"https:\/\/www.tatanka.nl\/es\/wp-json\/wp\/v2\/product_cat?post=36423"},{"taxonomy":"product_tag","embeddable":true,"href":"https:\/\/www.tatanka.nl\/es\/wp-json\/wp\/v2\/product_tag?post=36423"}],"curies":[{"name":"wp","href":"https:\/\/api.w.org\/{rel}","templated":true}]}}