{"id":36424,"date":"2025-01-30T17:36:09","date_gmt":"2025-01-30T16:36:09","guid":{"rendered":"https:\/\/www.tatanka.nl\/?post_type=product&#038;p=36424"},"modified":"2025-05-16T14:40:37","modified_gmt":"2025-05-16T13:40:37","slug":"cheese","status":"publish","type":"product","link":"https:\/\/www.tatanka.nl\/es\/cheese\/","title":{"rendered":"Cheese - Semillas Vision"},"content":{"rendered":"<h2>Semillas de Cannabis Cheese de Vision Seeds<\/h2>\n<p>Las semillas de cannabis Cheese de Vision Seeds le encantar\u00e1n a cualquier fan ac\u00e9rrimo del cannabis con sabor a queso que prospere cuando ese aroma almizclado flota en la habitaci\u00f3n. La gen\u00e9tica de estas plantas Cheese relativamente fuertes es bastante apretada e intensa, por lo que puedes esperar un gran aroma a cannabis fuerte con matices skunk. Conseguir\u00e1s un coloc\u00f3n corporal decente junto con una agradable euforia despu\u00e9s de fumarla.<\/p>\n<p>Esta planta est\u00e1 garantizada para deleitar a todos los amantes del queso que buscan una agradable experiencia emocional, f\u00edsica y mental. Cheese de Vision Seeds te hipnotizar\u00e1 con su aroma funky de almizcle skunk kush. La cepa ofrece un coloc\u00f3n corporal incre\u00edble junto con una euforia placentera.<\/p>","protected":false},"excerpt":{"rendered":"<p>La variedad de cannabis Cheese es conocida por el olor a almizcle que desprende. Hecho para aquellos que aman todas las cosas con queso, esta planta est\u00e1 garantizada para mantenerte satisfecho en m\u00e1s de un sentido con su fuerte impacto de skunk y kush. Es una variedad incre\u00edblemente buena para un verdadero amante del cannabis.<\/p>","protected":false},"featured_media":36452,"template":"","meta":[],"product_brand":[],"product_cat":[546,297,549,638],"product_tag":[],"class_list":{"0":"post-36424","1":"product","2":"type-product","3":"status-publish","4":"has-post-thumbnail","6":"product_cat-seedshop","7":"product_cat-all-products","8":"product_cat-feminized-seeds","9":"product_cat-vision-seeds","10":"product_shipping_class-creditcard-on","12":"first","13":"instock","14":"taxable","15":"shipping-taxable","16":"purchasable","17":"product-type-variable","18":"has-default-attributes"},"_links":{"self":[{"href":"https:\/\/www.tatanka.nl\/es\/wp-json\/wp\/v2\/product\/36424","targetHints":{"allow":["GET"]}}],"collection":[{"href":"https:\/\/www.tatanka.nl\/es\/wp-json\/wp\/v2\/product"}],"about":[{"href":"https:\/\/www.tatanka.nl\/es\/wp-json\/wp\/v2\/types\/product"}],"wp:featuredmedia":[{"embeddable":true,"href":"https:\/\/www.tatanka.nl\/es\/wp-json\/wp\/v2\/media\/36452"}],"wp:attachment":[{"href":"https:\/\/www.tatanka.nl\/es\/wp-json\/wp\/v2\/media?parent=36424"}],"wp:term":[{"taxonomy":"product_brand","embeddable":true,"href":"https:\/\/www.tatanka.nl\/es\/wp-json\/wp\/v2\/product_brand?post=36424"},{"taxonomy":"product_cat","embeddable":true,"href":"https:\/\/www.tatanka.nl\/es\/wp-json\/wp\/v2\/product_cat?post=36424"},{"taxonomy":"product_tag","embeddable":true,"href":"https:\/\/www.tatanka.nl\/es\/wp-json\/wp\/v2\/product_tag?post=36424"}],"curies":[{"name":"wp","href":"https:\/\/api.w.org\/{rel}","templated":true}]}}