{"id":36425,"date":"2025-01-30T17:36:09","date_gmt":"2025-01-30T16:36:09","guid":{"rendered":"https:\/\/www.tatanka.nl\/?post_type=product&#038;p=36425"},"modified":"2025-05-16T14:40:46","modified_gmt":"2025-05-16T13:40:46","slug":"choco-bud","status":"publish","type":"product","link":"https:\/\/www.tatanka.nl\/es\/choco-bud\/","title":{"rendered":"Choco Bud - Semillas Vision"},"content":{"rendered":"<h2>Semillas de Cannabis Choco Bud de Vision Seeds<\/h2>\n<p>Con un alto nivel de CBD, la variedad de cannabis Choco Bud es potente para aliviar muchas dolencias corporales. Con unos rendimientos de 160-180 g\/m2, esta belleza har\u00e1 que te enamores de su forma de crecer. El principal inter\u00e9s de cualquiera que la haya cultivado es, sin duda, su incre\u00edble sabor. Cuando se seca y se cura antes de consumirla, puedes esperar encontrar el sabor a chocolate\/caramelo infundido en cada calada de esta hierba.<\/p>\n<p>Con caracter\u00edsticas que recuerdan a la Sour Diesel, que es divertida y cerebral, a la Purple Kush, que proporciona el coloc\u00f3n corporal que te hace sentir feliz por dentro, y a otras cepas potentes como la Strawberry Moonshine o la Tahoe OG Kush, que proporcionan un subid\u00f3n mental cada vez mayor que te deja la mente totalmente despejada. Una gran elecci\u00f3n.<\/p>","protected":false},"excerpt":{"rendered":"<p>\u00a1Son realmente buenas! Criado para los fumadores aventureros que buscan un poco de versatilidad en su alta, esta chica va a hacer muy bien. \u00a1Dulce para los sentidos! Esta dama real de las flores de cannabis proporciona un excitante y ligero sabor a chocolate y caramelo con un final afrutado. Una chica esponjosa y ramificada, la Choco Bud de Vision Seeds ha sido descrita por muchos como \u00a1\u00fanica y asombrosa!<\/p>","protected":false},"featured_media":36453,"template":"","meta":[],"product_brand":[],"product_cat":[546,297,549,550,638],"product_tag":[],"class_list":{"0":"post-36425","1":"product","2":"type-product","3":"status-publish","4":"has-post-thumbnail","6":"product_cat-seedshop","7":"product_cat-all-products","8":"product_cat-feminized-seeds","9":"product_cat-seedshop-top-10","10":"product_cat-vision-seeds","11":"product_shipping_class-creditcard-on","13":"first","14":"instock","15":"taxable","16":"shipping-taxable","17":"purchasable","18":"product-type-variable","19":"has-default-attributes"},"_links":{"self":[{"href":"https:\/\/www.tatanka.nl\/es\/wp-json\/wp\/v2\/product\/36425","targetHints":{"allow":["GET"]}}],"collection":[{"href":"https:\/\/www.tatanka.nl\/es\/wp-json\/wp\/v2\/product"}],"about":[{"href":"https:\/\/www.tatanka.nl\/es\/wp-json\/wp\/v2\/types\/product"}],"wp:featuredmedia":[{"embeddable":true,"href":"https:\/\/www.tatanka.nl\/es\/wp-json\/wp\/v2\/media\/36453"}],"wp:attachment":[{"href":"https:\/\/www.tatanka.nl\/es\/wp-json\/wp\/v2\/media?parent=36425"}],"wp:term":[{"taxonomy":"product_brand","embeddable":true,"href":"https:\/\/www.tatanka.nl\/es\/wp-json\/wp\/v2\/product_brand?post=36425"},{"taxonomy":"product_cat","embeddable":true,"href":"https:\/\/www.tatanka.nl\/es\/wp-json\/wp\/v2\/product_cat?post=36425"},{"taxonomy":"product_tag","embeddable":true,"href":"https:\/\/www.tatanka.nl\/es\/wp-json\/wp\/v2\/product_tag?post=36425"}],"curies":[{"name":"wp","href":"https:\/\/api.w.org\/{rel}","templated":true}]}}