{"id":36426,"date":"2025-01-30T17:36:09","date_gmt":"2025-01-30T16:36:09","guid":{"rendered":"https:\/\/www.tatanka.nl\/?post_type=product&#038;p=36426"},"modified":"2025-05-16T14:40:54","modified_gmt":"2025-05-16T13:40:54","slug":"critical-impact","status":"publish","type":"product","link":"https:\/\/www.tatanka.nl\/es\/critical-impact\/","title":{"rendered":"Critical Impact - Semillas Vision"},"content":{"rendered":"<h2>Semillas de cannabis Critical Impact de Vision Seeds<\/h2>\n<p>Nada te convertir\u00e1 en un cultivador de cannabis mejor y m\u00e1s exitoso que manejar una Critical Impact. Como cualquier buen h\u00edbrido Skunk\/Kush, es la planta adecuada para aquellos que buscan maximizar su cosecha y disfrutar de uno de los mejores humos del planeta. Estar\u00e1s encantado con su abundante producci\u00f3n, ya que disfruta de una incre\u00edble tasa de crecimiento que s\u00f3lo se hace m\u00e1s fuerte a medida que comienza tu transici\u00f3n de floraci\u00f3n, \u00a1y es totalmente natural!<\/p>\n<p>\u00a1Aseg\u00farese de que su equipo de cultivo puede manejar esta chica mala como ella es picante y maloliente como ning\u00fan otro! La elecci\u00f3n perfecta para cultivadores experimentados o para aquellos que buscan \"crecer a lo grande o irse a casa\".<\/p>","protected":false},"excerpt":{"rendered":"<p>Estas semillas de cannabis Critical Impact son imprescindibles para los amantes de las grandes cosechas de hierba de alta calidad. Con 600 gramos o m\u00e1s por metro cuadrado en interior, esta es una de las cepas m\u00e1s r\u00e1pidas y de mejor producci\u00f3n del mercado, \u00a1tanto en interior como en exterior! Tambi\u00e9n huele muy bien, \u00a1as\u00ed que no dejes de quererla y ser\u00e1s muy recompensado!<\/p>","protected":false},"featured_media":36454,"template":"","meta":[],"product_brand":[],"product_cat":[546,297,549,638],"product_tag":[],"class_list":{"0":"post-36426","1":"product","2":"type-product","3":"status-publish","4":"has-post-thumbnail","6":"product_cat-seedshop","7":"product_cat-all-products","8":"product_cat-feminized-seeds","9":"product_cat-vision-seeds","10":"product_shipping_class-creditcard-on","12":"first","13":"instock","14":"taxable","15":"shipping-taxable","16":"purchasable","17":"product-type-variable","18":"has-default-attributes"},"_links":{"self":[{"href":"https:\/\/www.tatanka.nl\/es\/wp-json\/wp\/v2\/product\/36426","targetHints":{"allow":["GET"]}}],"collection":[{"href":"https:\/\/www.tatanka.nl\/es\/wp-json\/wp\/v2\/product"}],"about":[{"href":"https:\/\/www.tatanka.nl\/es\/wp-json\/wp\/v2\/types\/product"}],"wp:featuredmedia":[{"embeddable":true,"href":"https:\/\/www.tatanka.nl\/es\/wp-json\/wp\/v2\/media\/36454"}],"wp:attachment":[{"href":"https:\/\/www.tatanka.nl\/es\/wp-json\/wp\/v2\/media?parent=36426"}],"wp:term":[{"taxonomy":"product_brand","embeddable":true,"href":"https:\/\/www.tatanka.nl\/es\/wp-json\/wp\/v2\/product_brand?post=36426"},{"taxonomy":"product_cat","embeddable":true,"href":"https:\/\/www.tatanka.nl\/es\/wp-json\/wp\/v2\/product_cat?post=36426"},{"taxonomy":"product_tag","embeddable":true,"href":"https:\/\/www.tatanka.nl\/es\/wp-json\/wp\/v2\/product_tag?post=36426"}],"curies":[{"name":"wp","href":"https:\/\/api.w.org\/{rel}","templated":true}]}}