{"id":36455,"date":"2025-01-30T17:36:27","date_gmt":"2025-01-30T16:36:27","guid":{"rendered":"https:\/\/www.tatanka.nl\/?post_type=product&#038;p=36455"},"modified":"2025-05-16T14:39:05","modified_gmt":"2025-05-16T13:39:05","slug":"crystal-queen","status":"publish","type":"product","link":"https:\/\/www.tatanka.nl\/es\/crystal-queen\/","title":{"rendered":"Crystal Queen - Semillas Vision"},"content":{"rendered":"<h2><span data-sheets-value=\"{&quot;1&quot;:2,&quot;2&quot;:&quot;Crystal Queen&quot;}\" data-sheets-userformat=\"{&quot;2&quot;:6723,&quot;3&quot;:{&quot;1&quot;:0},&quot;4&quot;:{&quot;1&quot;:2,&quot;2&quot;:13228792},&quot;9&quot;:0,&quot;12&quot;:0,&quot;14&quot;:{&quot;1&quot;:2,&quot;2&quot;:0},&quot;15&quot;:&quot;Arial&quot;}\">Crystal Queen<\/span> Semillas de cannabis de Vision Seeds<\/h2>\n<p>Simplemente por ser tan bonita te dan ganas de fumarla inmediatamente. Y luego cumple en todos los frentes: su rendimiento no es demasiado peque\u00f1o ni demasiado grande para cualquier situaci\u00f3n, sus cogollos llevan niveles impresionantes de THC, lo que significa que esta reina tambi\u00e9n tiene un potente efecto en tu sistema.<\/p>\n<p>Su paleta de sabores mezclados ricos en terpenos har\u00e1 que cada inhalaci\u00f3n sea lo m\u00e1s placentera posible; \u00a1no te pierdas ahora esas flores cubiertas de cristales!<\/p>\n<p>Las semillas de cannabis Crystal Queen son casi tan buenas como ser coronada ella misma. Con un tama\u00f1o, calidad, densidad, potencia y experiencia de cultivo asombrosos, te sorprender\u00e1 tanto que incluso querr\u00e1s ponerte una tiara.<\/p>","protected":false},"excerpt":{"rendered":"<p>Las semillas de cannabis Crystal Queen de Vision Seeds son la combinaci\u00f3n perfecta de asombrosa, suave y escalofriante. Como una cepa de cannabis de \u00e9lite con la friolera de 20% de potencia de THC, Crystal Queen es pura dicha - \u00a1la atracci\u00f3n natural del deleite del cultivador! Lleva tanto su aspecto como su sabor a un nivel completamente nuevo.<\/p>","protected":false},"featured_media":36485,"template":"","meta":[],"product_brand":[],"product_cat":[546,297,549,548,638],"product_tag":[],"class_list":{"0":"post-36455","1":"product","2":"type-product","3":"status-publish","4":"has-post-thumbnail","6":"product_cat-seedshop","7":"product_cat-all-products","8":"product_cat-feminized-seeds","9":"product_cat-high-thc-seeds","10":"product_cat-vision-seeds","11":"product_shipping_class-creditcard-on","13":"first","14":"instock","15":"taxable","16":"shipping-taxable","17":"purchasable","18":"product-type-variable","19":"has-default-attributes"},"_links":{"self":[{"href":"https:\/\/www.tatanka.nl\/es\/wp-json\/wp\/v2\/product\/36455","targetHints":{"allow":["GET"]}}],"collection":[{"href":"https:\/\/www.tatanka.nl\/es\/wp-json\/wp\/v2\/product"}],"about":[{"href":"https:\/\/www.tatanka.nl\/es\/wp-json\/wp\/v2\/types\/product"}],"wp:featuredmedia":[{"embeddable":true,"href":"https:\/\/www.tatanka.nl\/es\/wp-json\/wp\/v2\/media\/36485"}],"wp:attachment":[{"href":"https:\/\/www.tatanka.nl\/es\/wp-json\/wp\/v2\/media?parent=36455"}],"wp:term":[{"taxonomy":"product_brand","embeddable":true,"href":"https:\/\/www.tatanka.nl\/es\/wp-json\/wp\/v2\/product_brand?post=36455"},{"taxonomy":"product_cat","embeddable":true,"href":"https:\/\/www.tatanka.nl\/es\/wp-json\/wp\/v2\/product_cat?post=36455"},{"taxonomy":"product_tag","embeddable":true,"href":"https:\/\/www.tatanka.nl\/es\/wp-json\/wp\/v2\/product_tag?post=36455"}],"curies":[{"name":"wp","href":"https:\/\/api.w.org\/{rel}","templated":true}]}}