{"id":36456,"date":"2025-01-30T17:36:27","date_gmt":"2025-01-30T16:36:27","guid":{"rendered":"https:\/\/www.tatanka.nl\/?post_type=product&#038;p=36456"},"modified":"2025-05-16T14:39:08","modified_gmt":"2025-05-16T13:39:08","slug":"dark-star-x-ak-49","status":"publish","type":"product","link":"https:\/\/www.tatanka.nl\/es\/dark-star-x-ak-49\/","title":{"rendered":"Dark Star x AK-49 - Semillas Vision"},"content":{"rendered":"<h2><span data-sheets-value=\"{&quot;1&quot;:2,&quot;2&quot;:&quot;Dark Star x AK-49&quot;}\" data-sheets-userformat=\"{&quot;2&quot;:6723,&quot;3&quot;:{&quot;1&quot;:0},&quot;4&quot;:{&quot;1&quot;:2,&quot;2&quot;:14275305},&quot;9&quot;:0,&quot;12&quot;:0,&quot;14&quot;:{&quot;1&quot;:2,&quot;2&quot;:0},&quot;15&quot;:&quot;Arial&quot;}\">Dark Star x AK-49 <\/span>Semillas de cannabis de Vision Seeds<\/h2>\n<p>AK-49 x Dark Star es una combinaci\u00f3n de leyendas absolutas, y es un placer para m\u00ed presentarte esta variedad galardonada. Esta cepa tiene uno de los \u00e1rboles geneal\u00f3gicos m\u00e1s interesantes de nuestra lista de semillas de cannabis, as\u00ed que si buscas una gen\u00e9tica emocionante, ella es para ti.<\/p>\n<p>En condiciones perfectas, es decir, con un cultivador experimentado que cuide sus plantas, Dark Star x AK-49 puede producir cerca de 1 kg de cogollos densos. El sabor ofrece un buen equilibrio entre los sabores terrosos y picantes con los dulces que se mezclan muy bien. \u00a1S\u00faper planta para s\u00faper cultivadores!<\/p>","protected":false},"excerpt":{"rendered":"<p>Dark Star x AK-49 es una variedad h\u00edbrida equilibrada que seguramente te impresionar\u00e1 por su sabor. Tone combina sabores dominantes de tierra, especias y aromas dulces para una experiencia incre\u00edble en todo momento. Si se cuida adecuadamente en exterior, espera cosechar una incre\u00edble cantidad de cogollos densos. \u00a1Esta planta no es ninguna broma!<\/p>","protected":false},"featured_media":36486,"template":"","meta":[],"product_brand":[],"product_cat":[546,297,549,548,638],"product_tag":[],"class_list":{"0":"post-36456","1":"product","2":"type-product","3":"status-publish","4":"has-post-thumbnail","6":"product_cat-seedshop","7":"product_cat-all-products","8":"product_cat-feminized-seeds","9":"product_cat-high-thc-seeds","10":"product_cat-vision-seeds","11":"product_shipping_class-creditcard-on","13":"first","14":"instock","15":"taxable","16":"shipping-taxable","17":"purchasable","18":"product-type-variable","19":"has-default-attributes"},"_links":{"self":[{"href":"https:\/\/www.tatanka.nl\/es\/wp-json\/wp\/v2\/product\/36456","targetHints":{"allow":["GET"]}}],"collection":[{"href":"https:\/\/www.tatanka.nl\/es\/wp-json\/wp\/v2\/product"}],"about":[{"href":"https:\/\/www.tatanka.nl\/es\/wp-json\/wp\/v2\/types\/product"}],"wp:featuredmedia":[{"embeddable":true,"href":"https:\/\/www.tatanka.nl\/es\/wp-json\/wp\/v2\/media\/36486"}],"wp:attachment":[{"href":"https:\/\/www.tatanka.nl\/es\/wp-json\/wp\/v2\/media?parent=36456"}],"wp:term":[{"taxonomy":"product_brand","embeddable":true,"href":"https:\/\/www.tatanka.nl\/es\/wp-json\/wp\/v2\/product_brand?post=36456"},{"taxonomy":"product_cat","embeddable":true,"href":"https:\/\/www.tatanka.nl\/es\/wp-json\/wp\/v2\/product_cat?post=36456"},{"taxonomy":"product_tag","embeddable":true,"href":"https:\/\/www.tatanka.nl\/es\/wp-json\/wp\/v2\/product_tag?post=36456"}],"curies":[{"name":"wp","href":"https:\/\/api.w.org\/{rel}","templated":true}]}}