{"id":36457,"date":"2025-01-30T17:36:27","date_gmt":"2025-01-30T16:36:27","guid":{"rendered":"https:\/\/www.tatanka.nl\/?post_type=product&#038;p=36457"},"modified":"2025-05-16T14:39:13","modified_gmt":"2025-05-16T13:39:13","slug":"doctor-jamaica","status":"publish","type":"product","link":"https:\/\/www.tatanka.nl\/es\/doctor-jamaica\/","title":{"rendered":"Doctor Jamaica - Semillas Vision"},"content":{"rendered":"<h2><span data-sheets-value=\"{&quot;1&quot;:2,&quot;2&quot;:&quot;Doctor Jamaica&quot;}\" data-sheets-userformat=\"{&quot;2&quot;:6723,&quot;3&quot;:{&quot;1&quot;:0},&quot;4&quot;:{&quot;1&quot;:2,&quot;2&quot;:16043212},&quot;9&quot;:0,&quot;12&quot;:0,&quot;14&quot;:{&quot;1&quot;:2,&quot;2&quot;:0},&quot;15&quot;:&quot;Arial&quot;}\">Doctor Jamaica<\/span> Semillas de cannabis de Vision Seeds<\/h2>\n<p>La Doctor Jamaica de Vision Seeds es una cepa cl\u00e1sica californiana de la vieja escuela que encontr\u00f3 su momento en el mundo all\u00e1 por los 90, y ha sido cultivada por todas partes por su incre\u00edble sabor. Aunque a veces no produce grandes cosechas y los niveles de THC pueden ser medios, a sus fans nunca pareci\u00f3 importarles: \u00a1les encanta c\u00f3mo sabe y huele!<\/p>\n<p>Si est\u00e1s listo para algo realmente \u00fanico y delicioso, no busques m\u00e1s, esta se\u00f1ora te sorprender\u00e1 con cada calada.<\/p>\n<p>Vision Seeds Doctor Jamaica es un est\u00e1ndar refrescante que uno de sus fans describe el sabor como \"una combinaci\u00f3n de skunk, mango y mandarina\". Las naranjas m\u00e1s deliciosas y dulces que jam\u00e1s hayas probado con un aroma c\u00edtrico. \u00a1Niam!<\/p>","protected":false},"excerpt":{"rendered":"<p>Se trata de una cepa imprescindible para cualquier entendido en cannabis que valore el sabor por encima de todo. No es la variedad m\u00e1s productiva del planeta, pero tiene unos sabores muy intensos que hacen la boca agua y son refrescantes, lo que hace que merezca la pena hasta el \u00faltimo esfuerzo. El efecto ser\u00e1 un estimulante subid\u00f3n feliz con la creatividad intacta - adem\u00e1s, \u00a1no hay nada mejor que compartir esta flor con amigos mientras disfrutas de su delicioso perfil de terpenos!<\/p>","protected":false},"featured_media":36432,"template":"","meta":[],"product_brand":[],"product_cat":[546,297,549,638],"product_tag":[],"class_list":{"0":"post-36457","1":"product","2":"type-product","3":"status-publish","4":"has-post-thumbnail","6":"product_cat-seedshop","7":"product_cat-all-products","8":"product_cat-feminized-seeds","9":"product_cat-vision-seeds","10":"product_shipping_class-creditcard-on","12":"first","13":"instock","14":"taxable","15":"shipping-taxable","16":"purchasable","17":"product-type-variable","18":"has-default-attributes"},"_links":{"self":[{"href":"https:\/\/www.tatanka.nl\/es\/wp-json\/wp\/v2\/product\/36457","targetHints":{"allow":["GET"]}}],"collection":[{"href":"https:\/\/www.tatanka.nl\/es\/wp-json\/wp\/v2\/product"}],"about":[{"href":"https:\/\/www.tatanka.nl\/es\/wp-json\/wp\/v2\/types\/product"}],"wp:featuredmedia":[{"embeddable":true,"href":"https:\/\/www.tatanka.nl\/es\/wp-json\/wp\/v2\/media\/36432"}],"wp:attachment":[{"href":"https:\/\/www.tatanka.nl\/es\/wp-json\/wp\/v2\/media?parent=36457"}],"wp:term":[{"taxonomy":"product_brand","embeddable":true,"href":"https:\/\/www.tatanka.nl\/es\/wp-json\/wp\/v2\/product_brand?post=36457"},{"taxonomy":"product_cat","embeddable":true,"href":"https:\/\/www.tatanka.nl\/es\/wp-json\/wp\/v2\/product_cat?post=36457"},{"taxonomy":"product_tag","embeddable":true,"href":"https:\/\/www.tatanka.nl\/es\/wp-json\/wp\/v2\/product_tag?post=36457"}],"curies":[{"name":"wp","href":"https:\/\/api.w.org\/{rel}","templated":true}]}}