{"id":36460,"date":"2025-01-30T17:36:27","date_gmt":"2025-01-30T16:36:27","guid":{"rendered":"https:\/\/www.tatanka.nl\/?post_type=product&#038;p=36460"},"modified":"2025-05-16T14:40:20","modified_gmt":"2025-05-16T13:40:20","slug":"la-blanca-gold","status":"publish","type":"product","link":"https:\/\/www.tatanka.nl\/es\/la-blanca-gold\/","title":{"rendered":"La Blanca Gold - Semillas Vision"},"content":{"rendered":"<h2><span data-sheets-value=\"{&quot;1&quot;:2,&quot;2&quot;:&quot;AK-49&quot;}\" data-sheets-userformat=\"{&quot;2&quot;:14915,&quot;3&quot;:{&quot;1&quot;:0},&quot;4&quot;:{&quot;1&quot;:2,&quot;2&quot;:16773836},&quot;9&quot;:0,&quot;12&quot;:0,&quot;14&quot;:{&quot;1&quot;:2,&quot;2&quot;:0},&quot;15&quot;:&quot;docs-Calibri&quot;,&quot;16&quot;:12}\">La Blanca Gold<\/span>\u00a0Semillas de cannabis de Vision Seeds<\/h2>\n<p>La Blanca Gold de Vision Seeds es una reina malvada de todas las cosas pegajosas que cuenta con niveles de producci\u00f3n de resina por las nubes y ofrece un CBD muy alto que a\u00fan la hace viable para ciertas necesidades m\u00e9dicas. A esta dama le encanta crecer con unos rendimientos por debajo de la media cubiertos de cristales. Si buscas una experiencia de fumada m\u00e1s din\u00e1mica con un agradable equilibrio CBD\/THC, esta dama podr\u00eda ser tu nueva mejor amiga.<\/p>\n<p>La Blanca Gold es un cogollo con un aroma y sabor crujientes, florales y terrosos. Los efectos est\u00e1n muy bien equilibrados, induciendo la sensaci\u00f3n de ser levantado y energizado sin ser demasiado dominante. El contenido de THC de esta cepa te har\u00e1 dormir sin problemas; 2 horas despu\u00e9s de su consumo estar\u00e1s so\u00f1ando con lo bonita que puede ser la vida incluso en tiempos dif\u00edciles.<\/p>","protected":false},"excerpt":{"rendered":"<p>La Blanca Gold es una nueva e interesante variedad h\u00edbrida de cannabis que refleja el mundo de Vision Seeds de incre\u00edbles gen\u00e9ticas de variedades de cannabis. \u00a1La mezcla perfecta de THC y CBD para algunas grandes necesidades medicinales, mientras que tambi\u00e9n es divertido de cultivar con algunos dulces rendimientos! \u00a1Hay que probarla!<\/p>","protected":false},"featured_media":36489,"template":"","meta":[],"product_brand":[],"product_cat":[546,297,549,638],"product_tag":[],"class_list":{"0":"post-36460","1":"product","2":"type-product","3":"status-publish","4":"has-post-thumbnail","6":"product_cat-seedshop","7":"product_cat-all-products","8":"product_cat-feminized-seeds","9":"product_cat-vision-seeds","10":"product_shipping_class-creditcard-on","12":"first","13":"instock","14":"taxable","15":"shipping-taxable","16":"purchasable","17":"product-type-variable","18":"has-default-attributes"},"_links":{"self":[{"href":"https:\/\/www.tatanka.nl\/es\/wp-json\/wp\/v2\/product\/36460","targetHints":{"allow":["GET"]}}],"collection":[{"href":"https:\/\/www.tatanka.nl\/es\/wp-json\/wp\/v2\/product"}],"about":[{"href":"https:\/\/www.tatanka.nl\/es\/wp-json\/wp\/v2\/types\/product"}],"wp:featuredmedia":[{"embeddable":true,"href":"https:\/\/www.tatanka.nl\/es\/wp-json\/wp\/v2\/media\/36489"}],"wp:attachment":[{"href":"https:\/\/www.tatanka.nl\/es\/wp-json\/wp\/v2\/media?parent=36460"}],"wp:term":[{"taxonomy":"product_brand","embeddable":true,"href":"https:\/\/www.tatanka.nl\/es\/wp-json\/wp\/v2\/product_brand?post=36460"},{"taxonomy":"product_cat","embeddable":true,"href":"https:\/\/www.tatanka.nl\/es\/wp-json\/wp\/v2\/product_cat?post=36460"},{"taxonomy":"product_tag","embeddable":true,"href":"https:\/\/www.tatanka.nl\/es\/wp-json\/wp\/v2\/product_tag?post=36460"}],"curies":[{"name":"wp","href":"https:\/\/api.w.org\/{rel}","templated":true}]}}