{"id":36462,"date":"2025-01-30T17:36:28","date_gmt":"2025-01-30T16:36:28","guid":{"rendered":"https:\/\/www.tatanka.nl\/?post_type=product&#038;p=36462"},"modified":"2025-05-16T14:38:36","modified_gmt":"2025-05-16T13:38:36","slug":"mighty-mango-bud","status":"publish","type":"product","link":"https:\/\/www.tatanka.nl\/es\/mighty-mango-bud\/","title":{"rendered":"Mighty Mango Bud - Semillas Vision"},"content":{"rendered":"<h2><span data-sheets-value=\"{&quot;1&quot;:2,&quot;2&quot;:&quot;Mighty Mango Bud&quot;}\" data-sheets-userformat=\"{&quot;2&quot;:6723,&quot;3&quot;:{&quot;1&quot;:0},&quot;4&quot;:{&quot;1&quot;:2,&quot;2&quot;:16773836},&quot;9&quot;:0,&quot;12&quot;:0,&quot;14&quot;:{&quot;1&quot;:2,&quot;2&quot;:0},&quot;15&quot;:&quot;Arial&quot;}\">Mighty Mango Bud<\/span> Semillas de cannabis de Vision Seeds<\/h2>\n<p>Cuando se necesita algo que es ideal para relajarse y calmarse en un pegajoso, sativa alta tipo de forma, Mighty Mango Bud cepa de cannabis siempre estar\u00e1 all\u00ed con los efectos adecuados entregados a trav\u00e9s de su mezcla terrosa. Te encontrar\u00e1s bailando al ritmo de canciones o proyectos que est\u00e1s tratando de terminar.<\/p>\n<p>\u00bfA qui\u00e9n no le gusta un h\u00edbrido de planta de cannabis con sabor a mango fresco y dulce? La variedad de cannabis Mighty Mango Bud de Vision Seeds es lo mejor de ambos mundos: un cannabis de bayas frutales con dominancia Indica que cuidar\u00e1 de tu cuerpo a la vez que estrena un subid\u00f3n alegre y cerebral.<\/p>","protected":false},"excerpt":{"rendered":"<p>La variedad de cannabis Mighty Mango Bud de Vision Seeds es lo mejor de ambos mundos: un cannabis de bayas frutales con dominancia Indica que cuidar\u00e1 de tu cuerpo a la vez que estrena un subid\u00f3n alegre y cerebral. \u00bfNo te encantan esas jugosas y dulces caladas de cannabis? \u00a1Niam!<\/p>","protected":false},"featured_media":36491,"template":"","meta":[],"product_brand":[],"product_cat":[546,297,549,548,638],"product_tag":[],"class_list":{"0":"post-36462","1":"product","2":"type-product","3":"status-publish","4":"has-post-thumbnail","6":"product_cat-seedshop","7":"product_cat-all-products","8":"product_cat-feminized-seeds","9":"product_cat-high-thc-seeds","10":"product_cat-vision-seeds","11":"product_shipping_class-creditcard-on","13":"first","14":"instock","15":"taxable","16":"shipping-taxable","17":"purchasable","18":"product-type-variable","19":"has-default-attributes"},"_links":{"self":[{"href":"https:\/\/www.tatanka.nl\/es\/wp-json\/wp\/v2\/product\/36462","targetHints":{"allow":["GET"]}}],"collection":[{"href":"https:\/\/www.tatanka.nl\/es\/wp-json\/wp\/v2\/product"}],"about":[{"href":"https:\/\/www.tatanka.nl\/es\/wp-json\/wp\/v2\/types\/product"}],"wp:featuredmedia":[{"embeddable":true,"href":"https:\/\/www.tatanka.nl\/es\/wp-json\/wp\/v2\/media\/36491"}],"wp:attachment":[{"href":"https:\/\/www.tatanka.nl\/es\/wp-json\/wp\/v2\/media?parent=36462"}],"wp:term":[{"taxonomy":"product_brand","embeddable":true,"href":"https:\/\/www.tatanka.nl\/es\/wp-json\/wp\/v2\/product_brand?post=36462"},{"taxonomy":"product_cat","embeddable":true,"href":"https:\/\/www.tatanka.nl\/es\/wp-json\/wp\/v2\/product_cat?post=36462"},{"taxonomy":"product_tag","embeddable":true,"href":"https:\/\/www.tatanka.nl\/es\/wp-json\/wp\/v2\/product_tag?post=36462"}],"curies":[{"name":"wp","href":"https:\/\/api.w.org\/{rel}","templated":true}]}}