{"id":36463,"date":"2025-01-30T17:36:28","date_gmt":"2025-01-30T16:36:28","guid":{"rendered":"https:\/\/www.tatanka.nl\/?post_type=product&#038;p=36463"},"modified":"2025-05-16T14:38:40","modified_gmt":"2025-05-16T13:38:40","slug":"nicole-x-og","status":"publish","type":"product","link":"https:\/\/www.tatanka.nl\/es\/nicole-x-og\/","title":{"rendered":"Nicole x OG - Semillas Vision"},"content":{"rendered":"<h2><span data-sheets-value=\"{&quot;1&quot;:2,&quot;2&quot;:&quot;Nicole x OG&quot;}\" data-sheets-userformat=\"{&quot;2&quot;:6723,&quot;3&quot;:{&quot;1&quot;:0},&quot;4&quot;:{&quot;1&quot;:2,&quot;2&quot;:13624051},&quot;9&quot;:0,&quot;12&quot;:0,&quot;14&quot;:{&quot;1&quot;:2,&quot;2&quot;:0},&quot;15&quot;:&quot;Arial&quot;}\">Nicole x OG<\/span> Semillas de cannabis de Vision Seeds<\/h2>\n<p>Nicole X OG de Vision Seeds es una de nuestras plantas m\u00e1s bonitas que puede sorprenderte con el tama\u00f1o de su producci\u00f3n. Sus niveles de THC son inmejorables, lo que la hace a\u00fan m\u00e1s popular en la comunidad de consumidores de cannabis experimentados.<\/p>\n<p>El sabor de esta dama es de otro mundo. Experimentar\u00e1s un peculiar aroma a bayas mezclado con tonos c\u00edtricos y terrosos que te har\u00e1n querer volver a por m\u00e1s. Esta Indica dominante comienza a patear con fuertes efectos let\u00e1rgicos que le enviar\u00e1 en un completo estado de relajaci\u00f3n, mientras que parpadea lejos de sus tensiones mentales, dej\u00e1ndole en puro deleite de nuevo.<\/p>\n<p>Esta \u00edndica pesada es una cepa OG Kush x Nicole que se caracteriza por una cohesividad discreta y un aroma hasta ligero. Predomina el sabor a bayas, mezclado con c\u00edtricos y un toque terroso. El subid\u00f3n empieza despacio pero se intensifica hasta el punto de que no hay duda de que te est\u00e1s quedando sin aliento. Con su mezcla de subidones embriagadores, \u00a1\u00e9sta deber\u00eda ser tu pr\u00f3xima fumada nocturna!<\/p>","protected":false},"excerpt":{"rendered":"<p>\u00a1Esta dama Indica dominante comienza a patear con fuertes efectos let\u00e1rgicos! El sabor de esta incre\u00edble dama es abrumador, por decir lo menos ... Esperar un peculiar aroma a bayas, mezclado con fuertes c\u00edtricos y un toque de madera-earthy despu\u00e9s de tonos. Nicole x OG es una gran planta para cualquier amante de las Kush.<\/p>","protected":false},"featured_media":36492,"template":"","meta":[],"product_brand":[],"product_cat":[546,297,549,548,638],"product_tag":[],"class_list":{"0":"post-36463","1":"product","2":"type-product","3":"status-publish","4":"has-post-thumbnail","6":"product_cat-seedshop","7":"product_cat-all-products","8":"product_cat-feminized-seeds","9":"product_cat-high-thc-seeds","10":"product_cat-vision-seeds","11":"product_shipping_class-creditcard-on","13":"first","14":"instock","15":"taxable","16":"shipping-taxable","17":"purchasable","18":"product-type-variable","19":"has-default-attributes"},"_links":{"self":[{"href":"https:\/\/www.tatanka.nl\/es\/wp-json\/wp\/v2\/product\/36463","targetHints":{"allow":["GET"]}}],"collection":[{"href":"https:\/\/www.tatanka.nl\/es\/wp-json\/wp\/v2\/product"}],"about":[{"href":"https:\/\/www.tatanka.nl\/es\/wp-json\/wp\/v2\/types\/product"}],"wp:featuredmedia":[{"embeddable":true,"href":"https:\/\/www.tatanka.nl\/es\/wp-json\/wp\/v2\/media\/36492"}],"wp:attachment":[{"href":"https:\/\/www.tatanka.nl\/es\/wp-json\/wp\/v2\/media?parent=36463"}],"wp:term":[{"taxonomy":"product_brand","embeddable":true,"href":"https:\/\/www.tatanka.nl\/es\/wp-json\/wp\/v2\/product_brand?post=36463"},{"taxonomy":"product_cat","embeddable":true,"href":"https:\/\/www.tatanka.nl\/es\/wp-json\/wp\/v2\/product_cat?post=36463"},{"taxonomy":"product_tag","embeddable":true,"href":"https:\/\/www.tatanka.nl\/es\/wp-json\/wp\/v2\/product_tag?post=36463"}],"curies":[{"name":"wp","href":"https:\/\/api.w.org\/{rel}","templated":true}]}}