{"id":36464,"date":"2025-01-30T17:36:28","date_gmt":"2025-01-30T16:36:28","guid":{"rendered":"https:\/\/www.tatanka.nl\/?post_type=product&#038;p=36464"},"modified":"2025-05-16T14:38:44","modified_gmt":"2025-05-16T13:38:44","slug":"northern-lights","status":"publish","type":"product","link":"https:\/\/www.tatanka.nl\/es\/northern-lights\/","title":{"rendered":"Northern Lights - Semillas Vision"},"content":{"rendered":"<h2><span data-sheets-value=\"{&quot;1&quot;:2,&quot;2&quot;:&quot;Northern Lights&quot;}\" data-sheets-userformat=\"{&quot;2&quot;:6723,&quot;3&quot;:{&quot;1&quot;:0},&quot;4&quot;:{&quot;1&quot;:2,&quot;2&quot;:15120559},&quot;9&quot;:0,&quot;12&quot;:0,&quot;14&quot;:{&quot;1&quot;:2,&quot;2&quot;:0},&quot;15&quot;:&quot;Arial&quot;}\">Northern Lights<\/span> Semillas de cannabis de Vision Seeds<\/h2>\n<p>Disfruta de la sensaci\u00f3n cl\u00e1sica del cannabis de la vieja escuela con esta variedad de cannabis Northern Lights. Desde las flores de dulce aroma hasta los efectos corporales pesados y let\u00e1rgicos que disfrutar\u00e1s, esta Indica es imprescindible tanto para cultivadores de interior como de exterior.<\/p>\n<p>Al igual que su sabor dulce, que te encantar\u00e1 o lo odiar\u00e1s, Northern Lights es una variedad Indica que te dejar\u00e1 boquiabierto en todos los sentidos, con aromas penetrantes y dulces que se extienden a lo largo de toda la transacci\u00f3n. Esta cepa Indica pesada proporciona una deliciosa producci\u00f3n de resina grasienta; por no mencionar que su suave potencia de THC te abre el apetito como ninguna otra. Los novatos deben tener cuidado porque esta hierba es bastante potente. \u00a1Te lo advertimos!<\/p>\n<p>\u00bfQui\u00e9n dice que las variedades Indica no pueden ser divertidas? Llamada as\u00ed por la Aurora Boreal, esta cepa helada te llevar\u00e1 a un viaje a las profundidades de las noches nubladas de anta\u00f1o. Su potente gen\u00e9tica combina con otras cepas deliciosamente extravagantes que son lo mejor para las papilas gustativas. Todo ello empaquetado en densos cogollos de tama\u00f1o medio rebosantes de sabor, \u00a1algo irresistible! Experimentar\u00e1s una intensa ola de relajaci\u00f3n que durar\u00e1 mucho m\u00e1s all\u00e1 de su primer subid\u00f3n.<\/p>","protected":false},"excerpt":{"rendered":"<p>La variedad de cannabis Northern Lights es una de las m\u00e1s populares en todo el mundo por dos razones principales: es f\u00e1cil de cultivar y produce unos efectos narc\u00f3ticos \u00fanicos. Con una estatura mediana, esta dama puede producir cogollos de marihuana de alta calidad en una alta proporci\u00f3n de flores por hoja para los cultivadores experimentados.<\/p>","protected":false},"featured_media":36493,"template":"","meta":[],"product_brand":[],"product_cat":[546,297,549,548,638],"product_tag":[],"class_list":{"0":"post-36464","1":"product","2":"type-product","3":"status-publish","4":"has-post-thumbnail","6":"product_cat-seedshop","7":"product_cat-all-products","8":"product_cat-feminized-seeds","9":"product_cat-high-thc-seeds","10":"product_cat-vision-seeds","11":"product_shipping_class-creditcard-on","13":"first","14":"instock","15":"taxable","16":"shipping-taxable","17":"purchasable","18":"product-type-variable","19":"has-default-attributes"},"_links":{"self":[{"href":"https:\/\/www.tatanka.nl\/es\/wp-json\/wp\/v2\/product\/36464","targetHints":{"allow":["GET"]}}],"collection":[{"href":"https:\/\/www.tatanka.nl\/es\/wp-json\/wp\/v2\/product"}],"about":[{"href":"https:\/\/www.tatanka.nl\/es\/wp-json\/wp\/v2\/types\/product"}],"wp:featuredmedia":[{"embeddable":true,"href":"https:\/\/www.tatanka.nl\/es\/wp-json\/wp\/v2\/media\/36493"}],"wp:attachment":[{"href":"https:\/\/www.tatanka.nl\/es\/wp-json\/wp\/v2\/media?parent=36464"}],"wp:term":[{"taxonomy":"product_brand","embeddable":true,"href":"https:\/\/www.tatanka.nl\/es\/wp-json\/wp\/v2\/product_brand?post=36464"},{"taxonomy":"product_cat","embeddable":true,"href":"https:\/\/www.tatanka.nl\/es\/wp-json\/wp\/v2\/product_cat?post=36464"},{"taxonomy":"product_tag","embeddable":true,"href":"https:\/\/www.tatanka.nl\/es\/wp-json\/wp\/v2\/product_tag?post=36464"}],"curies":[{"name":"wp","href":"https:\/\/api.w.org\/{rel}","templated":true}]}}