{"id":36467,"date":"2025-01-30T17:36:28","date_gmt":"2025-01-30T16:36:28","guid":{"rendered":"https:\/\/www.tatanka.nl\/?post_type=product&#038;p=36467"},"modified":"2025-05-16T14:38:58","modified_gmt":"2025-05-16T13:38:58","slug":"russian-snow","status":"publish","type":"product","link":"https:\/\/www.tatanka.nl\/es\/russian-snow\/","title":{"rendered":"Russian Snow - Semillas Vision"},"content":{"rendered":"<h2><span data-sheets-value=\"{&quot;1&quot;:2,&quot;2&quot;:&quot;Russian Snow&quot;}\" data-sheets-userformat=\"{&quot;2&quot;:6723,&quot;3&quot;:{&quot;1&quot;:0},&quot;4&quot;:{&quot;1&quot;:2,&quot;2&quot;:13689059},&quot;9&quot;:0,&quot;12&quot;:0,&quot;14&quot;:{&quot;1&quot;:2,&quot;2&quot;:0},&quot;15&quot;:&quot;Arial&quot;}\">Russian Snow<\/span> Semillas de cannabis de Vision Seeds<\/h2>\n<p>La Russian Snow de Vision Seeds debe su nombre a su cantidad de tricomas blancos como la nieve que sorprender\u00e1n incluso al cultivador de cannabis m\u00e1s experimentado. Qui\u00e9n iba a decir que el cruce de AK-49 y White Widow dar\u00eda resultados Indica tan agradables y potentes...<\/p>\n<p>Con m\u00e1s p\u00f3lvora de la necesaria, esta reina de las nieves crece hasta alcanzar una altura media con una estatura apretada y luego brilla con copas florales muy resinosas. Desprende un notable aroma a AK-49 y White Widow lleno de notas dulces. Cuando se trata de encenderla, \u00a1el subid\u00f3n que produce, potente y duradero, es de otro mundo!<\/p>\n<p>Desarrollada en Rusia, cruzando AK-97 y White Widow. Sus tricomas blancos y finos la convierten en un sue\u00f1o hecho realidad. La AK-97 es potente y poderosa por si sola mientras que la White Widow sabe dulce con sus toques de fruta tropical. Esta reina alcanzar\u00e1 una altura media mientras crece gruesos cogollos que recomiendan su uso en interior o invernadero \u00a1para disfrutarla como la realeza!<\/p>","protected":false},"excerpt":{"rendered":"<p>La AK-49 y la White Widow se combinan para crear esta incre\u00edble variedad de cannabis Russian Snow. Esta reina de las nieves brilla con un poderoso conteo de resina y una increible cosecha. Es la mezcla perfecta de potencia, calidad, rendimiento y sabor. Tranquiliza tu mente con una euforia espacial que nunca te decepcionar\u00e1. Cualquiera que le d\u00e9 una calada a esta variedad de cannabis se ver\u00e1 envuelto en un subid\u00f3n de ensue\u00f1o capaz de soportar cualquier nivel de estr\u00e9s.<\/p>","protected":false},"featured_media":36496,"template":"","meta":[],"product_brand":[],"product_cat":[546,297,549,548,638],"product_tag":[],"class_list":{"0":"post-36467","1":"product","2":"type-product","3":"status-publish","4":"has-post-thumbnail","6":"product_cat-seedshop","7":"product_cat-all-products","8":"product_cat-feminized-seeds","9":"product_cat-high-thc-seeds","10":"product_cat-vision-seeds","11":"product_shipping_class-creditcard-on","13":"first","14":"instock","15":"taxable","16":"shipping-taxable","17":"purchasable","18":"product-type-variable","19":"has-default-attributes"},"_links":{"self":[{"href":"https:\/\/www.tatanka.nl\/es\/wp-json\/wp\/v2\/product\/36467","targetHints":{"allow":["GET"]}}],"collection":[{"href":"https:\/\/www.tatanka.nl\/es\/wp-json\/wp\/v2\/product"}],"about":[{"href":"https:\/\/www.tatanka.nl\/es\/wp-json\/wp\/v2\/types\/product"}],"wp:featuredmedia":[{"embeddable":true,"href":"https:\/\/www.tatanka.nl\/es\/wp-json\/wp\/v2\/media\/36496"}],"wp:attachment":[{"href":"https:\/\/www.tatanka.nl\/es\/wp-json\/wp\/v2\/media?parent=36467"}],"wp:term":[{"taxonomy":"product_brand","embeddable":true,"href":"https:\/\/www.tatanka.nl\/es\/wp-json\/wp\/v2\/product_brand?post=36467"},{"taxonomy":"product_cat","embeddable":true,"href":"https:\/\/www.tatanka.nl\/es\/wp-json\/wp\/v2\/product_cat?post=36467"},{"taxonomy":"product_tag","embeddable":true,"href":"https:\/\/www.tatanka.nl\/es\/wp-json\/wp\/v2\/product_tag?post=36467"}],"curies":[{"name":"wp","href":"https:\/\/api.w.org\/{rel}","templated":true}]}}