{"id":36468,"date":"2025-01-30T17:36:29","date_gmt":"2025-01-30T16:36:29","guid":{"rendered":"https:\/\/www.tatanka.nl\/?post_type=product&#038;p=36468"},"modified":"2025-05-16T14:37:30","modified_gmt":"2025-05-16T13:37:30","slug":"silver-haze","status":"publish","type":"product","link":"https:\/\/www.tatanka.nl\/es\/silver-haze\/","title":{"rendered":"Silver Haze - Semillas Vision"},"content":{"rendered":"<h2><span data-sheets-value=\"{&quot;1&quot;:2,&quot;2&quot;:&quot;Silver Haze&quot;}\" data-sheets-userformat=\"{&quot;2&quot;:6723,&quot;3&quot;:{&quot;1&quot;:0},&quot;4&quot;:{&quot;1&quot;:2,&quot;2&quot;:13624051},&quot;9&quot;:0,&quot;12&quot;:0,&quot;14&quot;:{&quot;1&quot;:2,&quot;2&quot;:0},&quot;15&quot;:&quot;Arial&quot;}\">Silver Haze<\/span> Semillas de cannabis de Vision Seeds<\/h2>\n<p>Considerada por algunos como una de las variedades de cannabis m\u00e1s interesantes disponibles, Silver Haze es una mezcla perfecta de gen\u00e9tica Indica y Sativa que te mantiene riendo todo el d\u00eda. Prep\u00e1rate para experimentar subidones creativos con un coloc\u00f3n euf\u00f3rico y fuertes efectos cerebrales.<\/p>\n<p>Silver Haze es una de las variedades de cannabis haze m\u00e1s conocidas que existen y que siempre volver\u00e1 loco a cualquier amante de las Sativa. Y la Silver Haze de Vision Seeds es una Haze que har\u00e1 babear a cualquier amante de la marihuana. Esta popular gen\u00e9tica proviene del lado Haze puro, pero tambi\u00e9n tiene skunk y Northern Lights mezcladas.<\/p>\n<p>Esto le da un nivel moderado de THC con un gran subid\u00f3n risue\u00f1o. El efecto es lo que hizo de esta cepa un cl\u00e1sico de todos los tiempos: un fuerte coloc\u00f3n cerebral acompa\u00f1ado de sentimientos euf\u00f3ricos provocados por unas risas serias. Las combinaciones de sabores a pino y fruta son incre\u00edbles, pero tambi\u00e9n aparecen notas muy picantes, que pueden resultar abrumadoras para algunas personas.<\/p>","protected":false},"excerpt":{"rendered":"<p>\u00bfBuscas una aventura intensa en tu propia cabeza? Silver Haze est\u00e1 aqu\u00ed, lista para volar mentes abriendo las puertas de la percepci\u00f3n. Esta pesada gen\u00e9tica Indica cruza Skunk y Northern Lights con Haze pura para conseguir un coloc\u00f3n duro combinado con unos subidones seriamente introspectivos. \u00a1Sabes que la quieres!<\/p>","protected":false},"featured_media":36497,"template":"","meta":[],"product_brand":[],"product_cat":[546,297,549,638],"product_tag":[],"class_list":{"0":"post-36468","1":"product","2":"type-product","3":"status-publish","4":"has-post-thumbnail","6":"product_cat-seedshop","7":"product_cat-all-products","8":"product_cat-feminized-seeds","9":"product_cat-vision-seeds","10":"product_shipping_class-creditcard-on","12":"first","13":"instock","14":"taxable","15":"shipping-taxable","16":"purchasable","17":"product-type-variable","18":"has-default-attributes"},"_links":{"self":[{"href":"https:\/\/www.tatanka.nl\/es\/wp-json\/wp\/v2\/product\/36468","targetHints":{"allow":["GET"]}}],"collection":[{"href":"https:\/\/www.tatanka.nl\/es\/wp-json\/wp\/v2\/product"}],"about":[{"href":"https:\/\/www.tatanka.nl\/es\/wp-json\/wp\/v2\/types\/product"}],"wp:featuredmedia":[{"embeddable":true,"href":"https:\/\/www.tatanka.nl\/es\/wp-json\/wp\/v2\/media\/36497"}],"wp:attachment":[{"href":"https:\/\/www.tatanka.nl\/es\/wp-json\/wp\/v2\/media?parent=36468"}],"wp:term":[{"taxonomy":"product_brand","embeddable":true,"href":"https:\/\/www.tatanka.nl\/es\/wp-json\/wp\/v2\/product_brand?post=36468"},{"taxonomy":"product_cat","embeddable":true,"href":"https:\/\/www.tatanka.nl\/es\/wp-json\/wp\/v2\/product_cat?post=36468"},{"taxonomy":"product_tag","embeddable":true,"href":"https:\/\/www.tatanka.nl\/es\/wp-json\/wp\/v2\/product_tag?post=36468"}],"curies":[{"name":"wp","href":"https:\/\/api.w.org\/{rel}","templated":true}]}}