{"id":36470,"date":"2025-01-30T17:36:29","date_gmt":"2025-01-30T16:36:29","guid":{"rendered":"https:\/\/www.tatanka.nl\/?post_type=product&#038;p=36470"},"modified":"2025-05-16T14:37:41","modified_gmt":"2025-05-16T13:37:41","slug":"supreme-lemon","status":"publish","type":"product","link":"https:\/\/www.tatanka.nl\/es\/supreme-lemon\/","title":{"rendered":"Supreme Lemon - Semillas Vision"},"content":{"rendered":"<h2><span data-sheets-value=\"{&quot;1&quot;:2,&quot;2&quot;:&quot;Supreme Lemon&quot;}\" data-sheets-userformat=\"{&quot;2&quot;:6723,&quot;3&quot;:{&quot;1&quot;:0},&quot;4&quot;:{&quot;1&quot;:2,&quot;2&quot;:16573901},&quot;9&quot;:0,&quot;12&quot;:0,&quot;14&quot;:{&quot;1&quot;:2,&quot;2&quot;:0},&quot;15&quot;:&quot;Arial&quot;}\">Supreme Lemon<\/span> Semillas de cannabis de Vision Seeds<\/h2>\n<p>Un h\u00edbrido puro de dominancia Sativa, Supreme Lemon se basa en la creatividad original de Vision Seeds. Es el resultado de cruzar Haze (adorada por su suave coloc\u00f3n) y una de las variedades modernas m\u00e1s populares en todo el mundo, Lemon Skunk. Con sus altos niveles de THC y su sabor neutro a cannabis, esta dama es buena para un uso energ\u00e9tico diurno; un usuario experimentado la encontrar\u00e1 creativa y comunicativa - \u00a1con un fuerte efecto socializador!<\/p>\n<p>Este cultivar de marihuana es un h\u00edbrido de dos leyendas del cannabis. El olor y el sabor ser\u00e1n frescos, c\u00edtricos, con un sabor herbal similar a la hierba luisa o a la albahaca lim\u00f3n.<\/p>\n<p>Tiene una gran composici\u00f3n gen\u00e9tica: sus padres son Silver Haze y Lemon Skunk, \u00bfqui\u00e9n quiere una variedad extremadamente potente para a\u00f1adir a su colecci\u00f3n?<\/p>\n<p>Todo el mundo habla de lo fresco que es su sabor. Te da esa gran explosi\u00f3n de lim\u00f3n mientras mantiene su dominancia Sativa bajo control con un pedigr\u00ed de cultivador de medalla de oro. Y ni siquiera hemos llegado a los efectos: Creatividad y energ\u00eda en cada calada.<\/p>","protected":false},"excerpt":{"rendered":"<p>Hola! Esperamos que te encante explorar cosas nuevas y esta vez, tenemos algo increible para ti. Te presentamos la variedad de cannabis Supreme Lemon de Vision Seeds. Esta dama es un cruce entre Silver Haze y Lemon Skunk, as\u00ed que es perfecta para gente a la que ya le gustan estas variedades. Pero se pone mejor: Supreme tiene un impresionante nivel de THC y lo mejor de la gen\u00e9tica Sativa - proporcionando efectos creativos y energizantes durante todo el d\u00eda. \u00bfNecesitamos a\u00f1adir m\u00e1s?<\/p>","protected":false},"featured_media":36499,"template":"","meta":[],"product_brand":[],"product_cat":[546,297,549,548,638],"product_tag":[],"class_list":{"0":"post-36470","1":"product","2":"type-product","3":"status-publish","4":"has-post-thumbnail","6":"product_cat-seedshop","7":"product_cat-all-products","8":"product_cat-feminized-seeds","9":"product_cat-high-thc-seeds","10":"product_cat-vision-seeds","11":"product_shipping_class-creditcard-on","13":"first","14":"instock","15":"taxable","16":"shipping-taxable","17":"purchasable","18":"product-type-variable","19":"has-default-attributes"},"_links":{"self":[{"href":"https:\/\/www.tatanka.nl\/es\/wp-json\/wp\/v2\/product\/36470","targetHints":{"allow":["GET"]}}],"collection":[{"href":"https:\/\/www.tatanka.nl\/es\/wp-json\/wp\/v2\/product"}],"about":[{"href":"https:\/\/www.tatanka.nl\/es\/wp-json\/wp\/v2\/types\/product"}],"wp:featuredmedia":[{"embeddable":true,"href":"https:\/\/www.tatanka.nl\/es\/wp-json\/wp\/v2\/media\/36499"}],"wp:attachment":[{"href":"https:\/\/www.tatanka.nl\/es\/wp-json\/wp\/v2\/media?parent=36470"}],"wp:term":[{"taxonomy":"product_brand","embeddable":true,"href":"https:\/\/www.tatanka.nl\/es\/wp-json\/wp\/v2\/product_brand?post=36470"},{"taxonomy":"product_cat","embeddable":true,"href":"https:\/\/www.tatanka.nl\/es\/wp-json\/wp\/v2\/product_cat?post=36470"},{"taxonomy":"product_tag","embeddable":true,"href":"https:\/\/www.tatanka.nl\/es\/wp-json\/wp\/v2\/product_tag?post=36470"}],"curies":[{"name":"wp","href":"https:\/\/api.w.org\/{rel}","templated":true}]}}