{"id":36472,"date":"2025-01-30T17:36:29","date_gmt":"2025-01-30T16:36:29","guid":{"rendered":"https:\/\/www.tatanka.nl\/?post_type=product&#038;p=36472"},"modified":"2025-05-16T14:37:54","modified_gmt":"2025-05-16T13:37:54","slug":"vision-cookies","status":"publish","type":"product","link":"https:\/\/www.tatanka.nl\/es\/vision-cookies\/","title":{"rendered":"Vision Cookies - Semillas Vision"},"content":{"rendered":"<h2><span data-sheets-value=\"{&quot;1&quot;:2,&quot;2&quot;:&quot;Vision Cookies&quot;}\" data-sheets-userformat=\"{&quot;2&quot;:6723,&quot;3&quot;:{&quot;1&quot;:0},&quot;4&quot;:{&quot;1&quot;:2,&quot;2&quot;:15389148},&quot;9&quot;:0,&quot;12&quot;:0,&quot;14&quot;:{&quot;1&quot;:2,&quot;2&quot;:0},&quot;15&quot;:&quot;Arial&quot;}\">Vision Cookies<\/span> Semillas de cannabis de Vision Seeds<\/h2>\n<p>Vision Cookies es para cualquiera que busque una cepa precisa y fuerte que huela a mel\u00f3n, melocot\u00f3n y sepa a bayas. Esta cepa es perfecta para aliviar el estr\u00e9s con efectos edificantes y euf\u00f3ricos. Vision Cookies tiene unos niveles medios de THC de ~20%, que son lo suficientemente altos como para ofrecer buenos rendimientos - \u00a1hasta 800g\/planta si las condiciones son adecuadas!<\/p>\n<p>Planifica tu pr\u00f3xima salida con placer y deleite, \u00a1para llegar a casa del trabajo sinti\u00e9ndote rejuvenecido y feliz! La variedad de cannabis Vision Cookies te dejar\u00e1 con ganas de profundizar en ti mismo. Disfruta del sentido de la vida a trav\u00e9s de esta maravillosa cepa para un intenso cambio mental.<\/p>\n<p>Esta variedad es excelente para casi cualquier clima. Como crece extremadamente bien en exterior, \u00a1tambi\u00e9n lo har\u00e1n sus rendimientos! Vision Cookies es una elecci\u00f3n perfecta para aquellos que buscan una dama menos intensa pero a\u00fan as\u00ed muy potente que tiene un aroma afrutado y puede producir cosechas a partir de 800 gramos por planta. Ideal para un alivio total del estr\u00e9s, \u00a1estas galletas de cannabis te proporcionar\u00e1n una euforia edificante que te dejar\u00e1 gratamente sorprendido! Disfruta del sabor a mel\u00f3n, melocot\u00f3n y bayas de esta incre\u00edble cepa.<\/p>","protected":false},"excerpt":{"rendered":"<p>Vision Cookies es un h\u00edbrido afrutado, con sabor a bayas, que crece r\u00e1pidamente y tiene grandes rendimientos. No produce un aroma muy fuerte, pero a\u00fan as\u00ed puede proporcionar hasta 800 gr por planta si las condiciones son perfectas. La elecci\u00f3n correcta para aquellos que buscan una variedad de cannabis muy potente, pero no demasiado fuerte, que huela a dulces y bayas. Ten en cuenta que a\u00fan puede alcanzar una s\u00f3lida marca de THC de 20%, \u00a1as\u00ed que merece la pena que le dediques tiempo!<\/p>","protected":false},"featured_media":36501,"template":"","meta":[],"product_brand":[],"product_cat":[546,297,549,548,550,638],"product_tag":[],"class_list":{"0":"post-36472","1":"product","2":"type-product","3":"status-publish","4":"has-post-thumbnail","6":"product_cat-seedshop","7":"product_cat-all-products","8":"product_cat-feminized-seeds","9":"product_cat-high-thc-seeds","10":"product_cat-seedshop-top-10","11":"product_cat-vision-seeds","12":"product_shipping_class-creditcard-on","14":"first","15":"instock","16":"taxable","17":"shipping-taxable","18":"purchasable","19":"product-type-variable","20":"has-default-attributes"},"_links":{"self":[{"href":"https:\/\/www.tatanka.nl\/es\/wp-json\/wp\/v2\/product\/36472","targetHints":{"allow":["GET"]}}],"collection":[{"href":"https:\/\/www.tatanka.nl\/es\/wp-json\/wp\/v2\/product"}],"about":[{"href":"https:\/\/www.tatanka.nl\/es\/wp-json\/wp\/v2\/types\/product"}],"wp:featuredmedia":[{"embeddable":true,"href":"https:\/\/www.tatanka.nl\/es\/wp-json\/wp\/v2\/media\/36501"}],"wp:attachment":[{"href":"https:\/\/www.tatanka.nl\/es\/wp-json\/wp\/v2\/media?parent=36472"}],"wp:term":[{"taxonomy":"product_brand","embeddable":true,"href":"https:\/\/www.tatanka.nl\/es\/wp-json\/wp\/v2\/product_brand?post=36472"},{"taxonomy":"product_cat","embeddable":true,"href":"https:\/\/www.tatanka.nl\/es\/wp-json\/wp\/v2\/product_cat?post=36472"},{"taxonomy":"product_tag","embeddable":true,"href":"https:\/\/www.tatanka.nl\/es\/wp-json\/wp\/v2\/product_tag?post=36472"}],"curies":[{"name":"wp","href":"https:\/\/api.w.org\/{rel}","templated":true}]}}