{"id":36473,"date":"2025-01-30T17:36:29","date_gmt":"2025-01-30T16:36:29","guid":{"rendered":"https:\/\/www.tatanka.nl\/?post_type=product&#038;p=36473"},"modified":"2025-05-16T14:38:29","modified_gmt":"2025-05-16T13:38:29","slug":"vision-gorilla","status":"publish","type":"product","link":"https:\/\/www.tatanka.nl\/es\/vision-gorilla\/","title":{"rendered":"Vision Gorilla - Semillas Vision"},"content":{"rendered":"<h2><span data-sheets-value=\"{&quot;1&quot;:2,&quot;2&quot;:&quot;Vision Gorilla&quot;}\" data-sheets-userformat=\"{&quot;2&quot;:6723,&quot;3&quot;:{&quot;1&quot;:0},&quot;4&quot;:{&quot;1&quot;:2,&quot;2&quot;:14281427},&quot;9&quot;:0,&quot;12&quot;:0,&quot;14&quot;:{&quot;1&quot;:2,&quot;2&quot;:0},&quot;15&quot;:&quot;Arial&quot;}\">Vision Gorilla<\/span> Semillas de cannabis de Vision Seeds<\/h2>\n<p>Vision Gorilla es una variedad de marihuana super mega potente con hasta 25% de THC, lo que la convierte en la elecci\u00f3n perfecta para aquellos que buscan \"aut\u00e9nticos pesos pesados\" con grandes rendimientos. Esta chica puede crecer grande y alta, desprendiendo aromas terrosos que te har\u00e1n preguntarte c\u00f3mo te sentir\u00edas al darle un mordisco a este gorila verde.<\/p>\n<p>Esta variedad es la mejor de todas las variedades. El sabor por s\u00ed solo te har\u00e1 sentir como un viajero instant\u00e1neo en una tierra donde se cubren gloriosas monta\u00f1as y r\u00edos espumosos; te dejar\u00e1 sin aliento y te har\u00e1 sentir como una estatua de piedra. Puede que incluso empieces a preguntarte si eres real o no: as\u00ed es como la variedad de cannabis Vision Gorilla hace pensar a sus usuarios.<\/p>\n<p>Con altos niveles de potencia de hasta 25% THC, esta chica puede crecer grande y alegre con enormes cogollos recubiertos de resina que salen de todo su largo marco, ella no es ajena a crecer alto tampoco. T\u00edpicamente criada para aquellos que buscan \"verdaderos pesos pesados\" que quieren variedades de cannabis potentes con rendimientos m\u00e1s altos, recomendamos darle a esta dama<\/p>","protected":false},"excerpt":{"rendered":"<p>La variedad de cannabis Vision Gorilla es muy potente y contiene hasta 25% de THC. \u00a1Los cultivadores recomiendan esta chica para aquellos que quieren altos rendimientos y alta potencia! Dig\u00e1moslo as\u00ed... Si buscas lo m\u00e1s potente que vendemos. Esta es la indicada. En serio, es una de las m\u00e1s potentes del planeta. Ag\u00e1rrate a la silla cuando le des la primera calada. \u00a1No digas que no te lo advertimos, amigo!<\/p>","protected":false},"featured_media":36440,"template":"","meta":[],"product_brand":[],"product_cat":[546,297,549,548,550,552,638],"product_tag":[],"class_list":{"0":"post-36473","1":"product","2":"type-product","3":"status-publish","4":"has-post-thumbnail","6":"product_cat-seedshop","7":"product_cat-all-products","8":"product_cat-feminized-seeds","9":"product_cat-high-thc-seeds","10":"product_cat-seedshop-top-10","11":"product_cat-usa-seeds","12":"product_cat-vision-seeds","13":"product_shipping_class-creditcard-on","15":"first","16":"instock","17":"taxable","18":"shipping-taxable","19":"purchasable","20":"product-type-variable","21":"has-default-attributes"},"_links":{"self":[{"href":"https:\/\/www.tatanka.nl\/es\/wp-json\/wp\/v2\/product\/36473","targetHints":{"allow":["GET"]}}],"collection":[{"href":"https:\/\/www.tatanka.nl\/es\/wp-json\/wp\/v2\/product"}],"about":[{"href":"https:\/\/www.tatanka.nl\/es\/wp-json\/wp\/v2\/types\/product"}],"wp:featuredmedia":[{"embeddable":true,"href":"https:\/\/www.tatanka.nl\/es\/wp-json\/wp\/v2\/media\/36440"}],"wp:attachment":[{"href":"https:\/\/www.tatanka.nl\/es\/wp-json\/wp\/v2\/media?parent=36473"}],"wp:term":[{"taxonomy":"product_brand","embeddable":true,"href":"https:\/\/www.tatanka.nl\/es\/wp-json\/wp\/v2\/product_brand?post=36473"},{"taxonomy":"product_cat","embeddable":true,"href":"https:\/\/www.tatanka.nl\/es\/wp-json\/wp\/v2\/product_cat?post=36473"},{"taxonomy":"product_tag","embeddable":true,"href":"https:\/\/www.tatanka.nl\/es\/wp-json\/wp\/v2\/product_tag?post=36473"}],"curies":[{"name":"wp","href":"https:\/\/api.w.org\/{rel}","templated":true}]}}