{"id":36592,"date":"2025-01-30T17:37:16","date_gmt":"2025-01-30T16:37:16","guid":{"rendered":"https:\/\/www.tatanka.nl\/?post_type=product&#038;p=36592"},"modified":"2025-05-16T14:37:19","modified_gmt":"2025-05-16T13:37:19","slug":"white-widow","status":"publish","type":"product","link":"https:\/\/www.tatanka.nl\/es\/white-widow\/","title":{"rendered":"White Widow - Semillas Vision"},"content":{"rendered":"<h2><span data-sheets-value=\"{&quot;1&quot;:2,&quot;2&quot;:&quot;White Widow&quot;}\" data-sheets-userformat=\"{&quot;2&quot;:6723,&quot;3&quot;:{&quot;1&quot;:0},&quot;4&quot;:{&quot;1&quot;:2,&quot;2&quot;:13228792},&quot;9&quot;:0,&quot;12&quot;:0,&quot;14&quot;:{&quot;1&quot;:2,&quot;2&quot;:0},&quot;15&quot;:&quot;Arial&quot;}\">White Widow <\/span>Semillas de cannabis de Vision Seeds<\/h2>\n<p>Si necesitas pasar un buen rato, este es el cogollo adecuado para tu d\u00eda. Haciendo honor a su nombre, la \"White Widow\" desprende una intensa proyecci\u00f3n de tricomas blancos y brillantes que son mucho m\u00e1s potentes que la mayor\u00eda de cepas del mercado. La cepa dejar\u00e1 a cualquier usuario encantado y relajado, \u00a1y al mismo tiempo har\u00e1 que se interese por cosas nuevas! Y tambi\u00e9n es estupenda para abrir el apetito.<\/p>\n<p>Hay una raz\u00f3n por la que la planta se llama White Widow, con su gran cantidad de tricomas y potencia. Procedente de un cruce de sativa e indica, esta variedad merece ser una de tus favoritas. Espere una calada muy relajante, con algunos efectos que mejoran el estado de \u00e1nimo, adem\u00e1s de pensamientos acerca de probar cosas nuevas - todo ello sin esa profunda sensaci\u00f3n de letargo en la parte superior de la misma. El nombre puede venir de lo que \"desearas\" despues de la primera vez que la fumes.<\/p>","protected":false},"excerpt":{"rendered":"<p>La relajante, pero alta potencia de la cepa White Widow de Vision Seeds es justo lo que necesitas cuando buscas dar un paso atr\u00e1s y pensar en la vida. A medida que tus impulsos sociales se ralenticen debido a este incre\u00edble cruce entre Sativa e Indica, te sentir\u00e1s m\u00e1s intrigado por probar cosas nuevas - \u00a1as\u00ed que no tengas miedo! D\u00e9jate sorprender por la vista de sus tricomas blancos. Verdaderamente un cl\u00e1sico del cannabis de la vieja escuela que sigue siendo perfecto para cualquier situaci\u00f3n, ella no dudar\u00eda en ayudar con ese dolor de cabeza embotado o llevar tu apetito al siguiente nivel en el mundo de los deseos alimenticios.<\/p>","protected":false},"featured_media":36594,"template":"","meta":[],"product_brand":[],"product_cat":[546,297,549,548,638],"product_tag":[],"class_list":{"0":"post-36592","1":"product","2":"type-product","3":"status-publish","4":"has-post-thumbnail","6":"product_cat-seedshop","7":"product_cat-all-products","8":"product_cat-feminized-seeds","9":"product_cat-high-thc-seeds","10":"product_cat-vision-seeds","11":"product_shipping_class-creditcard-on","13":"first","14":"instock","15":"taxable","16":"shipping-taxable","17":"purchasable","18":"product-type-variable","19":"has-default-attributes"},"_links":{"self":[{"href":"https:\/\/www.tatanka.nl\/es\/wp-json\/wp\/v2\/product\/36592","targetHints":{"allow":["GET"]}}],"collection":[{"href":"https:\/\/www.tatanka.nl\/es\/wp-json\/wp\/v2\/product"}],"about":[{"href":"https:\/\/www.tatanka.nl\/es\/wp-json\/wp\/v2\/types\/product"}],"wp:featuredmedia":[{"embeddable":true,"href":"https:\/\/www.tatanka.nl\/es\/wp-json\/wp\/v2\/media\/36594"}],"wp:attachment":[{"href":"https:\/\/www.tatanka.nl\/es\/wp-json\/wp\/v2\/media?parent=36592"}],"wp:term":[{"taxonomy":"product_brand","embeddable":true,"href":"https:\/\/www.tatanka.nl\/es\/wp-json\/wp\/v2\/product_brand?post=36592"},{"taxonomy":"product_cat","embeddable":true,"href":"https:\/\/www.tatanka.nl\/es\/wp-json\/wp\/v2\/product_cat?post=36592"},{"taxonomy":"product_tag","embeddable":true,"href":"https:\/\/www.tatanka.nl\/es\/wp-json\/wp\/v2\/product_tag?post=36592"}],"curies":[{"name":"wp","href":"https:\/\/api.w.org\/{rel}","templated":true}]}}