{"id":37822,"date":"2021-12-01T14:33:13","date_gmt":"2021-12-01T12:33:13","guid":{"rendered":"https:\/\/www.tatanka.nl\/?post_type=product&#038;p=37822"},"modified":"2025-05-20T08:39:33","modified_gmt":"2025-05-20T07:39:33","slug":"lemonx-partypills","status":"publish","type":"product","link":"https:\/\/www.tatanka.nl\/es\/lemonx-partypills\/","title":{"rendered":"LemonX Partypills"},"content":{"rendered":"<h2>4 LemonX Partypills<\/h2>\n<p>LimonX no es s\u00f3lo un energizante para los fiesteros, sino tambi\u00e9n un potenciador social. Los usuarios afirman sentirse como si fueran uno m\u00e1s en la fiesta y pudieran superar cualquier obst\u00e1culo que se les presente.<\/p>\n<p>LemonX es el alma de cualquier fiesta. Con un par de pastillas, puedes disfrutar de horas de mayor energ\u00eda y excitaci\u00f3n en tu pr\u00f3ximo evento. La f\u00f3rmula mejorada de LemonX garantiza que, dure lo que dure o pase lo que pase entre medias, \u00a1ser\u00e1 una noche salvaje!<\/p>\n<p>Toda la energ\u00eda que necesitas para una intensa experiencia de fiesta la puedes encontrar en estas peque\u00f1as c\u00e1psulas de nitro extasy. La mayor\u00eda de los usuarios dicen que Lemon X tiene un efecto euf\u00f3rico y r\u00e1pido, por lo que es una forma perfecta de relajarse cualquier noche. Es una f\u00f3rmula energ\u00e9tica totalmente natural que se puede mezclar con alcohol, por lo que 1-4 pastillas deber\u00edan ser suficientes cuando busques un poco de alivio a tus problemas.<\/p>","protected":false},"excerpt":{"rendered":"<p>Lemon X es la p\u00edldora de fiesta perfecta para mantenerse despierto y con energ\u00eda. Los efectos son tan fuertes que te sentir\u00e1s como tu propio DJ personal, \u00a1ya que la m\u00fasica se disfruta m\u00e1s que nunca!<\/p>","protected":false},"featured_media":37832,"template":"","meta":[],"product_brand":[],"product_cat":[535,297,385,527,513,525,476],"product_tag":[],"class_list":{"0":"post-37822","1":"product","2":"type-product","3":"status-publish","4":"has-post-thumbnail","6":"product_cat-dnx","7":"product_cat-all-products","8":"product_cat-buy-xtc","9":"product_cat-energy-pills","10":"product_cat-party","11":"product_cat-party-pills","12":"product_cat-smartshop","14":"first","15":"instock","16":"taxable","17":"shipping-taxable","18":"purchasable","19":"product-type-variable","20":"has-default-attributes"},"_links":{"self":[{"href":"https:\/\/www.tatanka.nl\/es\/wp-json\/wp\/v2\/product\/37822","targetHints":{"allow":["GET"]}}],"collection":[{"href":"https:\/\/www.tatanka.nl\/es\/wp-json\/wp\/v2\/product"}],"about":[{"href":"https:\/\/www.tatanka.nl\/es\/wp-json\/wp\/v2\/types\/product"}],"wp:featuredmedia":[{"embeddable":true,"href":"https:\/\/www.tatanka.nl\/es\/wp-json\/wp\/v2\/media\/37832"}],"wp:attachment":[{"href":"https:\/\/www.tatanka.nl\/es\/wp-json\/wp\/v2\/media?parent=37822"}],"wp:term":[{"taxonomy":"product_brand","embeddable":true,"href":"https:\/\/www.tatanka.nl\/es\/wp-json\/wp\/v2\/product_brand?post=37822"},{"taxonomy":"product_cat","embeddable":true,"href":"https:\/\/www.tatanka.nl\/es\/wp-json\/wp\/v2\/product_cat?post=37822"},{"taxonomy":"product_tag","embeddable":true,"href":"https:\/\/www.tatanka.nl\/es\/wp-json\/wp\/v2\/product_tag?post=37822"}],"curies":[{"name":"wp","href":"https:\/\/api.w.org\/{rel}","templated":true}]}}