{"id":37823,"date":"2021-12-01T14:33:13","date_gmt":"2021-12-01T12:33:13","guid":{"rendered":"https:\/\/www.tatanka.nl\/?post_type=product&#038;p=37823"},"modified":"2026-01-08T00:48:39","modified_gmt":"2026-01-07T23:48:39","slug":"ultimatex-partypills","status":"publish","type":"product","link":"https:\/\/www.tatanka.nl\/es\/ultimatex-partypills\/","title":{"rendered":"UltimateX Partypills"},"content":{"rendered":"<h2 data-start=\"0\" data-end=\"21\">\u00bfQu\u00e9 es UltimateX?<\/h2>\n<p data-start=\"23\" data-end=\"566\">UltimateX es un potenciador de energ\u00eda natural dise\u00f1ado para mejorar tu experiencia de fiesta. Tanto si est\u00e1s en un festival, un club o una fiesta en casa, estas pastillas proporcionan la combinaci\u00f3n perfecta de energ\u00eda y euforia para seguir adelante. Inspirado en los cl\u00e1sicos caramelos \"salmiak\", UltimateX proporciona un potente subid\u00f3n sin los efectos secundarios no deseados de los estimulantes tradicionales. Con una mezcla cuidadosamente seleccionada de ingredientes naturales, esta alternativa legal al XTC garantiza que te mantengas con energ\u00eda, concentrado y totalmente inmerso en el momento, haciendo que cada noche sea inolvidable.<\/p>\n<h2 data-start=\"568\" data-end=\"595\">Historia del UltimateX<\/h2>\n<p data-start=\"597\" data-end=\"1183\">UltimateX fue creado para aquellos que viven la vida al m\u00e1ximo y necesitan un empuj\u00f3n extra para mantener el ritmo. Inspir\u00e1ndose en las tradiciones herbales y en la cultura moderna de las fiestas, DNX desarroll\u00f3 esta f\u00f3rmula para proporcionar una forma legal y natural de mejorar la energ\u00eda y el estado de \u00e1nimo. A medida que crec\u00eda la demanda de estimulantes de origen vegetal, tambi\u00e9n lo hac\u00edan las innovaciones en los suplementos para aumentar la energ\u00eda. Combinando antiguos superalimentos como la maca y el kratom con modernos nootr\u00f3picos, UltimateX tiende un puente entre el bienestar natural y la vida nocturna de alta energ\u00eda, ofreciendo un producto a la medida de los amantes de la fiesta de todo el mundo.<\/p>\n<h2 data-start=\"1185\" data-end=\"1208\">C\u00f3mo utilizar UltimateX<\/h2>\n<p data-start=\"1210\" data-end=\"1741\">Para obtener los mejores resultados, tome de 1 a 2 comprimidos unos 30 minutos antes de que empiecen a notarse sus efectos. Si es necesario, puede aumentar la dosis hasta un m\u00e1ximo de 4 comprimidos en 24 horas. Los efectos pueden variar de una persona a otra, pero suelen durar varias horas, proporcionando una energ\u00eda sostenida y una mayor sensaci\u00f3n de euforia. Evite exceder la dosis recomendada para garantizar una experiencia segura y agradable. Tome siempre UltimateX con agua y evite mezclarlo con otros estimulantes, alcohol o medicamentos para evitar interacciones no deseadas.<\/p>\n<h2 data-start=\"1743\" data-end=\"1770\">Ingredientes del UltimateX<\/h2>\n<p data-start=\"1772\" data-end=\"1883\">UltimateX contiene una mezcla \u00fanica de ingredientes naturales que act\u00faan conjuntamente para mejorar la energ\u00eda, la concentraci\u00f3n y el estado de \u00e1nimo:<\/p>\n<ul data-start=\"1885\" data-end=\"2442\">\n<li data-start=\"1885\" data-end=\"1988\"><strong data-start=\"1887\" data-end=\"1895\">Maca<\/strong>: Un potente adapt\u00f3geno conocido por aumentar la resistencia, equilibrar las hormonas y potenciar la libido.<\/li>\n<li data-start=\"1989\" data-end=\"2068\"><strong data-start=\"1991\" data-end=\"2001\">Jengibre<\/strong>: Facilita la digesti\u00f3n, reduce las n\u00e1useas y mantiene los niveles de energ\u00eda.<\/li>\n<li data-start=\"2069\" data-end=\"2208\"><strong data-start=\"2071\" data-end=\"2091\">DL-Fenilalanina<\/strong>: Amino\u00e1cido que ayuda a regular el estado de \u00e1nimo y mejora el estado de alerta al influir en la producci\u00f3n de dopamina y endorfinas.<\/li>\n<li data-start=\"2209\" data-end=\"2313\"><strong data-start=\"2211\" data-end=\"2223\">Cafe\u00edna<\/strong>: Un conocido estimulante que aumenta la energ\u00eda y el estado de alerta, ayud\u00e1ndole a mantenerse activo durante m\u00e1s tiempo.<\/li>\n<li data-start=\"2314\" data-end=\"2442\"><strong data-start=\"2316\" data-end=\"2326\">Kratom<\/strong>: Planta tropical con propiedades naturales energizantes y analg\u00e9sicas, que proporciona un efecto equilibrado y estimulante.<\/li>\n<\/ul>\n<p data-start=\"2444\" data-end=\"2665\">Estos ingredientes cuidadosamente seleccionados trabajan juntos en sinergia para crear una f\u00f3rmula potente pero natural que apoya la resistencia, el estado de alerta y la mejora del estado de \u00e1nimo, haciendo de UltimateX la adici\u00f3n perfecta a su rutina de fiesta.<\/p>\n<p data-start=\"2667\" data-end=\"2677\"><strong>Advertencia<\/strong><\/p>\n<p data-start=\"2679\" data-end=\"3116\" data-is-last-node=\"\">UltimateX es un complemento alimenticio y no debe utilizarse como sustituto de una dieta equilibrada. Mantener fuera del alcance de los ni\u00f1os. S\u00f3lo para uso de personas mayores de 18 a\u00f1os. No lo utilice si padece hipertensi\u00f3n o hipotensi\u00f3n, afecciones card\u00edacas, trastornos tiroideos, enfermedades renales, depresi\u00f3n, trastornos nerviosos o si est\u00e1 tomando inhibidores de la MAO. Evite el consumo excesivo de alcohol durante el uso de este producto. Consulte a un m\u00e9dico en caso de duda.<\/p>","protected":false},"excerpt":{"rendered":"<p>\u00bfBuscas una inyecci\u00f3n de energ\u00eda que haga que tu fiesta sea inolvidable? UltimateX es la p\u00edldora energ\u00e9tica natural que te mantendr\u00e1 bailando hasta el amanecer. Su mezcla \u00fanica de ingredientes aumenta la resistencia y la euforia, haciendo de cada evento una experiencia que recordar\u00e1s.<\/p>","protected":false},"featured_media":37835,"template":"","meta":[],"product_brand":[],"product_cat":[535,297,385,527,513,525,476],"product_tag":[],"class_list":{"0":"post-37823","1":"product","2":"type-product","3":"status-publish","4":"has-post-thumbnail","6":"product_cat-dnx","7":"product_cat-all-products","8":"product_cat-buy-xtc","9":"product_cat-energy-pills","10":"product_cat-party","11":"product_cat-party-pills","12":"product_cat-smartshop","14":"first","15":"instock","16":"taxable","17":"shipping-taxable","18":"purchasable","19":"product-type-variable","20":"has-default-attributes"},"_links":{"self":[{"href":"https:\/\/www.tatanka.nl\/es\/wp-json\/wp\/v2\/product\/37823","targetHints":{"allow":["GET"]}}],"collection":[{"href":"https:\/\/www.tatanka.nl\/es\/wp-json\/wp\/v2\/product"}],"about":[{"href":"https:\/\/www.tatanka.nl\/es\/wp-json\/wp\/v2\/types\/product"}],"wp:featuredmedia":[{"embeddable":true,"href":"https:\/\/www.tatanka.nl\/es\/wp-json\/wp\/v2\/media\/37835"}],"wp:attachment":[{"href":"https:\/\/www.tatanka.nl\/es\/wp-json\/wp\/v2\/media?parent=37823"}],"wp:term":[{"taxonomy":"product_brand","embeddable":true,"href":"https:\/\/www.tatanka.nl\/es\/wp-json\/wp\/v2\/product_brand?post=37823"},{"taxonomy":"product_cat","embeddable":true,"href":"https:\/\/www.tatanka.nl\/es\/wp-json\/wp\/v2\/product_cat?post=37823"},{"taxonomy":"product_tag","embeddable":true,"href":"https:\/\/www.tatanka.nl\/es\/wp-json\/wp\/v2\/product_tag?post=37823"}],"curies":[{"name":"wp","href":"https:\/\/api.w.org\/{rel}","templated":true}]}}