{"id":42171,"date":"2022-03-08T11:57:02","date_gmt":"2022-03-08T09:57:02","guid":{"rendered":"https:\/\/www.tatanka.nl\/product\/green-borneo-kratom\/"},"modified":"2025-11-18T15:37:51","modified_gmt":"2025-11-18T14:37:51","slug":"green-borneo-kratom","status":"publish","type":"product","link":"https:\/\/www.tatanka.nl\/es\/green-borneo-kratom\/","title":{"rendered":"Green Borneo Kratom"},"content":{"rendered":"<h2 data-start=\"0\" data-end=\"40\">\u00bfQu\u00e9 es Kratopia Green Borneo Kratom?<\/h2>\n<p data-start=\"42\" data-end=\"795\">Kratopia Green Borneo Kratom es una variedad suave y energizante originaria de la isla de Borneo, en el sudeste asi\u00e1tico. A diferencia de sus hom\u00f3logas roja y blanca, m\u00e1s potentes, la Green Borneo ofrece un efecto equilibrado que fomenta la concentraci\u00f3n y la motivaci\u00f3n sin abrumar al usuario. Esta cepa es conocida por su complejo perfil de alcaloides, que contribuye a sus propiedades estimulantes, convirti\u00e9ndola en una gran elecci\u00f3n para aquellos que buscan un impulso de energ\u00eda natural y una sensaci\u00f3n de bienestar. A menudo consumido como t\u00e9, el Borneo Verde es f\u00e1cil de incorporar a las rutinas diarias y es una opci\u00f3n vers\u00e1til tanto para los nuevos usuarios de kratom como para los experimentados. Proporciona una experiencia m\u00e1s suave y controlada, por lo que es una alternativa popular a la cafe\u00edna para mantener el estado de alerta durante todo el d\u00eda.<\/p>\n<h2 data-start=\"797\" data-end=\"839\">Historia de Kratopia Green Borneo Kratom<\/h2>\n<p data-start=\"841\" data-end=\"1704\">La historia del Green Borneo Kratom est\u00e1 profundamente arraigada en las pr\u00e1cticas tradicionales del sudeste asi\u00e1tico, especialmente en la isla de Borneo. Los ind\u00edgenas han utilizado durante mucho tiempo el kratom por sus beneficios medicinales, confiando en sus propiedades para tratar diversas dolencias. El Borneo verde, en concreto, es reconocido por su capacidad para ofrecer efectos tanto estimulantes como relajantes. El clima tropical y h\u00famedo de Borneo es ideal para cultivar kratom de alta calidad, y la regi\u00f3n se ha hecho muy conocida dentro de la comunidad mundial del kratom por producir esta cepa \u00fanica. Aunque las variedades de kratom rojo y blanco son m\u00e1s conocidas, el Borneo Verde ha ido ganando popularidad debido a sus efectos equilibrados. Su versatilidad y potencia moderada la han convertido en un elemento b\u00e1sico tanto en la comunidad de investigaci\u00f3n del kratom como entre los consumidores que buscan una experiencia de kratom m\u00e1s refinada.<\/p>\n<h2 data-start=\"1706\" data-end=\"1748\">C\u00f3mo utilizar Kratopia Green Borneo Kratom<\/h2>\n<p data-start=\"1750\" data-end=\"2714\">La forma m\u00e1s com\u00fan de disfrutar del Kratopia Green Borneo Kratom es prepar\u00e1ndolo como t\u00e9. Para preparar el t\u00e9, disuelva de 4 a 5 gramos de polvo de Green Borneo Kratom en agua caliente (entre 70 y 95 grados Celsius). D\u00e9jalo reposar de 3 a 5 minutos para que los alcaloides se disuelvan completamente en el agua. Tras la infusi\u00f3n, no es necesario colar el t\u00e9; basta con beber toda la mezcla. Muchos usuarios realzan el sabor a\u00f1adiendo miel o sirope. Si es la primera vez que toma Borneo Verde, lo mejor es empezar con una dosis baja y ajustarla gradualmente en funci\u00f3n de c\u00f3mo responda su cuerpo. Una dosis t\u00edpica de 4 a 5 gramos suele ser suficiente para un efecto suave y energizante. Dado que los efectos pueden variar dependiendo de factores como el peso corporal y la potencia del kratom, siempre se recomienda empezar despacio y encontrar gradualmente la cantidad adecuada que funcione para ti. Green Borneo Kratom es una opci\u00f3n ideal para aquellos que quieren un impulso de energ\u00eda suave y natural sin los efectos secundarios nerviosos de la cafe\u00edna.<\/p>\n<h2 data-start=\"2716\" data-end=\"2762\">Ingredientes de Kratopia Green Borneo Kratom<\/h2>\n<p data-start=\"2764\" data-end=\"3609\">El ingrediente principal de la Kratopia Green Borneo Kratom es la Mitragyna speciosa, un \u00e1rbol tropical originario del sudeste asi\u00e1tico. Las hojas de este \u00e1rbol contienen potentes alcaloides, en particular Mitragynine, que es responsable de los efectos energizantes de la cepa. El Borneo Verde se distingue por su perfil de alcaloides bien equilibrado, que ofrece una estimulaci\u00f3n moderada sin ser demasiado intensa. Comparada con otras cepas de kratom, la Green Borneo contiene niveles m\u00e1s altos de Mitragynine, lo que contribuye a su impacto suave pero efectivo. Las hojas se cosechan con cuidado y se someten a un procesamiento m\u00ednimo para preservar su contenido natural de alcaloides. Esta composici\u00f3n equilibrada hace de la Green Borneo Kratom una elecci\u00f3n fiable y popular tanto entre principiantes como entre usuarios experimentados, ofreciendo una experiencia consistente que puede mejorar la concentraci\u00f3n, la energ\u00eda y el bienestar general.<\/p>\n<p data-start=\"3611\" data-end=\"3621\"><strong>Advertencia<\/strong><\/p>\n<p data-start=\"3623\" data-end=\"3947\" data-is-last-node=\"\">La venta y el uso de Kratopia Green Borneo Kratom est\u00e1n prohibidos a los menores de 18 a\u00f1os. Mant\u00e9ngase fuera del alcance de los ni\u00f1os. No lo utilice si tiene la tensi\u00f3n alta o baja, problemas card\u00edacos o pulmonares, diabetes, est\u00e1 embarazada o est\u00e1 tomando medicamentos, drogas o alcohol. Consulte siempre a un profesional sanitario antes de utilizarlo.<\/p>","protected":false},"excerpt":{"rendered":"<p>La Green Borneo Kratom es una gran variedad de kratom Green Vein revitalizante y reductora de la fatiga, muy apreciada por aquellos que buscan una mezcla de relajaci\u00f3n y energ\u00eda. Siendo una planta de kratom del lado \"verde\" de la familia, el kratom de Borneo es una elecci\u00f3n perfecta para aquellos que buscan una variedad de kratom de potencia media para la tarde, \u00a1para aliviar el estr\u00e9s sin perder demasiada productividad!<\/p>","protected":false},"featured_media":126064,"template":"","meta":[],"product_brand":[],"product_cat":[599,297,512,477,509,510,511,476],"product_tag":[],"class_list":{"0":"post-42171","1":"product","2":"type-product","3":"status-publish","4":"has-post-thumbnail","6":"product_cat-kratopia","7":"product_cat-all-products","8":"product_cat-extracts","9":"product_cat-herbs","10":"product_cat-kratom","11":"product_cat-relax","12":"product_cat-relax-herbs","13":"product_cat-smartshop","14":"product_shipping_class-creditcard-off","16":"first","17":"instock","18":"taxable","19":"shipping-taxable","20":"purchasable","21":"product-type-variable","22":"has-default-attributes"},"_links":{"self":[{"href":"https:\/\/www.tatanka.nl\/es\/wp-json\/wp\/v2\/product\/42171","targetHints":{"allow":["GET"]}}],"collection":[{"href":"https:\/\/www.tatanka.nl\/es\/wp-json\/wp\/v2\/product"}],"about":[{"href":"https:\/\/www.tatanka.nl\/es\/wp-json\/wp\/v2\/types\/product"}],"wp:featuredmedia":[{"embeddable":true,"href":"https:\/\/www.tatanka.nl\/es\/wp-json\/wp\/v2\/media\/126064"}],"wp:attachment":[{"href":"https:\/\/www.tatanka.nl\/es\/wp-json\/wp\/v2\/media?parent=42171"}],"wp:term":[{"taxonomy":"product_brand","embeddable":true,"href":"https:\/\/www.tatanka.nl\/es\/wp-json\/wp\/v2\/product_brand?post=42171"},{"taxonomy":"product_cat","embeddable":true,"href":"https:\/\/www.tatanka.nl\/es\/wp-json\/wp\/v2\/product_cat?post=42171"},{"taxonomy":"product_tag","embeddable":true,"href":"https:\/\/www.tatanka.nl\/es\/wp-json\/wp\/v2\/product_tag?post=42171"}],"curies":[{"name":"wp","href":"https:\/\/api.w.org\/{rel}","templated":true}]}}