{"id":42173,"date":"2022-03-08T11:57:02","date_gmt":"2022-03-08T09:57:02","guid":{"rendered":"https:\/\/www.tatanka.nl\/product\/red-bali-kratom\/"},"modified":"2025-11-18T15:37:52","modified_gmt":"2025-11-18T14:37:52","slug":"red-bali-kratom","status":"publish","type":"product","link":"https:\/\/www.tatanka.nl\/es\/red-bali-kratom\/","title":{"rendered":"Red Bali Kratom"},"content":{"rendered":"<h2 data-start=\"0\" data-end=\"36\">\u00bfQu\u00e9 es Kratopia Red Bali Kratom?<\/h2>\n<p data-start=\"38\" data-end=\"756\">Kratopia Red Bali Kratom es una variedad muy popular conocida por sus efectos completos, que la convierten en una elecci\u00f3n ideal para principiantes. Ofrece una experiencia equilibrada, actuando como estimulante del estado de \u00e1nimo y como analg\u00e9sico suave. Red Bali Kratom es favorecida por su sabor m\u00e1s suave, que es menos amargo que muchas otras cepas, por lo que es m\u00e1s agradable para los nuevos usuarios. Se utiliza com\u00fanmente para mejorar las interacciones sociales, haciendo que las personas se sientan m\u00e1s conectadas y emp\u00e1ticas, mejorando sus experiencias sociales. Adem\u00e1s de sus beneficios sociales, ayuda a promover la relajaci\u00f3n y proporciona alivio del malestar f\u00edsico. Kratopia Red Bali Kratom es una excelente opci\u00f3n para cualquiera que busque una variedad de kratom vers\u00e1til y relajante.<\/p>\n<h2 data-start=\"758\" data-end=\"796\">Historia de Kratopia Red Bali Kratom<\/h2>\n<p data-start=\"798\" data-end=\"1574\">La Red Bali Kratom tiene profundas ra\u00edces en el sudeste asi\u00e1tico, particularmente en Indonesia, que es de donde la variedad recibe su nombre, a pesar de que Bali no es una regi\u00f3n nativa de cultivo de kratom. La cepa es una mezcla de hojas de varios \u00e1rboles de kratom del sudeste asi\u00e1tico. Hist\u00f3ricamente, la Red Bali Kratom se utilizaba por sus propiedades calmantes y medicinales, que ayudaban a los lugare\u00f1os a controlar el dolor, aliviar el estr\u00e9s y mejorar el estado de \u00e1nimo. Tambi\u00e9n se valoraba como potenciador social, ya que fomentaba la tranquilidad y la conexi\u00f3n entre las personas. Con el tiempo, a medida que el kratom ganaba popularidad en Occidente, la Red Bali se convirti\u00f3 en una de las cepas m\u00e1s reconocidas por sus efectos suaves y sus beneficios equilibrados. Hoy en d\u00eda, la Kratopia Red Bali Kratom sigue siendo una de las principales opciones para las personas que buscan alternativas naturales para aliviar el dolor y mejorar el estado de \u00e1nimo.<\/p>\n<h2 data-start=\"1576\" data-end=\"1614\">C\u00f3mo utilizar Kratopia Red Bali Kratom<\/h2>\n<p data-start=\"1616\" data-end=\"2528\">El uso de Kratopia Red Bali Kratom es sencillo y agradable, a menudo en forma de t\u00e9 calmante. Para prepararlo, disuelve de 4 a 5 gramos de polvo de Red Bali Kratom en agua caliente, manteniendo la temperatura del agua entre 70 y 95 grados Celsius. Deje reposar la infusi\u00f3n de 3 a 5 minutos para que el kratom libere sus alcaloides beneficiosos. No es necesario colar la infusi\u00f3n, ya que todas las partes de la mezcla son seguras para el consumo. Para los primeros usuarios, se recomienda comenzar con una dosis m\u00e1s peque\u00f1a para medir c\u00f3mo reacciona su cuerpo a la cepa. El sabor suave de la Red Bali Kratom la convierte en una buena opci\u00f3n para los principiantes y, con el tiempo, los usuarios pueden ajustar su dosis en funci\u00f3n de su sensibilidad y los efectos deseados. Se puede conseguir un efecto suave con menos de 3 gramos, mientras que los que buscan un efecto m\u00e1s fuerte pueden aumentar la dosis a 5-6 gramos. Independientemente de la dosis, Kratopia Red Bali Kratom ofrece una experiencia suave y que mejora el estado de \u00e1nimo.<\/p>\n<h2 data-start=\"2530\" data-end=\"2572\">Ingredientes de Kratopia Red Bali Kratom<\/h2>\n<p data-start=\"2574\" data-end=\"3510\">El ingrediente clave del Kratopia Red Bali Kratom es la Mitragyna speciosa, un \u00e1rbol tropical originario del sudeste asi\u00e1tico. Las hojas del \u00e1rbol Mitragyna speciosa se recogen, secan y procesan para obtener kratom en polvo. El Red Bali Kratom procede espec\u00edficamente de hojas cuidadosamente seleccionadas de varios \u00e1rboles de kratom de diferentes regiones del sudeste asi\u00e1tico. Tras el secado, las hojas se someten a un ligero proceso de fermentaci\u00f3n que aumenta su contenido de alcaloides y confiere al Red Bali sus efectos distintivos. Los principales alcaloides del Red Bali Kratom son la mitraginina y la 7-hidroximitraginina, que interact\u00faan con los receptores del cuerpo para promover el bienestar, aumentar la energ\u00eda y aliviar el dolor. La combinaci\u00f3n equilibrada de estos alcaloides da como resultado una experiencia suave y agradable, perfecta para las interacciones sociales y para aliviar el malestar f\u00edsico. El Kratopia Red Bali Kratom es una elecci\u00f3n popular tanto para usuarios nuevos como experimentados de kratom debido a sus beneficios bien equilibrados.<\/p>\n<p data-start=\"3512\" data-end=\"3522\"><strong>Advertencia<\/strong><\/p>\n<p data-start=\"3524\" data-end=\"3844\" data-is-last-node=\"\">La venta y el uso de Kratopia Red Bali Kratom est\u00e1n prohibidos a los menores de 18 a\u00f1os. Mant\u00e9ngase fuera del alcance de los ni\u00f1os. No lo utilice si tiene la tensi\u00f3n alta o baja, problemas card\u00edacos o pulmonares, diabetes, est\u00e1 embarazada o est\u00e1 tomando medicamentos, drogas o alcohol. Consulte siempre a un profesional sanitario antes de utilizarlo.<\/p>","protected":false},"excerpt":{"rendered":"<p>Aquellos que buscan el m\u00e1ximo nivel de efectos relajantes del kratom adoran la variedad Red Bali Kratom. Recomendamos esta cepa como una gran cepa relajante nocturna para aquellos que buscan dejar completamente atr\u00e1s sus preocupaciones y deshacerse de cualquier estr\u00e9s que puedan estar teniendo. Esta es una variedad Red Vein, por lo que sabes que te dejar\u00e1 completamente relajado y, en \u00faltima instancia, \u00a1relajado al m\u00e1ximo!<\/p>","protected":false},"featured_media":126061,"template":"","meta":[],"product_brand":[],"product_cat":[599,297,512,477,509,510,511,476],"product_tag":[],"class_list":{"0":"post-42173","1":"product","2":"type-product","3":"status-publish","4":"has-post-thumbnail","6":"product_cat-kratopia","7":"product_cat-all-products","8":"product_cat-extracts","9":"product_cat-herbs","10":"product_cat-kratom","11":"product_cat-relax","12":"product_cat-relax-herbs","13":"product_cat-smartshop","14":"product_shipping_class-creditcard-off","16":"first","17":"instock","18":"taxable","19":"shipping-taxable","20":"purchasable","21":"product-type-variable","22":"has-default-attributes"},"_links":{"self":[{"href":"https:\/\/www.tatanka.nl\/es\/wp-json\/wp\/v2\/product\/42173","targetHints":{"allow":["GET"]}}],"collection":[{"href":"https:\/\/www.tatanka.nl\/es\/wp-json\/wp\/v2\/product"}],"about":[{"href":"https:\/\/www.tatanka.nl\/es\/wp-json\/wp\/v2\/types\/product"}],"wp:featuredmedia":[{"embeddable":true,"href":"https:\/\/www.tatanka.nl\/es\/wp-json\/wp\/v2\/media\/126061"}],"wp:attachment":[{"href":"https:\/\/www.tatanka.nl\/es\/wp-json\/wp\/v2\/media?parent=42173"}],"wp:term":[{"taxonomy":"product_brand","embeddable":true,"href":"https:\/\/www.tatanka.nl\/es\/wp-json\/wp\/v2\/product_brand?post=42173"},{"taxonomy":"product_cat","embeddable":true,"href":"https:\/\/www.tatanka.nl\/es\/wp-json\/wp\/v2\/product_cat?post=42173"},{"taxonomy":"product_tag","embeddable":true,"href":"https:\/\/www.tatanka.nl\/es\/wp-json\/wp\/v2\/product_tag?post=42173"}],"curies":[{"name":"wp","href":"https:\/\/api.w.org\/{rel}","templated":true}]}}