{"id":42174,"date":"2022-03-08T11:57:03","date_gmt":"2022-03-08T09:57:03","guid":{"rendered":"https:\/\/www.tatanka.nl\/product\/red-borneo-kratom\/"},"modified":"2026-03-02T00:48:38","modified_gmt":"2026-03-01T23:48:38","slug":"red-borneo-kratom","status":"publish","type":"product","link":"https:\/\/www.tatanka.nl\/es\/red-borneo-kratom\/","title":{"rendered":"Red Borneo Kratom"},"content":{"rendered":"<h2 data-start=\"0\" data-end=\"29\">\u00bfQu\u00e9 es Red Borneo Kratom?<\/h2>\n<p data-start=\"31\" data-end=\"804\">La Red Borneo Kratom es una cepa \u00fanica originaria de la parte indonesia de Borneo, conocida como Kalimantan. Tiene un profundo significado cultural y es muy venerada por sus beneficios naturales para la salud. Tradicionalmente, los habitantes de Kalimantan utilizaban el kratom de diversas formas, como fumando las hojas secas. En la actualidad, se suele preparar en forma de t\u00e9 relajante y energizante. Las hojas se someten a un largo per\u00edodo de secado seguido de una ligera fermentaci\u00f3n, lo que aumenta su contenido natural de alcaloides. La Red Borneo Kratom es conocida por sus efectos equilibrados, que ofrecen un subid\u00f3n de energ\u00eda m\u00e1s suave y relajado que otras variedades de kratom. Es una gran elecci\u00f3n para aquellos que buscan un estimulante natural que tambi\u00e9n promueve la mejora del estado de \u00e1nimo y la concentraci\u00f3n sin la intensidad de las variedades m\u00e1s fuertes.<\/p>\n<h2 data-start=\"806\" data-end=\"837\">Historia del Red Borneo Kratom<\/h2>\n<p data-start=\"839\" data-end=\"1691\">La historia del Red Borneo Kratom est\u00e1 profundamente arraigada en las tradiciones de los pueblos ind\u00edgenas de Kalimantan. Durante siglos, el kratom se ha considerado un poderoso remedio para diversos problemas de salud. Los lugare\u00f1os se refer\u00edan a las hojas como \"hojas celestiales\", destacando su creencia en las propiedades curativas de la planta. Tradicionalmente, las hojas se consum\u00edan de varias formas, incluso fumadas en cigarrillos caseros. Con el tiempo, sin embargo, la pr\u00e1ctica de preparar t\u00e9 con las hojas se ha hecho m\u00e1s com\u00fan debido a sus efectos controlados y calmantes. Las hojas utilizadas para el Red Borneo Kratom se seleccionan cuidadosamente por su proceso de secado m\u00e1s largo y su fermentaci\u00f3n suave, que aumenta el contenido de alcaloides, lo que da lugar a las propiedades distintivas de la cepa. A medida que se extendi\u00f3 su popularidad, la Red Borneo Kratom gan\u00f3 reconocimiento mundial por sus beneficios equilibrados y eficaces.<\/p>\n<h2 data-start=\"1693\" data-end=\"1724\">C\u00f3mo utilizar Red Borneo Kratom<\/h2>\n<p data-start=\"1726\" data-end=\"2567\">El Red Borneo Kratom se disfruta mejor como t\u00e9 calmante. Para prepararlo, se disuelven de 4 a 5 gramos de polvo de kratom en agua caliente (entre 70 y 95 grados Celsius) y se deja reposar de 3 a 5 minutos para que los alcaloides se infusionen por completo. No es necesario colar la infusi\u00f3n, ya que se pueden consumir todas las partes del kratom. Cuando se utiliza Red Borneo Kratom por primera vez, es importante comenzar con una dosis m\u00e1s peque\u00f1a para evaluar c\u00f3mo reacciona su cuerpo, ya que los efectos pueden variar en funci\u00f3n de la tolerancia individual. Para muchos usuarios, de 3 a 5 gramos proporcionan un efecto suave, mientras que los usuarios m\u00e1s experimentados pueden requerir una dosis ligeramente superior. Conocido por sus efectos equilibrados, Red Borneo Kratom es ideal para el uso diurno y como potenciador natural del estado de \u00e1nimo. Como con cualquier producto de kratom, es esencial utilizarlo de forma responsable para evitar crear tolerancia o experimentar efectos secundarios no deseados.<\/p>\n<h2 data-start=\"2569\" data-end=\"2604\">Ingredientes del Red Borneo Kratom<\/h2>\n<p data-start=\"2606\" data-end=\"3475\">El principal ingrediente del Red Borneo Kratom es la Mitragyna speciosa, un \u00e1rbol tropical originario del sudeste asi\u00e1tico. Las hojas de este \u00e1rbol se recogen, secan y procesan para obtener el polvo de kratom utilizado en el suplemento. Red Borneo Kratom se somete a un proceso \u00fanico de secado y fermentaci\u00f3n suave, que mejora el contenido de alcaloides de las hojas, lo que resulta en un efecto m\u00e1s potente y equilibrado. Los principales alcaloides que se encuentran en Red Borneo Kratom son la mitraginina y la 7-hidroximitraginina, que interact\u00faan con los receptores del cuerpo para promover la sensaci\u00f3n de bienestar, el aumento de la energ\u00eda y el alivio de las molestias. El proceso de fermentaci\u00f3n es clave para desarrollar los efectos distintivos de Red Borneo, y la alta calidad de las hojas garantiza que el kratom conserve su potencia. Ya sea consumido como t\u00e9 o en otras formas, Red Borneo Kratom proporciona un impulso de energ\u00eda natural con propiedades calmantes.<\/p>\n<p data-start=\"3477\" data-end=\"3487\"><strong>Advertencia<\/strong><\/p>\n<p data-start=\"3489\" data-end=\"3802\" data-is-last-node=\"\">La venta y el uso de Red Borneo Kratom est\u00e1n prohibidos a los menores de 18 a\u00f1os. Mant\u00e9ngase fuera del alcance de los ni\u00f1os. No lo utilice si tiene la tensi\u00f3n alta o baja, problemas card\u00edacos o pulmonares, diabetes, est\u00e1 embarazada o est\u00e1 tomando medicamentos, drogas o alcohol. Consulte siempre a un profesional sanitario antes de utilizarlo.<\/p>","protected":false},"excerpt":{"rendered":"<p>El kratom Red Borneo es una variedad de kratom Red Vein de larga duraci\u00f3n que gusta a aquellos que buscan efectos de kratom que duren un tiempo. Esto la convierte en una variedad de kratom perfecta para aquellos a los que les gustan los efectos de kratom m\u00e1s suaves pero duraderos, o incluso para aquellos a los que les gusta un poco de kratom a lo largo del d\u00eda. La Borneo Roja proporciona un est\u00edmulo de relajaci\u00f3n de larga duraci\u00f3n que muchos adoran.<\/p>","protected":false},"featured_media":126055,"template":"","meta":[],"product_brand":[],"product_cat":[599,297,512,477,509,510,511,476],"product_tag":[],"class_list":{"0":"post-42174","1":"product","2":"type-product","3":"status-publish","4":"has-post-thumbnail","6":"product_cat-kratopia","7":"product_cat-all-products","8":"product_cat-extracts","9":"product_cat-herbs","10":"product_cat-kratom","11":"product_cat-relax","12":"product_cat-relax-herbs","13":"product_cat-smartshop","14":"product_shipping_class-creditcard-off","16":"first","17":"instock","18":"taxable","19":"shipping-taxable","20":"purchasable","21":"product-type-variable","22":"has-default-attributes"},"_links":{"self":[{"href":"https:\/\/www.tatanka.nl\/es\/wp-json\/wp\/v2\/product\/42174","targetHints":{"allow":["GET"]}}],"collection":[{"href":"https:\/\/www.tatanka.nl\/es\/wp-json\/wp\/v2\/product"}],"about":[{"href":"https:\/\/www.tatanka.nl\/es\/wp-json\/wp\/v2\/types\/product"}],"wp:featuredmedia":[{"embeddable":true,"href":"https:\/\/www.tatanka.nl\/es\/wp-json\/wp\/v2\/media\/126055"}],"wp:attachment":[{"href":"https:\/\/www.tatanka.nl\/es\/wp-json\/wp\/v2\/media?parent=42174"}],"wp:term":[{"taxonomy":"product_brand","embeddable":true,"href":"https:\/\/www.tatanka.nl\/es\/wp-json\/wp\/v2\/product_brand?post=42174"},{"taxonomy":"product_cat","embeddable":true,"href":"https:\/\/www.tatanka.nl\/es\/wp-json\/wp\/v2\/product_cat?post=42174"},{"taxonomy":"product_tag","embeddable":true,"href":"https:\/\/www.tatanka.nl\/es\/wp-json\/wp\/v2\/product_tag?post=42174"}],"curies":[{"name":"wp","href":"https:\/\/api.w.org\/{rel}","templated":true}]}}