{"id":42175,"date":"2022-03-08T11:57:03","date_gmt":"2022-03-08T09:57:03","guid":{"rendered":"https:\/\/www.tatanka.nl\/product\/red-maeng-da-kratom\/"},"modified":"2026-01-23T12:48:35","modified_gmt":"2026-01-23T11:48:35","slug":"red-maeng-da-kratom","status":"publish","type":"product","link":"https:\/\/www.tatanka.nl\/es\/red-maeng-da-kratom\/","title":{"rendered":"Red Maeng Da Kratom"},"content":{"rendered":"<h2 data-start=\"0\" data-end=\"31\">\u00bfQu\u00e9 es Red Maeng Da Kratom?<\/h2>\n<p data-start=\"33\" data-end=\"735\">Red Maeng Da Kratom es una cepa distintiva y potente conocida por su combinaci\u00f3n \u00fanica de efectos energizantes y calmantes. Esta variedad se utiliza a menudo para mejorar el estado de \u00e1nimo, aumentar la concentraci\u00f3n y aliviar el dolor. Las hojas son t\u00edpicamente cosechadas y luego fermentadas para lograr su caracter\u00edstico color rojo, que aumenta el contenido de alcaloides, haciendo del Red Maeng Da una de las cepas de kratom m\u00e1s potentes disponibles. Desarrollada originalmente en Thailandia mediante t\u00e9cnicas de injerto, esta cepa fue criada para prosperar en el ambiente c\u00e1lido y h\u00famedo del sudeste asi\u00e1tico. Desde entonces, la Red Maeng Da Kratom ha ganado popularidad en todo el mundo, especialmente en Occidente, debido a sus potentes efectos y a su capacidad natural para aumentar la energ\u00eda y el bienestar.<\/p>\n<h2 data-start=\"737\" data-end=\"770\">Historia del Red Maeng Da Kratom<\/h2>\n<p data-start=\"772\" data-end=\"1231\">Los or\u00edgenes de la Red Maeng Da Kratom se remontan a finales del siglo XIX en Thailandia. Los agricultores de Thai empezaron a experimentar con el injerto de diferentes cepas de kratom para crear una variedad m\u00e1s resistente que pudiera soportar mejor el clima c\u00e1lido y h\u00famedo de la regi\u00f3n. El resultado fue la creaci\u00f3n de la cepa Maeng Da, dise\u00f1ada para ser m\u00e1s resistente que los \u00e1rboles de kratom tradicionales. El nombre \"Maeng Da\", que significa \"grado chulo\" en Thai, refleja su gran potencia y calidad superior.<\/p>\n<p data-start=\"1233\" data-end=\"1597\">La variante roja, Red Maeng Da, se crea mediante un proceso de fermentaci\u00f3n que aumenta a\u00fan m\u00e1s el contenido de alcaloides de las hojas. Este proceso aumenta su potencia, convirti\u00e9ndola en una de las variedades m\u00e1s potentes de kratom. Con el tiempo, la Red Maeng Da Kratom gan\u00f3 reconocimiento internacional y se ha convertido en un producto codiciado en todo el mundo por sus efectos equilibrados y energizantes.<\/p>\n<h2 data-start=\"1599\" data-end=\"1632\">C\u00f3mo utilizar Red Maeng Da Kratom<\/h2>\n<p data-start=\"1634\" data-end=\"1943\">El Red Maeng Da Kratom se consume sobre todo en forma de t\u00e9. Para prepararlo, disuelve de 4 a 5 gramos de polvo de Maeng Da Rojo en agua caliente (de 70 a 95 grados Celsius). Se deja reposar de 3 a 5 minutos para extraer eficazmente los alcaloides. No es necesario colar la infusi\u00f3n, ya que se puede consumir todo su contenido.<\/p>\n<p data-start=\"1945\" data-end=\"2419\">Cuando se utiliza Maeng Da Rojo por primera vez, es importante empezar con una dosis m\u00e1s peque\u00f1a y ajustarla gradualmente en funci\u00f3n de la respuesta del cuerpo. Aunque de 3 a 5 gramos suelen bastar para un efecto leve, los usuarios experimentados pueden necesitar una dosis mayor para lograr los resultados deseados. Utiliza siempre el Maeng Da Rojo con responsabilidad y moderaci\u00f3n para evitar el desarrollo de tolerancia o efectos secundarios no deseados. Es esencial ser consciente de que los efectos del kratom pueden variar en funci\u00f3n de la tolerancia individual.<\/p>\n<h2 data-start=\"2421\" data-end=\"2458\">Ingredientes de Red Maeng Da Kratom<\/h2>\n<p data-start=\"2460\" data-end=\"2875\">El ingrediente principal de Red Maeng Da Kratom es Mitragyna speciosa, un \u00e1rbol tropical originario del sudeste asi\u00e1tico. Las hojas son cuidadosamente cosechadas y procesadas en polvo para crear este suplemento. El Maeng Da Rojo se distingue de otras variedades de kratom por su proceso de fermentaci\u00f3n, que no s\u00f3lo da a las hojas su caracter\u00edstico color rojo, sino que tambi\u00e9n intensifica los alcaloides responsables de sus potentes efectos.<\/p>\n<p data-start=\"2877\" data-end=\"3399\">El proceso de fermentaci\u00f3n potencia las propiedades energizantes, estimulantes y analg\u00e9sicas del Red Maeng Da. Al igual que otras variedades de kratom, la Red Maeng Da contiene alcaloides como la mitraginina y la 7-hidroximitraginina, que interact\u00faan con los receptores del cuerpo para producir sus efectos. Aunque la mezcla exacta de hojas utilizada es exclusiva, la Red Maeng Da siempre procede de la Mitragyna speciosa, una planta con una larga historia de uso medicinal en el sudeste asi\u00e1tico. El Maeng Da Rojo debe utilizarse de forma responsable para garantizar resultados seguros y eficaces.<\/p>\n<p data-start=\"3401\" data-end=\"3411\"><strong>Advertencia<\/strong><\/p>\n<p data-start=\"3413\" data-end=\"3748\" data-is-last-node=\"\">La venta y el uso de Red Maeng Da Kratom est\u00e1n prohibidos a los menores de 18 a\u00f1os. Mant\u00e9ngase fuera del alcance de los ni\u00f1os. No lo tome si tiene la tensi\u00f3n alta o baja, problemas card\u00edacos o pulmonares, diabetes, est\u00e1 embarazada o est\u00e1 tomando medicamentos, drogas o alcohol. Consulte siempre a un profesional sanitario antes de utilizar cualquier suplemento.<\/p>","protected":false},"excerpt":{"rendered":"<p>El kratom Red Maeng Da es otra gran variedad de kratom Red Vein que adoran aquellos que buscan relajaci\u00f3n con un toque de euforia. Prep\u00e1rate para relajarte con una cara feliz y un gran estado de \u00e1nimo gracias al kratom Red Maeng Da. Al ser una cepa de kratom rojo, usted sabe que este kratom es fuerte y ser\u00e1 amado por muchos usuarios experimentados de kratom.<\/p>","protected":false},"featured_media":126052,"template":"","meta":[],"product_brand":[],"product_cat":[599,297,512,477,509,510,511,476],"product_tag":[],"class_list":{"0":"post-42175","1":"product","2":"type-product","3":"status-publish","4":"has-post-thumbnail","6":"product_cat-kratopia","7":"product_cat-all-products","8":"product_cat-extracts","9":"product_cat-herbs","10":"product_cat-kratom","11":"product_cat-relax","12":"product_cat-relax-herbs","13":"product_cat-smartshop","14":"product_shipping_class-creditcard-off","16":"first","17":"instock","18":"taxable","19":"shipping-taxable","20":"purchasable","21":"product-type-variable","22":"has-default-attributes"},"_links":{"self":[{"href":"https:\/\/www.tatanka.nl\/es\/wp-json\/wp\/v2\/product\/42175","targetHints":{"allow":["GET"]}}],"collection":[{"href":"https:\/\/www.tatanka.nl\/es\/wp-json\/wp\/v2\/product"}],"about":[{"href":"https:\/\/www.tatanka.nl\/es\/wp-json\/wp\/v2\/types\/product"}],"wp:featuredmedia":[{"embeddable":true,"href":"https:\/\/www.tatanka.nl\/es\/wp-json\/wp\/v2\/media\/126052"}],"wp:attachment":[{"href":"https:\/\/www.tatanka.nl\/es\/wp-json\/wp\/v2\/media?parent=42175"}],"wp:term":[{"taxonomy":"product_brand","embeddable":true,"href":"https:\/\/www.tatanka.nl\/es\/wp-json\/wp\/v2\/product_brand?post=42175"},{"taxonomy":"product_cat","embeddable":true,"href":"https:\/\/www.tatanka.nl\/es\/wp-json\/wp\/v2\/product_cat?post=42175"},{"taxonomy":"product_tag","embeddable":true,"href":"https:\/\/www.tatanka.nl\/es\/wp-json\/wp\/v2\/product_tag?post=42175"}],"curies":[{"name":"wp","href":"https:\/\/api.w.org\/{rel}","templated":true}]}}