{"id":42176,"date":"2022-03-08T11:57:03","date_gmt":"2022-03-08T09:57:03","guid":{"rendered":"https:\/\/www.tatanka.nl\/product\/super-bali-gold-kratom\/"},"modified":"2025-11-18T15:37:49","modified_gmt":"2025-11-18T14:37:49","slug":"super-bali-gold-kratom","status":"publish","type":"product","link":"https:\/\/www.tatanka.nl\/es\/super-bali-gold-kratom\/","title":{"rendered":"Super Bali Gold Kratom"},"content":{"rendered":"<h2 data-start=\"0\" data-end=\"43\">\u00bfQu\u00e9 es Kratopia Super Bali Gold Kratom?<\/h2>\n<p data-start=\"45\" data-end=\"978\">Kratopia Super Bali Gold Kratom es una mezcla especialmente elaborada para producir efectos espec\u00edficos, como la mejora del estado de \u00e1nimo y el alivio del dolor. Conocida por sus propiedades relajantes, esta cepa es reconocida por su potente amargor, raz\u00f3n por la que a menudo se consume con un edulcorante, como la miel, para enmascarar su sabor. La mezcla se obtiene de una mezcla de hojas de Kratom procedentes de diferentes regiones, que ofrecen una combinaci\u00f3n \u00fanica de beneficios terap\u00e9uticos y calmantes. La Super Bali Gold Kratom es popular no s\u00f3lo por sus efectos f\u00edsicos, sino tambi\u00e9n por su capacidad para mejorar el bienestar mental, ayudando a los usuarios a encontrar alivio para el estr\u00e9s, la ansiedad y el malestar. Aunque es originaria de Bali -donde los \u00e1rboles Kratom no son aut\u00f3ctonos- su nombre persiste para reflejar sus ra\u00edces hist\u00f3ricas. Hoy en d\u00eda, la mayor parte de la Kratom se exporta de Kalimantan, Indonesia, pero la Super Bali Gold Kratom sigue siendo una de las favoritas de quienes buscan una experiencia equilibrada y relajante.<\/p>\n<h2 data-start=\"980\" data-end=\"1025\">Historia de Kratopia Super Bali Gold Kratom<\/h2>\n<p data-start=\"1027\" data-end=\"1535\">El Kratopia Super Bali Gold Kratom tiene una interesante historia que se remonta a Bali, una regi\u00f3n anta\u00f1o conocida por la exportaci\u00f3n de productos Kratom. Sin embargo, Bali no tiene \u00e1rboles aut\u00f3ctonos de Kratom. En su lugar, los comerciantes locales mezclaban hojas de diversos pa\u00edses y regiones para crear mezclas con efectos espec\u00edficos, como la relajaci\u00f3n y el alivio del dolor. La Super Bali Gold Kratom es una de estas mezclas, conocida por su capacidad para satisfacer necesidades concretas como la reducci\u00f3n del estr\u00e9s y el fomento de la sensaci\u00f3n de bienestar.<\/p>\n<p data-start=\"1537\" data-end=\"1997\">Con el tiempo, Bali se convirti\u00f3 en sin\u00f3nimo de Kratom de alta calidad, aunque en la actualidad la mayor parte del Kratom procede principalmente de Kalimantan, Indonesia, donde abundan los \u00e1rboles de Kratom. La tradici\u00f3n de seleccionar hojas y crear mezclas \u00fanicas permiti\u00f3 a Bali mantener su reputaci\u00f3n en el comercio de Kratom durante muchos a\u00f1os. Hoy en d\u00eda, la Super Bali Gold Kratom sigue siendo muy apreciada por sus efectos calmantes, y muchos usuarios conf\u00edan en ella para aliviar el estr\u00e9s y promover la relajaci\u00f3n.<\/p>\n<h2 data-start=\"1999\" data-end=\"2044\">C\u00f3mo utilizar Kratopia Super Bali Gold Kratom<\/h2>\n<p data-start=\"2046\" data-end=\"2378\">El consumo de Kratopia Super Bali Gold Kratom es sencillo y directo. El m\u00e9todo de consumo m\u00e1s habitual es prepararlo en infusi\u00f3n. Para preparar el t\u00e9, disuelva de 4 a 5 gramos de polvo de Kratom en agua caliente (70-95\u00b0C) y d\u00e9jelo reposar de 3 a 5 minutos. No es necesario filtrar el t\u00e9, ya que se puede consumir toda la mezcla.<\/p>\n<p data-start=\"2380\" data-end=\"2891\">Como con cualquier producto Kratom, es esencial comenzar con una dosis m\u00e1s baja para evaluar la respuesta de su cuerpo antes de ajustar la dosis. Para los nuevos usuarios, la dosis t\u00edpica es de 3 a 5 gramos de polvo, pero los usuarios m\u00e1s experimentados pueden encontrar que necesitan una dosis ligeramente superior para lograr los efectos deseados. Super Bali Gold Kratom se consume mejor de forma responsable y con moderaci\u00f3n, ya que las dosis m\u00e1s altas pueden conducir a efectos m\u00e1s sedantes. Aseg\u00farese siempre de seguir la dosis recomendada en funci\u00f3n de su peso corporal y sus necesidades individuales.<\/p>\n<h2 data-start=\"2893\" data-end=\"2942\">Ingredientes de Kratopia Super Bali Gold Kratom<\/h2>\n<p data-start=\"2944\" data-end=\"3394\">El ingrediente principal de Kratopia Super Bali Gold Kratom es Mitragyna speciosa, un \u00e1rbol tropical originario del sudeste asi\u00e1tico. Las hojas de este \u00e1rbol se cosechan y procesan para crear el polvo Kratom. Las diferentes cepas de Kratom son conocidas por sus perfiles \u00fanicos de alcaloides, que determinan sus efectos. La Super Bali Gold Kratom combina hojas de varias regiones para crear una mezcla equilibrada con propiedades mejoradas para levantar el \u00e1nimo y aliviar el dolor.<\/p>\n<p data-start=\"3396\" data-end=\"3882\">Esta cepa en particular es conocida por su sabor fuerte y amargo, por lo que muchos usuarios la mezclan con miel u otros edulcorantes. Mientras que la mezcla exacta de las hojas utilizadas en Super Bali Gold es propietaria, el ingrediente principal es siempre Mitragyna speciosa, una planta con siglos de uso por sus beneficios medicinales. Es importante tener en cuenta que Kratopia Super Bali Gold es un suplemento a base de hierbas y debe utilizarse con precauci\u00f3n, especialmente si usted es nuevo en Kratom o tienen condiciones de salud existentes.<\/p>\n<p data-start=\"3884\" data-end=\"3894\"><strong>Advertencia<\/strong><\/p>\n<p data-start=\"3896\" data-end=\"4243\" data-is-last-node=\"\">La venta y el uso de Kratopia Super Bali Gold Kratom est\u00e1n prohibidos a los menores de 18 a\u00f1os. Mant\u00e9ngase fuera del alcance de los ni\u00f1os. No lo utilice si tiene la tensi\u00f3n alta o baja, problemas card\u00edacos o pulmonares, diabetes, est\u00e1 embarazada o est\u00e1 tomando medicamentos, drogas o alcohol. Consulte siempre a un profesional sanitario antes de utilizar cualquier suplemento.<\/p>","protected":false},"excerpt":{"rendered":"<p>Puede que la Gold no est\u00e9 en el espectro de las variedades de kratom blanco, rojo y verde, pero es una gran mezcla de diferentes variedades de kratom que pretende mejorar la concentraci\u00f3n mientras te mantiene productivo. No olvides que todo est\u00e1 en la dosis, pero con una peque\u00f1a cantidad prep\u00e1rate para mantenerte motivado, lleno de energ\u00eda y listo para tomar el mundo por asalto. Una gran mezcla de cepas para adictos a la productividad y tipos creativos.<\/p>","protected":false},"featured_media":126049,"template":"","meta":[],"product_brand":[],"product_cat":[599,297,512,477,509,510,511,476],"product_tag":[],"class_list":{"0":"post-42176","1":"product","2":"type-product","3":"status-publish","4":"has-post-thumbnail","6":"product_cat-kratopia","7":"product_cat-all-products","8":"product_cat-extracts","9":"product_cat-herbs","10":"product_cat-kratom","11":"product_cat-relax","12":"product_cat-relax-herbs","13":"product_cat-smartshop","14":"product_shipping_class-creditcard-off","16":"first","17":"instock","18":"taxable","19":"shipping-taxable","20":"purchasable","21":"product-type-variable","22":"has-default-attributes"},"_links":{"self":[{"href":"https:\/\/www.tatanka.nl\/es\/wp-json\/wp\/v2\/product\/42176","targetHints":{"allow":["GET"]}}],"collection":[{"href":"https:\/\/www.tatanka.nl\/es\/wp-json\/wp\/v2\/product"}],"about":[{"href":"https:\/\/www.tatanka.nl\/es\/wp-json\/wp\/v2\/types\/product"}],"wp:featuredmedia":[{"embeddable":true,"href":"https:\/\/www.tatanka.nl\/es\/wp-json\/wp\/v2\/media\/126049"}],"wp:attachment":[{"href":"https:\/\/www.tatanka.nl\/es\/wp-json\/wp\/v2\/media?parent=42176"}],"wp:term":[{"taxonomy":"product_brand","embeddable":true,"href":"https:\/\/www.tatanka.nl\/es\/wp-json\/wp\/v2\/product_brand?post=42176"},{"taxonomy":"product_cat","embeddable":true,"href":"https:\/\/www.tatanka.nl\/es\/wp-json\/wp\/v2\/product_cat?post=42176"},{"taxonomy":"product_tag","embeddable":true,"href":"https:\/\/www.tatanka.nl\/es\/wp-json\/wp\/v2\/product_tag?post=42176"}],"curies":[{"name":"wp","href":"https:\/\/api.w.org\/{rel}","templated":true}]}}