{"id":42177,"date":"2022-03-08T11:57:03","date_gmt":"2022-03-08T09:57:03","guid":{"rendered":"https:\/\/www.tatanka.nl\/product\/white-bali-kratom\/"},"modified":"2025-11-18T15:37:48","modified_gmt":"2025-11-18T14:37:48","slug":"white-bali-kratom","status":"publish","type":"product","link":"https:\/\/www.tatanka.nl\/es\/white-bali-kratom\/","title":{"rendered":"White Bali Kratom"},"content":{"rendered":"<h2 data-start=\"0\" data-end=\"29\">\u00bfQu\u00e9 es White Bali Kratom?<\/h2>\n<p data-start=\"31\" data-end=\"438\">La White Bali Kratom es una cepa del \u00e1rbol Mitragyna speciosa, originario del sudeste asi\u00e1tico. Al igual que otras variedades Kratom, se deriva de las hojas del \u00e1rbol Kratom, pero sus efectos energizantes y euf\u00f3ricos \u00fanicos provienen de m\u00e9todos espec\u00edficos de cosecha y procesamiento. La White Bali Kratom es famosa por su capacidad para aumentar la energ\u00eda y mejorar el estado de \u00e1nimo, lo que la convierte en una de las variedades Kratom m\u00e1s populares en todo el mundo.<\/p>\n<p data-start=\"440\" data-end=\"824\">Los principales beneficios de White Bali Kratom incluyen la lucha contra la fatiga, la mejora de la concentraci\u00f3n y la promoci\u00f3n de una sensaci\u00f3n general de bienestar. Los usuarios informan de una mayor concentraci\u00f3n, claridad mental y aumento de la motivaci\u00f3n tras su consumo. Esta cepa est\u00e1 especialmente indicada para aquellos que buscan un impulso de energ\u00eda mental y f\u00edsica que les ayude con la productividad o para empezar el d\u00eda sinti\u00e9ndose renovados.<\/p>\n<h2 data-start=\"826\" data-end=\"857\">Historia del White Bali Kratom<\/h2>\n<p data-start=\"859\" data-end=\"1172\">El White Bali Kratom tiene sus or\u00edgenes en el sudeste asi\u00e1tico, donde ha sido utilizado durante siglos por los pueblos ind\u00edgenas para diversos fines medicinales, como el alivio del dolor, la mejora del estado de \u00e1nimo y el aumento de la energ\u00eda. Sin embargo, la White Bali Kratom se hizo especialmente popular debido a sus efectos energizantes y euforizantes \u00fanicos.<\/p>\n<p data-start=\"1174\" data-end=\"1676\">Mezcla de hojas de \u00e1rboles Kratom de Borneo, Sumatra y Bali, la White Bali Kratom se selecciona cuidadosamente en funci\u00f3n del contenido de alcaloides de las hojas. El proceso de secado, que tiene lugar en el lugar donde crecen los \u00e1rboles, desempe\u00f1a un papel crucial en la conservaci\u00f3n de la potencia de los alcaloides y en el mantenimiento de los efectos caracter\u00edsticos de la cepa. Con el tiempo, la White Bali Kratom ha ganado una gran popularidad en los mercados occidentales, especialmente entre quienes buscan un estimulante natural sin los riesgos de las alternativas sint\u00e9ticas.<\/p>\n<h2 data-start=\"1678\" data-end=\"1709\">C\u00f3mo utilizar White Bali Kratom<\/h2>\n<p data-start=\"1711\" data-end=\"2027\">La forma m\u00e1s com\u00fan y eficaz de consumir White Bali Kratom es prepar\u00e1ndolo en t\u00e9. Para prepararlo, disuelva de 4 a 5 gramos de polvo de White Bali Kratom en agua caliente (70-95\u00b0C) y d\u00e9jelo reposar de 3 a 5 minutos. Este m\u00e9todo le permite experimentar todos los efectos del Kratom mientras disfruta de una bebida calmante y sabrosa.<\/p>\n<p data-start=\"2029\" data-end=\"2296\">Para obtener los mejores resultados, se recomienda empezar con una dosis baja y aumentarla gradualmente en funci\u00f3n de la respuesta del organismo. Los efectos energizantes suelen comenzar en 15 minutos y pueden durar varias horas, dependiendo de factores como la dosis, el peso y el metabolismo.<\/p>\n<p data-start=\"2298\" data-end=\"2624\">Algunos usuarios prefieren mezclar White Bali Kratom con zumos de frutas u otras bebidas para potenciar el sabor y los efectos. Aunque el t\u00e9 es el m\u00e9todo preferido, la White Bali Kratom tambi\u00e9n puede consumirse en forma de c\u00e1psulas o a\u00f1adirse a batidos. Al igual que con todas las cepas Kratom, es importante utilizarla de forma responsable y evitar un consumo excesivo.<\/p>\n<h2 data-start=\"2626\" data-end=\"2661\">Ingredientes del White Bali Kratom<\/h2>\n<p data-start=\"2663\" data-end=\"3080\">El principal ingrediente del White Bali Kratom es la hoja en polvo del \u00e1rbol Mitragyna speciosa, recolectada de \u00e1rboles situados en Borneo, Sumatra y Bali. Estos \u00e1rboles se eligen por su alto contenido en alcaloides, que confieren al White Bali Kratom sus efectos energizantes y de mejora del estado de \u00e1nimo. Los principales compuestos activos del White Bali Kratom son la mitraginina y la 7-hidroximitraginina, que contribuyen a sus propiedades estimulantes.<\/p>\n<p data-start=\"3082\" data-end=\"3460\">Tras la cosecha, las hojas se someten a un proceso de secado que preserva el contenido de alcaloides y garantiza la potencia de la cepa. El secado se produce normalmente en el entorno natural de los \u00e1rboles, lo que ayuda a mantener la pureza de la planta. La cuidadosa selecci\u00f3n y procesamiento de la White Bali Kratom ayuda a conservar sus efectos \u00fanicos, ofreciendo a los usuarios un impulso natural de energ\u00eda y una mayor concentraci\u00f3n.<\/p>\n<p data-start=\"3462\" data-end=\"3699\">Como producto completamente natural, White Bali Kratom no contiene productos qu\u00edmicos artificiales ni aditivos, por lo que es una alternativa limpia y eficaz a otros estimulantes. Proporciona una opci\u00f3n basada en plantas para aquellos que buscan un impulso de energ\u00eda natural.<\/p>\n<p data-start=\"3701\" data-end=\"3711\"><strong>Advertencia<\/strong><\/p>\n<p data-start=\"3713\" data-end=\"4039\" data-is-last-node=\"\">Este producto no est\u00e1 destinado a menores de 18 a\u00f1os. Mant\u00e9ngase fuera del alcance de los ni\u00f1os. No lo tome si padece hipertensi\u00f3n o hipotensi\u00f3n, afecciones card\u00edacas o pulmonares, diabetes, est\u00e1 embarazada o toma medicamentos, drogas o alcohol. Consulte siempre a un profesional sanitario antes de utilizar cualquier suplemento.<\/p>","protected":false},"excerpt":{"rendered":"<p>White Bali es una variedad de kratom perfecta para los amantes de los efectos suaves y energ\u00e9ticos del kratom. Si necesitas un efecto potente, m\u00e1s fuerte que el caf\u00e9, \u00a1esta variedad es la indicada! Prep\u00e1rate para un agradable zumbido energ\u00e9tico y una mejora de la fluidez, la concentraci\u00f3n y la creatividad. El kratom White Vein perfecto para creativos y fan\u00e1ticos de la productividad.<\/p>","protected":false},"featured_media":126046,"template":"","meta":[],"product_brand":[],"product_cat":[599,297,512,477,509,510,511,476],"product_tag":[],"class_list":{"0":"post-42177","1":"product","2":"type-product","3":"status-publish","4":"has-post-thumbnail","6":"product_cat-kratopia","7":"product_cat-all-products","8":"product_cat-extracts","9":"product_cat-herbs","10":"product_cat-kratom","11":"product_cat-relax","12":"product_cat-relax-herbs","13":"product_cat-smartshop","14":"product_shipping_class-creditcard-off","16":"first","17":"instock","18":"taxable","19":"shipping-taxable","20":"purchasable","21":"product-type-variable","22":"has-default-attributes"},"_links":{"self":[{"href":"https:\/\/www.tatanka.nl\/es\/wp-json\/wp\/v2\/product\/42177","targetHints":{"allow":["GET"]}}],"collection":[{"href":"https:\/\/www.tatanka.nl\/es\/wp-json\/wp\/v2\/product"}],"about":[{"href":"https:\/\/www.tatanka.nl\/es\/wp-json\/wp\/v2\/types\/product"}],"wp:featuredmedia":[{"embeddable":true,"href":"https:\/\/www.tatanka.nl\/es\/wp-json\/wp\/v2\/media\/126046"}],"wp:attachment":[{"href":"https:\/\/www.tatanka.nl\/es\/wp-json\/wp\/v2\/media?parent=42177"}],"wp:term":[{"taxonomy":"product_brand","embeddable":true,"href":"https:\/\/www.tatanka.nl\/es\/wp-json\/wp\/v2\/product_brand?post=42177"},{"taxonomy":"product_cat","embeddable":true,"href":"https:\/\/www.tatanka.nl\/es\/wp-json\/wp\/v2\/product_cat?post=42177"},{"taxonomy":"product_tag","embeddable":true,"href":"https:\/\/www.tatanka.nl\/es\/wp-json\/wp\/v2\/product_tag?post=42177"}],"curies":[{"name":"wp","href":"https:\/\/api.w.org\/{rel}","templated":true}]}}