{"id":42179,"date":"2022-03-08T11:57:03","date_gmt":"2022-03-08T09:57:03","guid":{"rendered":"https:\/\/www.tatanka.nl\/product\/white-maeng-da-kratom\/"},"modified":"2025-11-18T15:37:47","modified_gmt":"2025-11-18T14:37:47","slug":"white-maeng-da-kratom","status":"publish","type":"product","link":"https:\/\/www.tatanka.nl\/es\/white-maeng-da-kratom\/","title":{"rendered":"White Maeng Da Kratom"},"content":{"rendered":"<h2 data-start=\"0\" data-end=\"33\">\u00bfQu\u00e9 es White Maeng Da Kratom?<\/h2>\n<p data-start=\"35\" data-end=\"597\">White Maeng Da Kratom es una conocida cepa de Kratom reconocida por sus efectos energizantes. Procedente del \u00e1rbol Mitragyna speciosa, esta cepa es especialmente potente debido a su alto contenido en alcaloides, especialmente mitraginina. Este compuesto es el principal responsable de sus efectos estimulantes y estimulantes del estado de \u00e1nimo. Las hojas se cosechan en una fase espec\u00edfica, cuando est\u00e1n parcialmente maduras, lo que garantiza una rica concentraci\u00f3n de alcaloides psicoactivos. Este m\u00e9todo \u00fanico de recolecci\u00f3n, unido a un proceso especial de secado, confiere al White Maeng Da su caracter\u00edstico color blanco.<\/p>\n<p data-start=\"599\" data-end=\"1082\">Ampliamente utilizado como estimulante energ\u00e9tico natural, el Maeng Da Blanco es una alternativa popular a la cafe\u00edna y otros estimulantes. Se sabe que mejora la atenci\u00f3n, la concentraci\u00f3n y la claridad mental, por lo que es ideal para quienes necesitan un chute extra de energ\u00eda o un impulso mental a lo largo del d\u00eda. Para obtener los mejores resultados, se suele preparar en t\u00e9, lo que permite una r\u00e1pida absorci\u00f3n de sus alcaloides. Los usuarios suelen sentir sus efectos en 15 minutos y los resultados duran varias horas.<\/p>\n<h2 data-start=\"1084\" data-end=\"1119\">Historia de White Maeng Da Kratom<\/h2>\n<p data-start=\"1121\" data-end=\"1487\">La White Maeng Da Kratom tiene sus ra\u00edces en el Sudeste Asi\u00e1tico, donde la Kratom se ha utilizado tradicionalmente con fines medicinales. El t\u00e9rmino \"Maeng Da\" se refiere a una variedad de primera calidad y cuidadosamente cultivada de Kratom, conocida por sus potentes efectos. Esta variedad se cosecha de forma que se maximiza su contenido en alcaloides, lo que la convierte en una de las variedades m\u00e1s potentes disponibles.<\/p>\n<p data-start=\"1489\" data-end=\"2046\">Cultivado originalmente en Thailandia, el Maeng Da Kratom se ha extendido a otras partes del sudeste asi\u00e1tico, haci\u00e9ndose famoso por sus propiedades vigorizantes y de mejora del estado de \u00e1nimo. Con el tiempo, la White Maeng Da Kratom gan\u00f3 popularidad en los pa\u00edses occidentales, sobre todo en Estados Unidos, donde es muy apreciada por sus efectos energizantes y de concentraci\u00f3n. En California, se suele mezclar en batidos o t\u00e9s para obtener un impulso energ\u00e9tico natural. Su exclusivo proceso de secado y su potente contenido en alcaloides la diferencian de otras cepas Kratom, contribuyendo a su atractivo mundial.<\/p>\n<h2 data-start=\"2048\" data-end=\"2083\">C\u00f3mo utilizar White Maeng Da Kratom<\/h2>\n<p data-start=\"2085\" data-end=\"2489\">La forma m\u00e1s eficaz de consumir White Maeng Da Kratom es en infusi\u00f3n. Para prepararlo, disuelva de 4 a 5 gramos de Kratom en polvo en agua caliente (entre 70 y 95 grados Celsius) y d\u00e9jelo reposar de 3 a 5 minutos. No es necesario colarlo, ya que se puede consumir toda la mezcla. Una dosis de 3 a 5 gramos proporciona efectos de leves a moderados, pero la sensibilidad individual y el peso corporal pueden requerir ajustes.<\/p>\n<p data-start=\"2491\" data-end=\"2985\">Los efectos energizantes del Maeng Da Blanco suelen tardar unos 15 minutos en notarse, aunque esto var\u00eda en funci\u00f3n de factores como la edad, la salud y el sexo. Para los nuevos usuarios, se aconseja empezar con una dosis m\u00e1s baja y aumentarla gradualmente seg\u00fan sea necesario. Algunos usuarios prefieren mezclar el polvo Kratom en batidos o licuados para mayor comodidad. Sin embargo, se recomienda precauci\u00f3n, ya que las dosis m\u00e1s altas pueden producir efectos calmantes en lugar del impulso estimulante com\u00fanmente asociado con esta cepa.<\/p>\n<h2 data-start=\"2987\" data-end=\"3026\">Ingredientes del White Maeng Da Kratom<\/h2>\n<p data-start=\"3028\" data-end=\"3372\">El White Maeng Da Kratom se compone principalmente de hojas pulverizadas del \u00e1rbol Mitragyna speciosa. Estas hojas se recolectan cuando est\u00e1n parcialmente maduras para garantizar la conservaci\u00f3n de la m\u00e1xima cantidad de alcaloides. Los alcaloides clave, incluyendo la mitraginina y la 7-hidroximitraginina, son responsables de las propiedades energizantes y de mejora del estado de \u00e1nimo de la cepa.<\/p>\n<p data-start=\"3374\" data-end=\"3738\">Tras la cosecha, las hojas se someten a un proceso especial de secado en condiciones de oscuridad para mantener la potencia de los alcaloides y conseguir el caracter\u00edstico color blanco de la cepa. No hay aditivos artificiales o productos qu\u00edmicos involucrados, por lo que White Maeng Da un suplemento totalmente natural. Esto garantiza que los usuarios experimenten todos los beneficios de los compuestos activos de la Kratom.<\/p>\n<p data-start=\"3740\" data-end=\"4036\">El alto contenido de alcaloides de la White Maeng Da la convierte en una de las variedades Kratom m\u00e1s eficaces para aumentar la energ\u00eda y mejorar la claridad mental. Cuando se utiliza de forma responsable, ofrece una alternativa natural a la cafe\u00edna y otros estimulantes sint\u00e9ticos, sin los efectos secundarios comunes asociados a ellos.<\/p>\n<p data-start=\"4038\" data-end=\"4048\"><strong>Advertencia<\/strong><\/p>\n<p data-start=\"4050\" data-end=\"4413\" data-is-last-node=\"\">La venta y el uso de White Maeng Da Kratom est\u00e1n prohibidos a los menores de 18 a\u00f1os. Mant\u00e9ngase fuera del alcance de los ni\u00f1os. Este producto no debe ser utilizado por personas con presi\u00f3n arterial alta o baja, afecciones card\u00edacas o pulmonares, diabetes, ni por mujeres embarazadas o que est\u00e9n tomando medicamentos, drogas o alcohol. Consulte siempre a un profesional sanitario antes de utilizarlo.<\/p>","protected":false},"excerpt":{"rendered":"<p>White Maeng Da es una gran cepa de kratom White Vein que es perfecta para aquellos que buscan m\u00e1s motivaci\u00f3n y un gran impulso de energ\u00eda. Cuando hay que trabajar y el caf\u00e9 no es suficiente, algunos consideran que esta cepa es una peque\u00f1a pero potente inyecci\u00f3n de energ\u00eda. Muchos usuarios afirman que mejora la concentraci\u00f3n y la facilidad de pensamiento, \u00a1por lo que es una variedad de kratom perfecta para el d\u00eda!<\/p>","protected":false},"featured_media":126039,"template":"","meta":[],"product_brand":[],"product_cat":[599,297,512,477,509,510,511,476],"product_tag":[],"class_list":{"0":"post-42179","1":"product","2":"type-product","3":"status-publish","4":"has-post-thumbnail","6":"product_cat-kratopia","7":"product_cat-all-products","8":"product_cat-extracts","9":"product_cat-herbs","10":"product_cat-kratom","11":"product_cat-relax","12":"product_cat-relax-herbs","13":"product_cat-smartshop","14":"product_shipping_class-creditcard-off","16":"first","17":"instock","18":"taxable","19":"shipping-taxable","20":"purchasable","21":"product-type-variable","22":"has-default-attributes"},"_links":{"self":[{"href":"https:\/\/www.tatanka.nl\/es\/wp-json\/wp\/v2\/product\/42179","targetHints":{"allow":["GET"]}}],"collection":[{"href":"https:\/\/www.tatanka.nl\/es\/wp-json\/wp\/v2\/product"}],"about":[{"href":"https:\/\/www.tatanka.nl\/es\/wp-json\/wp\/v2\/types\/product"}],"wp:featuredmedia":[{"embeddable":true,"href":"https:\/\/www.tatanka.nl\/es\/wp-json\/wp\/v2\/media\/126039"}],"wp:attachment":[{"href":"https:\/\/www.tatanka.nl\/es\/wp-json\/wp\/v2\/media?parent=42179"}],"wp:term":[{"taxonomy":"product_brand","embeddable":true,"href":"https:\/\/www.tatanka.nl\/es\/wp-json\/wp\/v2\/product_brand?post=42179"},{"taxonomy":"product_cat","embeddable":true,"href":"https:\/\/www.tatanka.nl\/es\/wp-json\/wp\/v2\/product_cat?post=42179"},{"taxonomy":"product_tag","embeddable":true,"href":"https:\/\/www.tatanka.nl\/es\/wp-json\/wp\/v2\/product_tag?post=42179"}],"curies":[{"name":"wp","href":"https:\/\/api.w.org\/{rel}","templated":true}]}}